{"id":1273,"date":"2013-09-12T07:49:09","date_gmt":"2013-09-12T07:49:09","guid":{"rendered":"http:\/\/www.zoppasindustries.com\/?page_id=1273"},"modified":"2025-12-15T10:23:18","modified_gmt":"2025-12-15T08:23:18","slug":"certificazioni","status":"publish","type":"page","link":"https:\/\/zoppasindustries.com\/de\/zertifizierungen-old\/","title":{"rendered":"Zertifizierungen f\u00fcr Umwelt, Qualit\u00e4t, Arbeitssicherheit, Informationssicherheit."},"content":{"rendered":"<p><\/p>\n<table class=\"download__table--responsive\" style=\"max-width: 700px;\">\n<tbody>\n<tr>\n<td style=\"text-align: left;\">QUALIT\u00c4T: Zertifikat ISO TS 16949 IRCA SpA<\/td>\n<td style=\"text-align: center;\"><a href=\"https:\/\/zoppasindustries.com\/wp-content\/uploads\/2024\/09\/IATF-16949-IRCA-9136.IRC9_2027.09.01-1.pdf\" target=\"_blank\" rel=\"noopener\"><img loading=\"lazy\" decoding=\"async\" class=\"alignnone\" title=\"download\" src=\"\/wp-content\/uploads\/2014\/06\/ico-pdf.png\" alt=\"download\" width=\"34\" height=\"44\" \/><\/a><\/td>\n<\/tr>\n<tr>\n<td style=\"text-align: left;\">ENERGIE: Zertifikat ISO 50001 IRCA SpA<\/td>\n<td style=\"text-align: center;\"><a href=\"https:\/\/zoppasindustries.com\/wp-content\/uploads\/2025\/10\/Certificato_9196.IRC8_ITEN-4.pdf\" target=\"_blank\" rel=\"noopener\"><img loading=\"lazy\" decoding=\"async\" class=\"alignnone\" title=\"download\" src=\"\/wp-content\/uploads\/2014\/06\/ico-pdf.png\" alt=\"download\" width=\"34\" height=\"44\" \/><\/a><\/td>\n<\/tr>\n<tr>\n<td style=\"text-align: left;\">QUALIT\u00c4T: ATEX-Qualit\u00e4tssicherungsbenachrichtigung IRCA SpA<\/td>\n<td style=\"text-align: center;\"><a href=\"https:\/\/zoppasindustries.com\/wp-content\/uploads\/2025\/05\/ISO-IEC-80079-34-QAN-IRCA-04-CESI-ATEX-015Q-ENG_2028.01.31-1.pdf\" target=\"_blank\" rel=\"noopener\"><img loading=\"lazy\" decoding=\"async\" class=\"alignnone\" title=\"download\" src=\"\/wp-content\/uploads\/2014\/06\/ico-pdf.png\" alt=\"download\" width=\"34\" height=\"44\" \/><\/a><\/td>\n<\/tr>\n<tr>\n<td style=\"text-align: left;\">SICHERHEIT AM ARBEITSPLATZ: Validierungsbest\u00e4tigung SGSL (UNI \u2013 INAIL) IRCA SpA<\/td>\n<td style=\"text-align: center;\"><a href=\"https:\/\/zoppasindustries.com\/wp-content\/uploads\/2025\/05\/2025.Attestato-Validazione-SGSL-UNI-INAIL.pdf\" target=\"_blank\" rel=\"noopener\"><img loading=\"lazy\" decoding=\"async\" class=\"alignnone wp-image-5121 size-full\" title=\"download\" src=\"https:\/\/zoppasindustries.com\/wp-content\/uploads\/2014\/06\/ico-pdf.png\" alt=\"download\" width=\"34\" height=\"44\" \/><\/a><\/td>\n<\/tr>\n<tr>\n<td style=\"text-align: left;\">QUALIT\u00c4T: Zertifikat EN 15085-2 IRCA SpA<\/td>\n<td style=\"text-align: center;\"><a href=\"https:\/\/zoppasindustries.com\/wp-content\/uploads\/2025\/02\/EN-15085-2-IRCA-12-054_2027.12.05.pdf\" target=\"_blank\" rel=\"noopener\"><img loading=\"lazy\" decoding=\"async\" class=\"alignnone wp-image-5121 size-full\" title=\"download\" src=\"https:\/\/zoppasindustries.com\/wp-content\/uploads\/2014\/06\/ico-pdf.png\" alt=\"download\" width=\"34\" height=\"44\" \/><\/a><\/td>\n<\/tr>\n<tr>\n<td style=\"text-align: left;\">QUALIT\u00c4T: Zertifikat ISO 3834-3 IRCA SpA<\/td>\n<td style=\"text-align: center;\"><a href=\"https:\/\/zoppasindustries.com\/wp-content\/uploads\/2025\/02\/ISO-3834-3-IRCA-12-055_2027.12.05.pdf\" target=\"_blank\" rel=\"noopener\"><img loading=\"lazy\" decoding=\"async\" class=\"alignnone wp-image-5121 size-full\" title=\"download\" src=\"\/wp-content\/uploads\/2014\/06\/ico-pdf.png\" alt=\"download\" width=\"34\" height=\"44\" \/><\/a><\/td>\n<\/tr>\n<tr>\n<td style=\"text-align: left;\">QUALIT\u00c4T: Zertifikat ISO 9001:2015 IRCA Spa<\/td>\n<td style=\"text-align: center;\"><a href=\"https:\/\/zoppasindustries.com\/wp-content\/uploads\/2024\/08\/ISO-9001-IRCA-FM-11235_2027.07.31-1.pdf\" target=\"_blank\" rel=\"noopener\"><img loading=\"lazy\" decoding=\"async\" class=\"alignnone wp-image-5121 size-full\" title=\"download\" src=\"\/wp-content\/uploads\/2014\/06\/ico-pdf.png\" alt=\"download\" width=\"34\" height=\"44\" \/><\/a><\/td>\n<\/tr>\n<tr>\n<td style=\"text-align: left;\">\u00a0QUALIT\u00c4T: Zertifikat EN 9100 IRCA Spa<\/td>\n<td style=\"text-align: center;\"><a href=\"https:\/\/zoppasindustries.com\/wp-content\/uploads\/2024\/08\/EN-9100-IRCA-0028499_2027.08.01.pdf\" target=\"_blank\" rel=\"noopener\"><img loading=\"lazy\" decoding=\"async\" class=\"alignnone wp-image-5121 size-full\" title=\"download\" src=\"\/wp-content\/uploads\/2014\/06\/ico-pdf.png\" alt=\"download\" width=\"34\" height=\"44\" \/><\/a><\/td>\n<\/tr>\n<tr>\n<td style=\"text-align: left;\">UMWELT: Zertifikat ISO 14001_2015 IRCA SpA<\/td>\n<td style=\"text-align: center;\"><a href=\"https:\/\/zoppasindustries.com\/wp-content\/uploads\/2024\/04\/Certificato_9191.IRCR_EN-1.pdf\" target=\"_blank\" rel=\"noopener\"><img loading=\"lazy\" decoding=\"async\" class=\"alignnone wp-image-5121 size-full\" title=\"download\" src=\"https:\/\/zoppasindustries.com\/wp-content\/uploads\/2014\/06\/ico-pdf.png\" alt=\"download\" width=\"34\" height=\"44\" \/><\/a><\/td>\n<\/tr>\n<tr>\n<td style=\"text-align: left;\">ZERTIFIKAT ESA\u00a0n. 330<\/td>\n<td style=\"text-align: center;\"><a href=\"https:\/\/zoppasindustries.com\/wp-content\/uploads\/2025\/01\/ESA-IRCA-330E_2025.11.01-1.pdf\" target=\"_blank\" rel=\"noopener\"><img loading=\"lazy\" decoding=\"async\" class=\"alignnone wp-image-5121 size-full\" title=\"download\" src=\"\/wp-content\/uploads\/2014\/06\/ico-pdf.png\" alt=\"download\" width=\"34\" height=\"44\" \/><\/a><\/td>\n<\/tr>\n<tr>\n<td style=\"text-align: left;\">ZERTIFIKAT ESA\u00a0n. 184<\/td>\n<td style=\"text-align: center;\"><a href=\"https:\/\/zoppasindustries.com\/wp-content\/uploads\/2025\/01\/ESA-IRCA-184Q_2025.11.01-1.pdf\" target=\"_blank\" rel=\"noopener\"><img loading=\"lazy\" decoding=\"async\" class=\"alignnone wp-image-5121 size-full\" title=\"download\" src=\"\/wp-content\/uploads\/2014\/06\/ico-pdf.png\" alt=\"download\" width=\"34\" height=\"44\" \/><\/a><\/td>\n<\/tr>\n<tr>\n<td style=\"text-align: left;\">Zugelassene Wirtschaftsbeteiligte AEOC<\/td>\n<td style=\"text-align: center;\"><a href=\"\/wp-content\/uploads\/2017\/08\/19938.pdf\" target=\"_blank\" rel=\"noopener\"><br \/>\n<img loading=\"lazy\" decoding=\"async\" class=\"alignnone wp-image-5121 \" title=\"download\" src=\"\/wp-content\/uploads\/2014\/06\/ico-pdf.png\" alt=\"download\" width=\"34\" height=\"44\" \/><br \/>\n<\/a><\/td>\n<\/tr>\n<tr>\n<td style=\"text-align: left;\">INFORMATIONSSICHERHEIT: TISAX Evaluierung IRCA SpA<\/td>\n<td style=\"text-align: center;\"><a href=\"https:\/\/zoppasindustries.com\/wp-content\/uploads\/2025\/02\/Scope-SK667N-decorative-assessment-document-1.pdf\"><img loading=\"lazy\" decoding=\"async\" class=\"alignnone\" title=\"download\" src=\"\/wp-content\/uploads\/2014\/06\/ico-pdf.png\" alt=\"download\" width=\"34\" height=\"44\" \/><\/a><\/td>\n<\/tr>\n<\/tbody>\n<\/table>\n<p><\/p>","protected":false},"excerpt":{"rendered":"<p>QUALIT\u00c4T: Zertifikat ISO TS 16949 IRCA SpA ENERGIE: Zertifikat ISO 50001 IRCA SpA QUALIT\u00c4T: ATEX-Qualit\u00e4tssicherungsbenachrichtigung IRCA SpA SICHERHEIT AM ARBEITSPLATZ: Validierungsbest\u00e4tigung SGSL (UNI \u2013 INAIL) IRCA SpA QUALIT\u00c4T: [&hellip;]<\/p>\n","protected":false},"author":1,"featured_media":0,"parent":0,"menu_order":0,"comment_status":"open","ping_status":"closed","template":"","meta":{"_acf_changed":false,"inline_featured_image":false,"footnotes":""},"class_list":["post-1273","page","type-page","status-publish","hentry"],"acf":[],"yoast_head":"<!-- This site is optimized with the Yoast SEO plugin v27.2 - https:\/\/yoast.com\/product\/yoast-seo-wordpress\/ -->\n<title>Zertifizierungen f\u00fcr Umwelt, Qualit\u00e4t, Arbeitssicherheit, Informationssicherheit. - Zoppas Industries<\/title>\n<meta name=\"description\" content=\"Erfahren Sie mehr \u00fcberZertifizierungen f\u00fcr Umwelt, Qualit\u00e4t, Arbeitssicherheit. Erfahren Sie mehr!auf der Website Zoppas Industries\" \/>\n<meta name=\"robots\" content=\"index, follow, max-snippet:-1, max-image-preview:large, max-video-preview:-1\" \/>\n<meta property=\"og:locale\" content=\"de_DE\" \/>\n<meta property=\"og:type\" content=\"article\" \/>\n<meta property=\"og:title\" content=\"Zertifizierungen f\u00fcr Umwelt, Qualit\u00e4t, Arbeitssicherheit, Informationssicherheit. - Zoppas Industries\" \/>\n<meta property=\"og:description\" content=\"Erfahren Sie mehr \u00fcberZertifizierungen f\u00fcr Umwelt, Qualit\u00e4t, Arbeitssicherheit. Erfahren Sie mehr!auf der Website Zoppas Industries\" \/>\n<meta property=\"og:url\" content=\"https:\/\/zoppasindustries.com\/de\/certificazioni-old\/\" \/>\n<meta property=\"og:site_name\" content=\"Zoppas Industries\" \/>\n<meta property=\"article:modified_time\" content=\"2025-12-15T08:23:18+00:00\" \/>\n<meta property=\"og:image\" content=\"https:\/\/zoppasindustries.com\/wp-content\/uploads\/2014\/06\/ico-pdf.png\" \/>\n<meta name=\"twitter:card\" content=\"summary_large_image\" \/>\n<meta name=\"twitter:label1\" content=\"Gesch\u00e4tzte Lesezeit\" \/>\n\t<meta name=\"twitter:data1\" content=\"3\u00a0Minuten\" \/>\n<script type=\"application\/ld+json\" class=\"yoast-schema-graph\">{\"@context\":\"https:\/\/schema.org\",\"@graph\":[{\"@type\":\"WebPage\",\"@id\":\"https:\/\/zoppasindustries.com\/de\/certificazioni-old\/\",\"url\":\"https:\/\/zoppasindustries.com\/de\/certificazioni-old\/\",\"name\":\"Zertifizierungen f\u00fcr Umwelt, Qualit\u00e4t, Arbeitssicherheit, Informationssicherheit. - Zoppas Industries\",\"isPartOf\":{\"@id\":\"https:\/\/zoppasindustries.com\/de\/#website\"},\"primaryImageOfPage\":{\"@id\":\"https:\/\/zoppasindustries.com\/de\/certificazioni-old\/#primaryimage\"},\"image\":{\"@id\":\"https:\/\/zoppasindustries.com\/it\/certificazioni-old\/#primaryimage\"},\"thumbnailUrl\":\"https:\/\/zoppasindustries.com\/wp-content\/uploads\/2014\/06\/ico-pdf.png\",\"datePublished\":\"2013-09-12T07:49:09+00:00\",\"dateModified\":\"2025-12-15T08:23:18+00:00\",\"description\":\"Erfahren Sie mehr \u00fcberZertifizierungen f\u00fcr Umwelt, Qualit\u00e4t, Arbeitssicherheit. Erfahren Sie mehr!auf der Website Zoppas Industries\",\"breadcrumb\":{\"@id\":\"https:\/\/zoppasindustries.com\/de\/certificazioni-old\/#breadcrumb\"},\"inLanguage\":\"de\",\"potentialAction\":[{\"@type\":\"ReadAction\",\"target\":[[\"https:\/\/zoppasindustries.com\/de\/certificazioni-old\/\"]]}]},{\"@type\":\"ImageObject\",\"inLanguage\":\"de\",\"@id\":\"https:\/\/zoppasindustries.com\/de\/certificazioni-old\/#primaryimage\",\"url\":\"https:\/\/zoppasindustries.com\/wp-content\/uploads\/2014\/06\/ico-pdf.png\",\"contentUrl\":\"https:\/\/zoppasindustries.com\/wp-content\/uploads\/2014\/06\/ico-pdf.png\"},{\"@type\":\"BreadcrumbList\",\"@id\":\"https:\/\/zoppasindustries.com\/de\/certificazioni-old\/#breadcrumb\",\"itemListElement\":[{\"@type\":\"ListItem\",\"position\":1,\"name\":\"Home\",\"item\":\"https:\/\/zoppasindustries.com\/de\/\"},{\"@type\":\"ListItem\",\"position\":2,\"name\":\"Certificazioni su Ambiente, Qualit\u00e0, Sicurezza sul lavoro, Sicurezza delle informazioni\"}]},{\"@type\":\"WebSite\",\"@id\":\"https:\/\/zoppasindustries.com\/de\/#website\",\"url\":\"https:\/\/zoppasindustries.com\/de\/\",\"name\":\"Zoppas Industries\",\"description\":\"\",\"potentialAction\":[{\"@type\":\"SearchAction\",\"target\":{\"@type\":\"EntryPoint\",\"urlTemplate\":\"https:\/\/zoppasindustries.com\/de\/?s={search_term_string}\"},\"query-input\":{\"@type\":\"PropertyValueSpecification\",\"valueRequired\":true,\"valueName\":\"search_term_string\"}}],\"inLanguage\":\"de\"}]}<\/script>\n<!-- \/ Yoast SEO plugin. -->","yoast_head_json":{"title":"Zertifizierungen f\u00fcr Umwelt, Qualit\u00e4t, Arbeitssicherheit, Informationssicherheit. - Zoppas Industries","description":"Erfahren Sie mehr \u00fcberZertifizierungen f\u00fcr Umwelt, Qualit\u00e4t, Arbeitssicherheit. Erfahren Sie mehr!auf der Website Zoppas Industries","robots":{"index":"index","follow":"follow","max-snippet":"max-snippet:-1","max-image-preview":"max-image-preview:large","max-video-preview":"max-video-preview:-1"},"og_locale":"de_DE","og_type":"article","og_title":"Zertifizierungen f\u00fcr Umwelt, Qualit\u00e4t, Arbeitssicherheit, Informationssicherheit. - Zoppas Industries","og_description":"Erfahren Sie mehr \u00fcberZertifizierungen f\u00fcr Umwelt, Qualit\u00e4t, Arbeitssicherheit. Erfahren Sie mehr!auf der Website Zoppas Industries","og_url":"https:\/\/zoppasindustries.com\/de\/certificazioni-old\/","og_site_name":"Zoppas Industries","article_modified_time":"2025-12-15T08:23:18+00:00","og_image":[{"url":"https:\/\/zoppasindustries.com\/wp-content\/uploads\/2014\/06\/ico-pdf.png","type":"","width":"","height":""}],"twitter_card":"summary_large_image","twitter_misc":{"Gesch\u00e4tzte Lesezeit":"3\u00a0Minuten"},"schema":{"@context":"https:\/\/schema.org","@graph":[{"@type":"WebPage","@id":"https:\/\/zoppasindustries.com\/de\/certificazioni-old\/","url":"https:\/\/zoppasindustries.com\/de\/certificazioni-old\/","name":"Zertifizierungen f\u00fcr Umwelt, Qualit\u00e4t, Arbeitssicherheit, Informationssicherheit. - Zoppas Industries","isPartOf":{"@id":"https:\/\/zoppasindustries.com\/de\/#website"},"primaryImageOfPage":{"@id":"https:\/\/zoppasindustries.com\/de\/certificazioni-old\/#primaryimage"},"image":{"@id":"https:\/\/zoppasindustries.com\/it\/certificazioni-old\/#primaryimage"},"thumbnailUrl":"https:\/\/zoppasindustries.com\/wp-content\/uploads\/2014\/06\/ico-pdf.png","datePublished":"2013-09-12T07:49:09+00:00","dateModified":"2025-12-15T08:23:18+00:00","description":"Erfahren Sie mehr \u00fcberZertifizierungen f\u00fcr Umwelt, Qualit\u00e4t, Arbeitssicherheit. Erfahren Sie mehr!auf der Website Zoppas Industries","breadcrumb":{"@id":"https:\/\/zoppasindustries.com\/de\/certificazioni-old\/#breadcrumb"},"inLanguage":"de","potentialAction":[{"@type":"ReadAction","target":[["https:\/\/zoppasindustries.com\/de\/certificazioni-old\/"]]}]},{"@type":"ImageObject","inLanguage":"de","@id":"https:\/\/zoppasindustries.com\/de\/certificazioni-old\/#primaryimage","url":"https:\/\/zoppasindustries.com\/wp-content\/uploads\/2014\/06\/ico-pdf.png","contentUrl":"https:\/\/zoppasindustries.com\/wp-content\/uploads\/2014\/06\/ico-pdf.png"},{"@type":"BreadcrumbList","@id":"https:\/\/zoppasindustries.com\/de\/certificazioni-old\/#breadcrumb","itemListElement":[{"@type":"ListItem","position":1,"name":"Home","item":"https:\/\/zoppasindustries.com\/de\/"},{"@type":"ListItem","position":2,"name":"Certificazioni su Ambiente, Qualit\u00e0, Sicurezza sul lavoro, Sicurezza delle informazioni"}]},{"@type":"WebSite","@id":"https:\/\/zoppasindustries.com\/de\/#website","url":"https:\/\/zoppasindustries.com\/de\/","name":"Zoppas Industries","description":"","potentialAction":[{"@type":"SearchAction","target":{"@type":"EntryPoint","urlTemplate":"https:\/\/zoppasindustries.com\/de\/?s={search_term_string}"},"query-input":{"@type":"PropertyValueSpecification","valueRequired":true,"valueName":"search_term_string"}}],"inLanguage":"de"}]}},"_links":{"self":[{"href":"https:\/\/zoppasindustries.com\/de\/wp-json\/wp\/v2\/pages\/1273","targetHints":{"allow":["GET"]}}],"collection":[{"href":"https:\/\/zoppasindustries.com\/de\/wp-json\/wp\/v2\/pages"}],"about":[{"href":"https:\/\/zoppasindustries.com\/de\/wp-json\/wp\/v2\/types\/page"}],"author":[{"embeddable":true,"href":"https:\/\/zoppasindustries.com\/de\/wp-json\/wp\/v2\/users\/1"}],"replies":[{"embeddable":true,"href":"https:\/\/zoppasindustries.com\/de\/wp-json\/wp\/v2\/comments?post=1273"}],"version-history":[{"count":142,"href":"https:\/\/zoppasindustries.com\/de\/wp-json\/wp\/v2\/pages\/1273\/revisions"}],"predecessor-version":[{"id":25221,"href":"https:\/\/zoppasindustries.com\/de\/wp-json\/wp\/v2\/pages\/1273\/revisions\/25221"}],"wp:attachment":[{"href":"https:\/\/zoppasindustries.com\/de\/wp-json\/wp\/v2\/media?parent=1273"}],"curies":[{"name":"wp","href":"https:\/\/api.w.org\/{rel}","templated":true}]}}