{"id":18016,"date":"2022-11-30T10:29:07","date_gmt":"2022-11-30T10:29:07","guid":{"rendered":"https:\/\/zoppasindustries.com\/en\/home-new-it-copy-copy-copy-2-copy\/"},"modified":"2025-03-14T12:37:46","modified_gmt":"2025-03-14T10:37:46","slug":"medical","status":"publish","type":"page","link":"https:\/\/zoppasindustries.com\/de\/medical\/","title":{"rendered":"Heizsysteme f\u00fcr den medizinischen Bereich"},"content":{"rendered":"","protected":false},"excerpt":{"rendered":"","protected":false},"author":15,"featured_media":0,"parent":0,"menu_order":0,"comment_status":"closed","ping_status":"closed","template":"flexible-content.php","meta":{"_acf_changed":false,"inline_featured_image":false,"footnotes":""},"class_list":["post-18016","page","type-page","status-publish","hentry"],"acf":[],"yoast_head":"<!-- This site is optimized with the Yoast SEO plugin v27.2 - https:\/\/yoast.com\/product\/yoast-seo-wordpress\/ -->\n<title>Heizsysteme f\u00fcr den medizinischen Bereich - Zoppas Industries<\/title>\n<meta name=\"description\" content=\"Heizsysteme f\u00fcr den medizinischen Bereich. Zuverl\u00e4ssige W\u00e4rmel\u00f6sungen f\u00fcr medizinische Ger\u00e4te und Ausr\u00fcstungen.\" \/>\n<meta name=\"robots\" content=\"index, follow, max-snippet:-1, max-image-preview:large, max-video-preview:-1\" \/>\n<meta property=\"og:locale\" content=\"de_DE\" \/>\n<meta property=\"og:type\" content=\"article\" \/>\n<meta property=\"og:title\" content=\"Heizsysteme f\u00fcr den medizinischen Bereich - Zoppas Industries\" \/>\n<meta property=\"og:description\" content=\"Heizsysteme f\u00fcr den medizinischen Bereich. Zuverl\u00e4ssige W\u00e4rmel\u00f6sungen f\u00fcr medizinische Ger\u00e4te und Ausr\u00fcstungen.\" \/>\n<meta property=\"og:url\" content=\"https:\/\/zoppasindustries.com\/de\/medical\/\" \/>\n<meta property=\"og:site_name\" content=\"Zoppas Industries\" \/>\n<meta property=\"article:modified_time\" content=\"2025-03-14T10:37:46+00:00\" \/>\n<meta name=\"twitter:card\" content=\"summary_large_image\" \/>\n<script type=\"application\/ld+json\" class=\"yoast-schema-graph\">{\"@context\":\"https:\/\/schema.org\",\"@graph\":[{\"@type\":\"WebPage\",\"@id\":\"https:\/\/zoppasindustries.com\/de\/medical\/\",\"url\":\"https:\/\/zoppasindustries.com\/de\/medical\/\",\"name\":\"Heizsysteme f\u00fcr den medizinischen Bereich - Zoppas Industries\",\"isPartOf\":{\"@id\":\"https:\/\/zoppasindustries.com\/de\/#website\"},\"datePublished\":\"2022-11-30T10:29:07+00:00\",\"dateModified\":\"2025-03-14T10:37:46+00:00\",\"description\":\"Heizsysteme f\u00fcr den medizinischen Bereich. Zuverl\u00e4ssige W\u00e4rmel\u00f6sungen f\u00fcr medizinische Ger\u00e4te und Ausr\u00fcstungen.\",\"breadcrumb\":{\"@id\":\"https:\/\/zoppasindustries.com\/de\/medical\/#breadcrumb\"},\"inLanguage\":\"de\",\"potentialAction\":[{\"@type\":\"ReadAction\",\"target\":[[\"https:\/\/zoppasindustries.com\/de\/medical\/\"]]}]},{\"@type\":\"BreadcrumbList\",\"@id\":\"https:\/\/zoppasindustries.com\/de\/medical\/#breadcrumb\",\"itemListElement\":[{\"@type\":\"ListItem\",\"position\":1,\"name\":\"Home\",\"item\":\"https:\/\/zoppasindustries.com\/de\/\"},{\"@type\":\"ListItem\",\"position\":2,\"name\":\"Sistemi di riscaldamento per il settore medico\"}]},{\"@type\":\"WebSite\",\"@id\":\"https:\/\/zoppasindustries.com\/de\/#website\",\"url\":\"https:\/\/zoppasindustries.com\/de\/\",\"name\":\"Zoppas Industries\",\"description\":\"\",\"potentialAction\":[{\"@type\":\"SearchAction\",\"target\":{\"@type\":\"EntryPoint\",\"urlTemplate\":\"https:\/\/zoppasindustries.com\/de\/?s={search_term_string}\"},\"query-input\":{\"@type\":\"PropertyValueSpecification\",\"valueRequired\":true,\"valueName\":\"search_term_string\"}}],\"inLanguage\":\"de\"}]}<\/script>\n<!-- \/ Yoast SEO plugin. -->","yoast_head_json":{"title":"Heizsysteme f\u00fcr den medizinischen Bereich - Zoppas Industries","description":"Heizsysteme f\u00fcr den medizinischen Bereich. Zuverl\u00e4ssige W\u00e4rmel\u00f6sungen f\u00fcr medizinische Ger\u00e4te und Ausr\u00fcstungen.","robots":{"index":"index","follow":"follow","max-snippet":"max-snippet:-1","max-image-preview":"max-image-preview:large","max-video-preview":"max-video-preview:-1"},"og_locale":"de_DE","og_type":"article","og_title":"Heizsysteme f\u00fcr den medizinischen Bereich - Zoppas Industries","og_description":"Heizsysteme f\u00fcr den medizinischen Bereich. Zuverl\u00e4ssige W\u00e4rmel\u00f6sungen f\u00fcr medizinische Ger\u00e4te und Ausr\u00fcstungen.","og_url":"https:\/\/zoppasindustries.com\/de\/medical\/","og_site_name":"Zoppas Industries","article_modified_time":"2025-03-14T10:37:46+00:00","twitter_card":"summary_large_image","schema":{"@context":"https:\/\/schema.org","@graph":[{"@type":"WebPage","@id":"https:\/\/zoppasindustries.com\/de\/medical\/","url":"https:\/\/zoppasindustries.com\/de\/medical\/","name":"Heizsysteme f\u00fcr den medizinischen Bereich - Zoppas Industries","isPartOf":{"@id":"https:\/\/zoppasindustries.com\/de\/#website"},"datePublished":"2022-11-30T10:29:07+00:00","dateModified":"2025-03-14T10:37:46+00:00","description":"Heizsysteme f\u00fcr den medizinischen Bereich. Zuverl\u00e4ssige W\u00e4rmel\u00f6sungen f\u00fcr medizinische Ger\u00e4te und Ausr\u00fcstungen.","breadcrumb":{"@id":"https:\/\/zoppasindustries.com\/de\/medical\/#breadcrumb"},"inLanguage":"de","potentialAction":[{"@type":"ReadAction","target":[["https:\/\/zoppasindustries.com\/de\/medical\/"]]}]},{"@type":"BreadcrumbList","@id":"https:\/\/zoppasindustries.com\/de\/medical\/#breadcrumb","itemListElement":[{"@type":"ListItem","position":1,"name":"Home","item":"https:\/\/zoppasindustries.com\/de\/"},{"@type":"ListItem","position":2,"name":"Sistemi di riscaldamento per il settore medico"}]},{"@type":"WebSite","@id":"https:\/\/zoppasindustries.com\/de\/#website","url":"https:\/\/zoppasindustries.com\/de\/","name":"Zoppas Industries","description":"","potentialAction":[{"@type":"SearchAction","target":{"@type":"EntryPoint","urlTemplate":"https:\/\/zoppasindustries.com\/de\/?s={search_term_string}"},"query-input":{"@type":"PropertyValueSpecification","valueRequired":true,"valueName":"search_term_string"}}],"inLanguage":"de"}]}},"_links":{"self":[{"href":"https:\/\/zoppasindustries.com\/de\/wp-json\/wp\/v2\/pages\/18016","targetHints":{"allow":["GET"]}}],"collection":[{"href":"https:\/\/zoppasindustries.com\/de\/wp-json\/wp\/v2\/pages"}],"about":[{"href":"https:\/\/zoppasindustries.com\/de\/wp-json\/wp\/v2\/types\/page"}],"author":[{"embeddable":true,"href":"https:\/\/zoppasindustries.com\/de\/wp-json\/wp\/v2\/users\/15"}],"replies":[{"embeddable":true,"href":"https:\/\/zoppasindustries.com\/de\/wp-json\/wp\/v2\/comments?post=18016"}],"version-history":[{"count":29,"href":"https:\/\/zoppasindustries.com\/de\/wp-json\/wp\/v2\/pages\/18016\/revisions"}],"predecessor-version":[{"id":23192,"href":"https:\/\/zoppasindustries.com\/de\/wp-json\/wp\/v2\/pages\/18016\/revisions\/23192"}],"wp:attachment":[{"href":"https:\/\/zoppasindustries.com\/de\/wp-json\/wp\/v2\/media?parent=18016"}],"curies":[{"name":"wp","href":"https:\/\/api.w.org\/{rel}","templated":true}]}}