{"id":19085,"date":"2023-01-19T09:23:49","date_gmt":"2023-01-19T09:23:49","guid":{"rendered":"https:\/\/zoppasindustries.com\/it\/?page_id=15722"},"modified":"2026-03-31T15:51:08","modified_gmt":"2026-03-31T13:51:08","slug":"domestic-heating","status":"publish","type":"page","link":"https:\/\/zoppasindustries.com\/de\/heizelemente-fur-mehr-wohnkomfort-2\/","title":{"rendered":"Heizungsanlagen"},"content":{"rendered":"","protected":false},"excerpt":{"rendered":"","protected":false},"author":10,"featured_media":0,"parent":0,"menu_order":0,"comment_status":"closed","ping_status":"closed","template":"flexible-content.php","meta":{"_acf_changed":false,"inline_featured_image":false,"footnotes":""},"class_list":["post-19085","page","type-page","status-publish","hentry"],"acf":[],"yoast_head":"<!-- This site is optimized with the Yoast SEO plugin v27.2 - https:\/\/yoast.com\/product\/yoast-seo-wordpress\/ -->\n<title>Heizungsanlagen - Zoppas Industries<\/title>\n<meta name=\"description\" content=\"Heizsysteme f\u00fcr den Wohnbereich f\u00fcr optimalen Komfort. Effiziente elektrische Heizl\u00f6sungen f\u00fcr jeden Raum.\" \/>\n<meta name=\"robots\" content=\"index, follow, max-snippet:-1, max-image-preview:large, max-video-preview:-1\" \/>\n<meta property=\"og:locale\" content=\"de_DE\" \/>\n<meta property=\"og:type\" content=\"article\" \/>\n<meta property=\"og:title\" content=\"Heizungsanlagen - Zoppas Industries\" \/>\n<meta property=\"og:description\" content=\"Heizsysteme f\u00fcr den Wohnbereich f\u00fcr optimalen Komfort. Effiziente elektrische Heizl\u00f6sungen f\u00fcr jeden Raum.\" \/>\n<meta property=\"og:url\" content=\"https:\/\/zoppasindustries.com\/de\/resistenze-comfort-domestico-2\/\" \/>\n<meta property=\"og:site_name\" content=\"Zoppas Industries\" \/>\n<meta property=\"article:modified_time\" content=\"2026-03-31T13:51:08+00:00\" \/>\n<meta name=\"twitter:card\" content=\"summary_large_image\" \/>\n<script type=\"application\/ld+json\" class=\"yoast-schema-graph\">{\"@context\":\"https:\/\/schema.org\",\"@graph\":[{\"@type\":\"WebPage\",\"@id\":\"https:\/\/zoppasindustries.com\/de\/resistenze-comfort-domestico-2\/\",\"url\":\"https:\/\/zoppasindustries.com\/de\/resistenze-comfort-domestico-2\/\",\"name\":\"Heizungsanlagen - Zoppas Industries\",\"isPartOf\":{\"@id\":\"https:\/\/zoppasindustries.com\/de\/#website\"},\"datePublished\":\"2023-01-19T09:23:49+00:00\",\"dateModified\":\"2026-03-31T13:51:08+00:00\",\"description\":\"Heizsysteme f\u00fcr den Wohnbereich f\u00fcr optimalen Komfort. Effiziente elektrische Heizl\u00f6sungen f\u00fcr jeden Raum.\",\"breadcrumb\":{\"@id\":\"https:\/\/zoppasindustries.com\/de\/resistenze-comfort-domestico-2\/#breadcrumb\"},\"inLanguage\":\"de\",\"potentialAction\":[{\"@type\":\"ReadAction\",\"target\":[[\"https:\/\/zoppasindustries.com\/de\/resistenze-comfort-domestico-2\/\"]]}]},{\"@type\":\"BreadcrumbList\",\"@id\":\"https:\/\/zoppasindustries.com\/de\/resistenze-comfort-domestico-2\/#breadcrumb\",\"itemListElement\":[{\"@type\":\"ListItem\",\"position\":1,\"name\":\"Home\",\"item\":\"https:\/\/zoppasindustries.com\/de\/\"},{\"@type\":\"ListItem\",\"position\":2,\"name\":\"Resistenze elettriche per sistemi di riscaldamento domestico\"}]},{\"@type\":\"WebSite\",\"@id\":\"https:\/\/zoppasindustries.com\/de\/#website\",\"url\":\"https:\/\/zoppasindustries.com\/de\/\",\"name\":\"Zoppas Industries\",\"description\":\"\",\"potentialAction\":[{\"@type\":\"SearchAction\",\"target\":{\"@type\":\"EntryPoint\",\"urlTemplate\":\"https:\/\/zoppasindustries.com\/de\/?s={search_term_string}\"},\"query-input\":{\"@type\":\"PropertyValueSpecification\",\"valueRequired\":true,\"valueName\":\"search_term_string\"}}],\"inLanguage\":\"de\"}]}<\/script>\n<!-- \/ Yoast SEO plugin. -->","yoast_head_json":{"title":"Heizungsanlagen - Zoppas Industries","description":"Heizsysteme f\u00fcr den Wohnbereich f\u00fcr optimalen Komfort. Effiziente elektrische Heizl\u00f6sungen f\u00fcr jeden Raum.","robots":{"index":"index","follow":"follow","max-snippet":"max-snippet:-1","max-image-preview":"max-image-preview:large","max-video-preview":"max-video-preview:-1"},"og_locale":"de_DE","og_type":"article","og_title":"Heizungsanlagen - Zoppas Industries","og_description":"Heizsysteme f\u00fcr den Wohnbereich f\u00fcr optimalen Komfort. Effiziente elektrische Heizl\u00f6sungen f\u00fcr jeden Raum.","og_url":"https:\/\/zoppasindustries.com\/de\/resistenze-comfort-domestico-2\/","og_site_name":"Zoppas Industries","article_modified_time":"2026-03-31T13:51:08+00:00","twitter_card":"summary_large_image","schema":{"@context":"https:\/\/schema.org","@graph":[{"@type":"WebPage","@id":"https:\/\/zoppasindustries.com\/de\/resistenze-comfort-domestico-2\/","url":"https:\/\/zoppasindustries.com\/de\/resistenze-comfort-domestico-2\/","name":"Heizungsanlagen - Zoppas Industries","isPartOf":{"@id":"https:\/\/zoppasindustries.com\/de\/#website"},"datePublished":"2023-01-19T09:23:49+00:00","dateModified":"2026-03-31T13:51:08+00:00","description":"Heizsysteme f\u00fcr den Wohnbereich f\u00fcr optimalen Komfort. Effiziente elektrische Heizl\u00f6sungen f\u00fcr jeden Raum.","breadcrumb":{"@id":"https:\/\/zoppasindustries.com\/de\/resistenze-comfort-domestico-2\/#breadcrumb"},"inLanguage":"de","potentialAction":[{"@type":"ReadAction","target":[["https:\/\/zoppasindustries.com\/de\/resistenze-comfort-domestico-2\/"]]}]},{"@type":"BreadcrumbList","@id":"https:\/\/zoppasindustries.com\/de\/resistenze-comfort-domestico-2\/#breadcrumb","itemListElement":[{"@type":"ListItem","position":1,"name":"Home","item":"https:\/\/zoppasindustries.com\/de\/"},{"@type":"ListItem","position":2,"name":"Resistenze elettriche per sistemi di riscaldamento domestico"}]},{"@type":"WebSite","@id":"https:\/\/zoppasindustries.com\/de\/#website","url":"https:\/\/zoppasindustries.com\/de\/","name":"Zoppas Industries","description":"","potentialAction":[{"@type":"SearchAction","target":{"@type":"EntryPoint","urlTemplate":"https:\/\/zoppasindustries.com\/de\/?s={search_term_string}"},"query-input":{"@type":"PropertyValueSpecification","valueRequired":true,"valueName":"search_term_string"}}],"inLanguage":"de"}]}},"_links":{"self":[{"href":"https:\/\/zoppasindustries.com\/de\/wp-json\/wp\/v2\/pages\/19085","targetHints":{"allow":["GET"]}}],"collection":[{"href":"https:\/\/zoppasindustries.com\/de\/wp-json\/wp\/v2\/pages"}],"about":[{"href":"https:\/\/zoppasindustries.com\/de\/wp-json\/wp\/v2\/types\/page"}],"author":[{"embeddable":true,"href":"https:\/\/zoppasindustries.com\/de\/wp-json\/wp\/v2\/users\/10"}],"replies":[{"embeddable":true,"href":"https:\/\/zoppasindustries.com\/de\/wp-json\/wp\/v2\/comments?post=19085"}],"version-history":[{"count":55,"href":"https:\/\/zoppasindustries.com\/de\/wp-json\/wp\/v2\/pages\/19085\/revisions"}],"predecessor-version":[{"id":25665,"href":"https:\/\/zoppasindustries.com\/de\/wp-json\/wp\/v2\/pages\/19085\/revisions\/25665"}],"wp:attachment":[{"href":"https:\/\/zoppasindustries.com\/de\/wp-json\/wp\/v2\/media?parent=19085"}],"curies":[{"name":"wp","href":"https:\/\/api.w.org\/{rel}","templated":true}]}}