{"id":19314,"date":"2023-03-30T17:08:40","date_gmt":"2023-03-30T17:08:40","guid":{"rendered":"https:\/\/zoppasindustries.com\/it\/home-new-it-copy-copy-copy-2-copy-4-copy\/"},"modified":"2025-10-20T11:37:26","modified_gmt":"2025-10-20T09:37:26","slug":"home-new-it-copy-copy-copy-2-copy-4-copy","status":"publish","type":"page","link":"https:\/\/zoppasindustries.com\/de\/industrielle-gewerbliche-kaltetechnik\/","title":{"rendered":"Industrielle &#038; gewerbliche K\u00e4ltetechnik"},"content":{"rendered":"","protected":false},"excerpt":{"rendered":"","protected":false},"author":10,"featured_media":0,"parent":0,"menu_order":0,"comment_status":"closed","ping_status":"closed","template":"flexible-content.php","meta":{"_acf_changed":false,"inline_featured_image":false,"footnotes":""},"class_list":["post-19314","page","type-page","status-publish","hentry"],"acf":[],"yoast_head":"<!-- This site is optimized with the Yoast SEO plugin v27.2 - https:\/\/yoast.com\/product\/yoast-seo-wordpress\/ -->\n<title>Industrielle &amp; gewerbliche K\u00e4ltetechnik - Zoppas Industries<\/title>\n<meta name=\"description\" content=\"Entdecken Sie die Zoppas-Systeme zur Abtauung und Kondensationsvermeidung in industriellen K\u00fchlsystemen: thermische Effizienz f\u00fcr K\u00fchlzellen, Vitrinen und professionelle K\u00fchltheken.\" \/>\n<meta name=\"robots\" content=\"index, follow, max-snippet:-1, max-image-preview:large, max-video-preview:-1\" \/>\n<meta property=\"og:locale\" content=\"de_DE\" \/>\n<meta property=\"og:type\" content=\"article\" \/>\n<meta property=\"og:title\" content=\"Industrielle &amp; gewerbliche K\u00e4ltetechnik - Zoppas Industries\" \/>\n<meta property=\"og:description\" content=\"Entdecken Sie die Zoppas-Systeme zur Abtauung und Kondensationsvermeidung in industriellen K\u00fchlsystemen: thermische Effizienz f\u00fcr K\u00fchlzellen, Vitrinen und professionelle K\u00fchltheken.\" \/>\n<meta property=\"og:url\" content=\"https:\/\/zoppasindustries.com\/de\/industrial-commercial-refrigeration\/\" \/>\n<meta property=\"og:site_name\" content=\"Zoppas Industries\" \/>\n<meta property=\"article:modified_time\" content=\"2025-10-20T09:37:26+00:00\" \/>\n<meta name=\"twitter:card\" content=\"summary_large_image\" \/>\n<script type=\"application\/ld+json\" class=\"yoast-schema-graph\">{\"@context\":\"https:\/\/schema.org\",\"@graph\":[{\"@type\":\"WebPage\",\"@id\":\"https:\/\/zoppasindustries.com\/de\/industrial-commercial-refrigeration\/\",\"url\":\"https:\/\/zoppasindustries.com\/de\/industrial-commercial-refrigeration\/\",\"name\":\"Industrielle & gewerbliche K\u00e4ltetechnik - Zoppas Industries\",\"isPartOf\":{\"@id\":\"https:\/\/zoppasindustries.com\/de\/#website\"},\"datePublished\":\"2023-03-30T17:08:40+00:00\",\"dateModified\":\"2025-10-20T09:37:26+00:00\",\"description\":\"Entdecken Sie die Zoppas-Systeme zur Abtauung und Kondensationsvermeidung in industriellen K\u00fchlsystemen: thermische Effizienz f\u00fcr K\u00fchlzellen, Vitrinen und professionelle K\u00fchltheken.\",\"breadcrumb\":{\"@id\":\"https:\/\/zoppasindustries.com\/de\/industrial-commercial-refrigeration\/#breadcrumb\"},\"inLanguage\":\"de\",\"potentialAction\":[{\"@type\":\"ReadAction\",\"target\":[[\"https:\/\/zoppasindustries.com\/de\/industrial-commercial-refrigeration\/\"]]}]},{\"@type\":\"BreadcrumbList\",\"@id\":\"https:\/\/zoppasindustries.com\/de\/industrial-commercial-refrigeration\/#breadcrumb\",\"itemListElement\":[{\"@type\":\"ListItem\",\"position\":1,\"name\":\"Home\",\"item\":\"https:\/\/zoppasindustries.com\/de\/\"},{\"@type\":\"ListItem\",\"position\":2,\"name\":\"Sistemi di refrigerazione per il settore commerciale\"}]},{\"@type\":\"WebSite\",\"@id\":\"https:\/\/zoppasindustries.com\/de\/#website\",\"url\":\"https:\/\/zoppasindustries.com\/de\/\",\"name\":\"Zoppas Industries\",\"description\":\"\",\"potentialAction\":[{\"@type\":\"SearchAction\",\"target\":{\"@type\":\"EntryPoint\",\"urlTemplate\":\"https:\/\/zoppasindustries.com\/de\/?s={search_term_string}\"},\"query-input\":{\"@type\":\"PropertyValueSpecification\",\"valueRequired\":true,\"valueName\":\"search_term_string\"}}],\"inLanguage\":\"de\"}]}<\/script>\n<!-- \/ Yoast SEO plugin. -->","yoast_head_json":{"title":"Industrielle & gewerbliche K\u00e4ltetechnik - Zoppas Industries","description":"Entdecken Sie die Zoppas-Systeme zur Abtauung und Kondensationsvermeidung in industriellen K\u00fchlsystemen: thermische Effizienz f\u00fcr K\u00fchlzellen, Vitrinen und professionelle K\u00fchltheken.","robots":{"index":"index","follow":"follow","max-snippet":"max-snippet:-1","max-image-preview":"max-image-preview:large","max-video-preview":"max-video-preview:-1"},"og_locale":"de_DE","og_type":"article","og_title":"Industrielle & gewerbliche K\u00e4ltetechnik - Zoppas Industries","og_description":"Entdecken Sie die Zoppas-Systeme zur Abtauung und Kondensationsvermeidung in industriellen K\u00fchlsystemen: thermische Effizienz f\u00fcr K\u00fchlzellen, Vitrinen und professionelle K\u00fchltheken.","og_url":"https:\/\/zoppasindustries.com\/de\/industrial-commercial-refrigeration\/","og_site_name":"Zoppas Industries","article_modified_time":"2025-10-20T09:37:26+00:00","twitter_card":"summary_large_image","schema":{"@context":"https:\/\/schema.org","@graph":[{"@type":"WebPage","@id":"https:\/\/zoppasindustries.com\/de\/industrial-commercial-refrigeration\/","url":"https:\/\/zoppasindustries.com\/de\/industrial-commercial-refrigeration\/","name":"Industrielle & gewerbliche K\u00e4ltetechnik - Zoppas Industries","isPartOf":{"@id":"https:\/\/zoppasindustries.com\/de\/#website"},"datePublished":"2023-03-30T17:08:40+00:00","dateModified":"2025-10-20T09:37:26+00:00","description":"Entdecken Sie die Zoppas-Systeme zur Abtauung und Kondensationsvermeidung in industriellen K\u00fchlsystemen: thermische Effizienz f\u00fcr K\u00fchlzellen, Vitrinen und professionelle K\u00fchltheken.","breadcrumb":{"@id":"https:\/\/zoppasindustries.com\/de\/industrial-commercial-refrigeration\/#breadcrumb"},"inLanguage":"de","potentialAction":[{"@type":"ReadAction","target":[["https:\/\/zoppasindustries.com\/de\/industrial-commercial-refrigeration\/"]]}]},{"@type":"BreadcrumbList","@id":"https:\/\/zoppasindustries.com\/de\/industrial-commercial-refrigeration\/#breadcrumb","itemListElement":[{"@type":"ListItem","position":1,"name":"Home","item":"https:\/\/zoppasindustries.com\/de\/"},{"@type":"ListItem","position":2,"name":"Sistemi di refrigerazione per il settore commerciale"}]},{"@type":"WebSite","@id":"https:\/\/zoppasindustries.com\/de\/#website","url":"https:\/\/zoppasindustries.com\/de\/","name":"Zoppas Industries","description":"","potentialAction":[{"@type":"SearchAction","target":{"@type":"EntryPoint","urlTemplate":"https:\/\/zoppasindustries.com\/de\/?s={search_term_string}"},"query-input":{"@type":"PropertyValueSpecification","valueRequired":true,"valueName":"search_term_string"}}],"inLanguage":"de"}]}},"_links":{"self":[{"href":"https:\/\/zoppasindustries.com\/de\/wp-json\/wp\/v2\/pages\/19314","targetHints":{"allow":["GET"]}}],"collection":[{"href":"https:\/\/zoppasindustries.com\/de\/wp-json\/wp\/v2\/pages"}],"about":[{"href":"https:\/\/zoppasindustries.com\/de\/wp-json\/wp\/v2\/types\/page"}],"author":[{"embeddable":true,"href":"https:\/\/zoppasindustries.com\/de\/wp-json\/wp\/v2\/users\/10"}],"replies":[{"embeddable":true,"href":"https:\/\/zoppasindustries.com\/de\/wp-json\/wp\/v2\/comments?post=19314"}],"version-history":[{"count":54,"href":"https:\/\/zoppasindustries.com\/de\/wp-json\/wp\/v2\/pages\/19314\/revisions"}],"predecessor-version":[{"id":25243,"href":"https:\/\/zoppasindustries.com\/de\/wp-json\/wp\/v2\/pages\/19314\/revisions\/25243"}],"wp:attachment":[{"href":"https:\/\/zoppasindustries.com\/de\/wp-json\/wp\/v2\/media?parent=19314"}],"curies":[{"name":"wp","href":"https:\/\/api.w.org\/{rel}","templated":true}]}}