{"id":22093,"date":"2024-06-21T15:46:09","date_gmt":"2024-06-21T13:46:09","guid":{"rendered":"https:\/\/zoppasindustries.com\/it\/?page_id=22093"},"modified":"2025-03-14T11:22:03","modified_gmt":"2025-03-14T09:22:03","slug":"resistenze-elettriche-a-filo-nudo","status":"publish","type":"page","link":"https:\/\/zoppasindustries.com\/de\/heizelemente-mit-frei-liegendem-draht\/","title":{"rendered":"heizelemente"},"content":{"rendered":"","protected":false},"excerpt":{"rendered":"","protected":false},"author":22,"featured_media":0,"parent":0,"menu_order":0,"comment_status":"closed","ping_status":"closed","template":"flexible-content.php","meta":{"_acf_changed":false,"inline_featured_image":false,"footnotes":""},"class_list":["post-22093","page","type-page","status-publish","hentry"],"acf":[],"yoast_head":"<!-- This site is optimized with the Yoast SEO plugin v27.2 - https:\/\/yoast.com\/product\/yoast-seo-wordpress\/ -->\n<title>heizelemente - Zoppas Industries<\/title>\n<meta name=\"description\" content=\"Kompakte, leichte Drahtheizungen f\u00fcr pr\u00e4zises und effizientes Heizen in zahlreichen industriellen Anwendungen. Entdecken Sie unsere L\u00f6sungen.\" \/>\n<meta name=\"robots\" content=\"index, follow, max-snippet:-1, max-image-preview:large, max-video-preview:-1\" \/>\n<meta property=\"og:locale\" content=\"de_DE\" \/>\n<meta property=\"og:type\" content=\"article\" \/>\n<meta property=\"og:title\" content=\"heizelemente - Zoppas Industries\" \/>\n<meta property=\"og:description\" content=\"Kompakte, leichte Drahtheizungen f\u00fcr pr\u00e4zises und effizientes Heizen in zahlreichen industriellen Anwendungen. Entdecken Sie unsere L\u00f6sungen.\" \/>\n<meta property=\"og:url\" content=\"https:\/\/zoppasindustries.com\/de\/resistenze-elettriche-a-filo-nudo\/\" \/>\n<meta property=\"og:site_name\" content=\"Zoppas Industries\" \/>\n<meta property=\"article:modified_time\" content=\"2025-03-14T09:22:03+00:00\" \/>\n<meta name=\"twitter:card\" content=\"summary_large_image\" \/>\n<script type=\"application\/ld+json\" class=\"yoast-schema-graph\">{\"@context\":\"https:\/\/schema.org\",\"@graph\":[{\"@type\":\"WebPage\",\"@id\":\"https:\/\/zoppasindustries.com\/de\/resistenze-elettriche-a-filo-nudo\/\",\"url\":\"https:\/\/zoppasindustries.com\/de\/resistenze-elettriche-a-filo-nudo\/\",\"name\":\"heizelemente - Zoppas Industries\",\"isPartOf\":{\"@id\":\"https:\/\/zoppasindustries.com\/de\/#website\"},\"datePublished\":\"2024-06-21T13:46:09+00:00\",\"dateModified\":\"2025-03-14T09:22:03+00:00\",\"description\":\"Kompakte, leichte Drahtheizungen f\u00fcr pr\u00e4zises und effizientes Heizen in zahlreichen industriellen Anwendungen. Entdecken Sie unsere L\u00f6sungen.\",\"breadcrumb\":{\"@id\":\"https:\/\/zoppasindustries.com\/de\/resistenze-elettriche-a-filo-nudo\/#breadcrumb\"},\"inLanguage\":\"de\",\"potentialAction\":[{\"@type\":\"ReadAction\",\"target\":[[\"https:\/\/zoppasindustries.com\/de\/resistenze-elettriche-a-filo-nudo\/\"]]}]},{\"@type\":\"BreadcrumbList\",\"@id\":\"https:\/\/zoppasindustries.com\/de\/resistenze-elettriche-a-filo-nudo\/#breadcrumb\",\"itemListElement\":[{\"@type\":\"ListItem\",\"position\":1,\"name\":\"Home\",\"item\":\"https:\/\/zoppasindustries.com\/de\/\"},{\"@type\":\"ListItem\",\"position\":2,\"name\":\"Resistenze elettriche a filo nudo\"}]},{\"@type\":\"WebSite\",\"@id\":\"https:\/\/zoppasindustries.com\/de\/#website\",\"url\":\"https:\/\/zoppasindustries.com\/de\/\",\"name\":\"Zoppas Industries\",\"description\":\"\",\"potentialAction\":[{\"@type\":\"SearchAction\",\"target\":{\"@type\":\"EntryPoint\",\"urlTemplate\":\"https:\/\/zoppasindustries.com\/de\/?s={search_term_string}\"},\"query-input\":{\"@type\":\"PropertyValueSpecification\",\"valueRequired\":true,\"valueName\":\"search_term_string\"}}],\"inLanguage\":\"de\"}]}<\/script>\n<!-- \/ Yoast SEO plugin. -->","yoast_head_json":{"title":"heizelemente - Zoppas Industries","description":"Kompakte, leichte Drahtheizungen f\u00fcr pr\u00e4zises und effizientes Heizen in zahlreichen industriellen Anwendungen. Entdecken Sie unsere L\u00f6sungen.","robots":{"index":"index","follow":"follow","max-snippet":"max-snippet:-1","max-image-preview":"max-image-preview:large","max-video-preview":"max-video-preview:-1"},"og_locale":"de_DE","og_type":"article","og_title":"heizelemente - Zoppas Industries","og_description":"Kompakte, leichte Drahtheizungen f\u00fcr pr\u00e4zises und effizientes Heizen in zahlreichen industriellen Anwendungen. Entdecken Sie unsere L\u00f6sungen.","og_url":"https:\/\/zoppasindustries.com\/de\/resistenze-elettriche-a-filo-nudo\/","og_site_name":"Zoppas Industries","article_modified_time":"2025-03-14T09:22:03+00:00","twitter_card":"summary_large_image","schema":{"@context":"https:\/\/schema.org","@graph":[{"@type":"WebPage","@id":"https:\/\/zoppasindustries.com\/de\/resistenze-elettriche-a-filo-nudo\/","url":"https:\/\/zoppasindustries.com\/de\/resistenze-elettriche-a-filo-nudo\/","name":"heizelemente - Zoppas Industries","isPartOf":{"@id":"https:\/\/zoppasindustries.com\/de\/#website"},"datePublished":"2024-06-21T13:46:09+00:00","dateModified":"2025-03-14T09:22:03+00:00","description":"Kompakte, leichte Drahtheizungen f\u00fcr pr\u00e4zises und effizientes Heizen in zahlreichen industriellen Anwendungen. Entdecken Sie unsere L\u00f6sungen.","breadcrumb":{"@id":"https:\/\/zoppasindustries.com\/de\/resistenze-elettriche-a-filo-nudo\/#breadcrumb"},"inLanguage":"de","potentialAction":[{"@type":"ReadAction","target":[["https:\/\/zoppasindustries.com\/de\/resistenze-elettriche-a-filo-nudo\/"]]}]},{"@type":"BreadcrumbList","@id":"https:\/\/zoppasindustries.com\/de\/resistenze-elettriche-a-filo-nudo\/#breadcrumb","itemListElement":[{"@type":"ListItem","position":1,"name":"Home","item":"https:\/\/zoppasindustries.com\/de\/"},{"@type":"ListItem","position":2,"name":"Resistenze elettriche a filo nudo"}]},{"@type":"WebSite","@id":"https:\/\/zoppasindustries.com\/de\/#website","url":"https:\/\/zoppasindustries.com\/de\/","name":"Zoppas Industries","description":"","potentialAction":[{"@type":"SearchAction","target":{"@type":"EntryPoint","urlTemplate":"https:\/\/zoppasindustries.com\/de\/?s={search_term_string}"},"query-input":{"@type":"PropertyValueSpecification","valueRequired":true,"valueName":"search_term_string"}}],"inLanguage":"de"}]}},"_links":{"self":[{"href":"https:\/\/zoppasindustries.com\/de\/wp-json\/wp\/v2\/pages\/22093","targetHints":{"allow":["GET"]}}],"collection":[{"href":"https:\/\/zoppasindustries.com\/de\/wp-json\/wp\/v2\/pages"}],"about":[{"href":"https:\/\/zoppasindustries.com\/de\/wp-json\/wp\/v2\/types\/page"}],"author":[{"embeddable":true,"href":"https:\/\/zoppasindustries.com\/de\/wp-json\/wp\/v2\/users\/22"}],"replies":[{"embeddable":true,"href":"https:\/\/zoppasindustries.com\/de\/wp-json\/wp\/v2\/comments?post=22093"}],"version-history":[{"count":46,"href":"https:\/\/zoppasindustries.com\/de\/wp-json\/wp\/v2\/pages\/22093\/revisions"}],"predecessor-version":[{"id":23376,"href":"https:\/\/zoppasindustries.com\/de\/wp-json\/wp\/v2\/pages\/22093\/revisions\/23376"}],"wp:attachment":[{"href":"https:\/\/zoppasindustries.com\/de\/wp-json\/wp\/v2\/media?parent=22093"}],"curies":[{"name":"wp","href":"https:\/\/api.w.org\/{rel}","templated":true}]}}