{"id":2265,"date":"2014-06-26T12:40:05","date_gmt":"2014-06-26T12:40:05","guid":{"rendered":"http:\/\/www.zoppasindustries.com\/?page_id=2265"},"modified":"2023-12-05T11:54:20","modified_gmt":"2023-12-05T09:54:20","slug":"lista-sostanze-pericolose","status":"publish","type":"page","link":"https:\/\/zoppasindustries.com\/de\/qualitat\/hazardous-substances-management\/","title":{"rendered":"Umgang mit gef\u00e4hrlichen Stoffen"},"content":{"rendered":"<p>Zoppas Industries Heating Element Technologies is committed to maintaining its position as an environmentally friendly company that is compliant with several international regulations in order to protect the environment and the customers\/users of our products.<\/p>\n<p>Compliance is maintained through various methods and guidelines described in the company functional specifications indicated below.<\/p>\n<p><strong>REGULATION (EC) 1907\/2006 \u201cREACH\u201d<\/strong><\/p>\n<p>Zoppas Industries Heating Element Technologies has developed the functional specification 0.41.15 that defines the modalities of acknowledgment and management of REACH Regulation.<\/p>\n<p>The products supplied by Zoppas Industries Heating Element Technologies do not contain substances intended to be released under normal conditions of use or under reasonably foreseeable conditions of use.<\/p>\n<p>Zoppas Industries Heating Element Technologies has decided that its own sales products have no SVHC in quantity above 0.1% in concentration weight\/weight. In case this is not technologically possible we commit ourselves to inform the customer.<\/p>\n<p>Zoppas Industries Heating Element Technologies is in constant contact with its own suppliers to comply with REACH Regulation through supply chain management and verification.<\/p>\n<p><strong>DIRECTIVE 2011\/65\/EU &#8222;RoHS&#8220;<\/strong><\/p>\n<p>Zoppas Industries Heating Element Technologies has developed the functional specification 0.41.14 that defines the modalities of acknowledgment and management of RoHS Directive.<\/p>\n<p>The products that fall within the categories indicated in the Directive 2011\/65\/EU are in compliance with the provisions of the RoHS Directive.<\/p>\n<p>Highly aware of the amendments of the Directive (EU) 2015\/863 Zoppas Industries is verifying and gathering information from our suppliers and we will bring the products into conformity within the deadline indicated in the Directive.<\/p>\n<p><strong>CUSTOMER RESTRICTION MATERIAL LIST<\/strong><\/p>\n<p>Zoppas Industries Heating Element Technologies has developed the functional specification 0.41.33 that defines the modalities of acknowledgment and management of the Customers Restriction Material Lists (RML) requests and\/or similar, defining duties and responsibilities in order to answer to customer specific requirements relating to hazardous substances used in products manufactured.<\/p>","protected":false},"excerpt":{"rendered":"<p>Zoppas Industries Heating Element Technologies is committed to maintaining its position as an environmentally friendly company that is compliant with several international regulations in order to protect the [&hellip;]<\/p>\n","protected":false},"author":1,"featured_media":0,"parent":407,"menu_order":0,"comment_status":"open","ping_status":"closed","template":"","meta":{"_acf_changed":false,"inline_featured_image":false,"footnotes":""},"class_list":["post-2265","page","type-page","status-publish","hentry"],"acf":[],"yoast_head":"<!-- This site is optimized with the Yoast SEO plugin v27.2 - https:\/\/yoast.com\/product\/yoast-seo-wordpress\/ -->\n<title>Umgang mit gef\u00e4hrlichen Stoffen - Zoppas Industries<\/title>\n<meta name=\"description\" content=\"Zoppas Industries Heating Element Technologies setzt sich f\u00fcr Umweltkonformit\u00e4t ein. Erfahren Sie mehr \u00fcber unsere Bem\u00fchungen zum Schutz der Umwelt und unserer Kunden.\" \/>\n<meta name=\"robots\" content=\"index, follow, max-snippet:-1, max-image-preview:large, max-video-preview:-1\" \/>\n<meta property=\"og:locale\" content=\"de_DE\" \/>\n<meta property=\"og:type\" content=\"article\" \/>\n<meta property=\"og:title\" content=\"Umgang mit gef\u00e4hrlichen Stoffen - Zoppas Industries\" \/>\n<meta property=\"og:description\" content=\"Zoppas Industries Heating Element Technologies setzt sich f\u00fcr Umweltkonformit\u00e4t ein. Erfahren Sie mehr \u00fcber unsere Bem\u00fchungen zum Schutz der Umwelt und unserer Kunden.\" \/>\n<meta property=\"og:url\" content=\"https:\/\/zoppasindustries.com\/de\/qualita\/gestione-delle-sostanze-pericolose\/\" \/>\n<meta property=\"og:site_name\" content=\"Zoppas Industries\" \/>\n<meta property=\"article:modified_time\" content=\"2023-12-05T09:54:20+00:00\" \/>\n<meta name=\"twitter:card\" content=\"summary_large_image\" \/>\n<meta name=\"twitter:label1\" content=\"Gesch\u00e4tzte Lesezeit\" \/>\n\t<meta name=\"twitter:data1\" content=\"6\u00a0Minuten\" \/>\n<script type=\"application\/ld+json\" class=\"yoast-schema-graph\">{\"@context\":\"https:\/\/schema.org\",\"@graph\":[{\"@type\":\"WebPage\",\"@id\":\"https:\/\/zoppasindustries.com\/de\/qualita\/gestione-delle-sostanze-pericolose\/\",\"url\":\"https:\/\/zoppasindustries.com\/de\/qualita\/gestione-delle-sostanze-pericolose\/\",\"name\":\"Umgang mit gef\u00e4hrlichen Stoffen - Zoppas Industries\",\"isPartOf\":{\"@id\":\"https:\/\/zoppasindustries.com\/de\/#website\"},\"datePublished\":\"2014-06-26T12:40:05+00:00\",\"dateModified\":\"2023-12-05T09:54:20+00:00\",\"description\":\"Zoppas Industries Heating Element Technologies setzt sich f\u00fcr Umweltkonformit\u00e4t ein. Erfahren Sie mehr \u00fcber unsere Bem\u00fchungen zum Schutz der Umwelt und unserer Kunden.\",\"breadcrumb\":{\"@id\":\"https:\/\/zoppasindustries.com\/de\/qualita\/gestione-delle-sostanze-pericolose\/#breadcrumb\"},\"inLanguage\":\"de\",\"potentialAction\":[{\"@type\":\"ReadAction\",\"target\":[[\"https:\/\/zoppasindustries.com\/de\/qualita\/gestione-delle-sostanze-pericolose\/\"]]}]},{\"@type\":\"BreadcrumbList\",\"@id\":\"https:\/\/zoppasindustries.com\/de\/qualita\/gestione-delle-sostanze-pericolose\/#breadcrumb\",\"itemListElement\":[{\"@type\":\"ListItem\",\"position\":1,\"name\":\"Home\",\"item\":\"https:\/\/zoppasindustries.com\/de\/\"},{\"@type\":\"ListItem\",\"position\":2,\"name\":\"Qualit\u00e0 e certificazioni di prodotto\",\"item\":\"https:\/\/zoppasindustries.com\/de\/qualita\/\"},{\"@type\":\"ListItem\",\"position\":3,\"name\":\"Gestione delle sostanze pericolose\"}]},{\"@type\":\"WebSite\",\"@id\":\"https:\/\/zoppasindustries.com\/de\/#website\",\"url\":\"https:\/\/zoppasindustries.com\/de\/\",\"name\":\"Zoppas Industries\",\"description\":\"\",\"potentialAction\":[{\"@type\":\"SearchAction\",\"target\":{\"@type\":\"EntryPoint\",\"urlTemplate\":\"https:\/\/zoppasindustries.com\/de\/?s={search_term_string}\"},\"query-input\":{\"@type\":\"PropertyValueSpecification\",\"valueRequired\":true,\"valueName\":\"search_term_string\"}}],\"inLanguage\":\"de\"}]}<\/script>\n<!-- \/ Yoast SEO plugin. -->","yoast_head_json":{"title":"Umgang mit gef\u00e4hrlichen Stoffen - Zoppas Industries","description":"Zoppas Industries Heating Element Technologies setzt sich f\u00fcr Umweltkonformit\u00e4t ein. Erfahren Sie mehr \u00fcber unsere Bem\u00fchungen zum Schutz der Umwelt und unserer Kunden.","robots":{"index":"index","follow":"follow","max-snippet":"max-snippet:-1","max-image-preview":"max-image-preview:large","max-video-preview":"max-video-preview:-1"},"og_locale":"de_DE","og_type":"article","og_title":"Umgang mit gef\u00e4hrlichen Stoffen - Zoppas Industries","og_description":"Zoppas Industries Heating Element Technologies setzt sich f\u00fcr Umweltkonformit\u00e4t ein. Erfahren Sie mehr \u00fcber unsere Bem\u00fchungen zum Schutz der Umwelt und unserer Kunden.","og_url":"https:\/\/zoppasindustries.com\/de\/qualita\/gestione-delle-sostanze-pericolose\/","og_site_name":"Zoppas Industries","article_modified_time":"2023-12-05T09:54:20+00:00","twitter_card":"summary_large_image","twitter_misc":{"Gesch\u00e4tzte Lesezeit":"6\u00a0Minuten"},"schema":{"@context":"https:\/\/schema.org","@graph":[{"@type":"WebPage","@id":"https:\/\/zoppasindustries.com\/de\/qualita\/gestione-delle-sostanze-pericolose\/","url":"https:\/\/zoppasindustries.com\/de\/qualita\/gestione-delle-sostanze-pericolose\/","name":"Umgang mit gef\u00e4hrlichen Stoffen - Zoppas Industries","isPartOf":{"@id":"https:\/\/zoppasindustries.com\/de\/#website"},"datePublished":"2014-06-26T12:40:05+00:00","dateModified":"2023-12-05T09:54:20+00:00","description":"Zoppas Industries Heating Element Technologies setzt sich f\u00fcr Umweltkonformit\u00e4t ein. Erfahren Sie mehr \u00fcber unsere Bem\u00fchungen zum Schutz der Umwelt und unserer Kunden.","breadcrumb":{"@id":"https:\/\/zoppasindustries.com\/de\/qualita\/gestione-delle-sostanze-pericolose\/#breadcrumb"},"inLanguage":"de","potentialAction":[{"@type":"ReadAction","target":[["https:\/\/zoppasindustries.com\/de\/qualita\/gestione-delle-sostanze-pericolose\/"]]}]},{"@type":"BreadcrumbList","@id":"https:\/\/zoppasindustries.com\/de\/qualita\/gestione-delle-sostanze-pericolose\/#breadcrumb","itemListElement":[{"@type":"ListItem","position":1,"name":"Home","item":"https:\/\/zoppasindustries.com\/de\/"},{"@type":"ListItem","position":2,"name":"Qualit\u00e0 e certificazioni di prodotto","item":"https:\/\/zoppasindustries.com\/de\/qualita\/"},{"@type":"ListItem","position":3,"name":"Gestione delle sostanze pericolose"}]},{"@type":"WebSite","@id":"https:\/\/zoppasindustries.com\/de\/#website","url":"https:\/\/zoppasindustries.com\/de\/","name":"Zoppas Industries","description":"","potentialAction":[{"@type":"SearchAction","target":{"@type":"EntryPoint","urlTemplate":"https:\/\/zoppasindustries.com\/de\/?s={search_term_string}"},"query-input":{"@type":"PropertyValueSpecification","valueRequired":true,"valueName":"search_term_string"}}],"inLanguage":"de"}]}},"_links":{"self":[{"href":"https:\/\/zoppasindustries.com\/de\/wp-json\/wp\/v2\/pages\/2265","targetHints":{"allow":["GET"]}}],"collection":[{"href":"https:\/\/zoppasindustries.com\/de\/wp-json\/wp\/v2\/pages"}],"about":[{"href":"https:\/\/zoppasindustries.com\/de\/wp-json\/wp\/v2\/types\/page"}],"author":[{"embeddable":true,"href":"https:\/\/zoppasindustries.com\/de\/wp-json\/wp\/v2\/users\/1"}],"replies":[{"embeddable":true,"href":"https:\/\/zoppasindustries.com\/de\/wp-json\/wp\/v2\/comments?post=2265"}],"version-history":[{"count":4,"href":"https:\/\/zoppasindustries.com\/de\/wp-json\/wp\/v2\/pages\/2265\/revisions"}],"predecessor-version":[{"id":20544,"href":"https:\/\/zoppasindustries.com\/de\/wp-json\/wp\/v2\/pages\/2265\/revisions\/20544"}],"up":[{"embeddable":true,"href":"https:\/\/zoppasindustries.com\/de\/wp-json\/wp\/v2\/pages\/407"}],"wp:attachment":[{"href":"https:\/\/zoppasindustries.com\/de\/wp-json\/wp\/v2\/media?parent=2265"}],"curies":[{"name":"wp","href":"https:\/\/api.w.org\/{rel}","templated":true}]}}