{"id":24782,"date":"2025-06-30T10:44:24","date_gmt":"2025-06-30T08:44:24","guid":{"rendered":"https:\/\/zoppasindustries.com\/en\/?page_id=24782"},"modified":"2026-02-23T18:02:57","modified_gmt":"2026-02-23T16:02:57","slug":"sistemi-di-riscaldamento-per-il-settore-medicale","status":"publish","type":"page","link":"https:\/\/zoppasindustries.com\/de\/thermische-systeme-fur-den-medizinsektor\/","title":{"rendered":"Thermische Systeme f\u00fcr den Medizinsektor: Technologien f\u00fcr Therapie und Diagnostik"},"content":{"rendered":"","protected":false},"excerpt":{"rendered":"","protected":false},"author":13,"featured_media":0,"parent":0,"menu_order":0,"comment_status":"closed","ping_status":"closed","template":"flexible-content.php","meta":{"_acf_changed":false,"inline_featured_image":false,"footnotes":""},"class_list":["post-24782","page","type-page","status-publish","hentry"],"acf":[],"yoast_head":"<!-- This site is optimized with the Yoast SEO plugin v27.2 - https:\/\/yoast.com\/product\/yoast-seo-wordpress\/ -->\n<title>Thermische Systeme f\u00fcr den Medizinsektor: Technologien f\u00fcr Therapie und Diagnostik - Zoppas Industries<\/title>\n<meta name=\"description\" content=\"Ma\u00dfgeschneiderte elektrische Heizl\u00f6sungen f\u00fcr diagnostische, therapeutische und lebenserhaltende medizinische Ger\u00e4te.Zertifizierte, zuverl\u00e4ssige und pr\u00e4zise W\u00e4rmebauteile.\" \/>\n<meta name=\"robots\" content=\"index, follow, max-snippet:-1, max-image-preview:large, max-video-preview:-1\" \/>\n<meta property=\"og:locale\" content=\"de_DE\" \/>\n<meta property=\"og:type\" content=\"article\" \/>\n<meta property=\"og:title\" content=\"Thermische Systeme f\u00fcr den Medizinsektor: Technologien f\u00fcr Therapie und Diagnostik - Zoppas Industries\" \/>\n<meta property=\"og:description\" content=\"Ma\u00dfgeschneiderte elektrische Heizl\u00f6sungen f\u00fcr diagnostische, therapeutische und lebenserhaltende medizinische Ger\u00e4te.Zertifizierte, zuverl\u00e4ssige und pr\u00e4zise W\u00e4rmebauteile.\" \/>\n<meta property=\"og:url\" content=\"https:\/\/zoppasindustries.com\/de\/sistemi-di-riscaldamento-settore-medicale\/\" \/>\n<meta property=\"og:site_name\" content=\"Zoppas Industries\" \/>\n<meta property=\"article:modified_time\" content=\"2026-02-23T16:02:57+00:00\" \/>\n<meta name=\"twitter:card\" content=\"summary_large_image\" \/>\n<script type=\"application\/ld+json\" class=\"yoast-schema-graph\">{\"@context\":\"https:\/\/schema.org\",\"@graph\":[{\"@type\":\"WebPage\",\"@id\":\"https:\/\/zoppasindustries.com\/de\/sistemi-di-riscaldamento-settore-medicale\/\",\"url\":\"https:\/\/zoppasindustries.com\/de\/sistemi-di-riscaldamento-settore-medicale\/\",\"name\":\"Thermische Systeme f\u00fcr den Medizinsektor: Technologien f\u00fcr Therapie und Diagnostik - Zoppas Industries\",\"isPartOf\":{\"@id\":\"https:\/\/zoppasindustries.com\/de\/#website\"},\"datePublished\":\"2025-06-30T08:44:24+00:00\",\"dateModified\":\"2026-02-23T16:02:57+00:00\",\"description\":\"Ma\u00dfgeschneiderte elektrische Heizl\u00f6sungen f\u00fcr diagnostische, therapeutische und lebenserhaltende medizinische Ger\u00e4te.Zertifizierte, zuverl\u00e4ssige und pr\u00e4zise W\u00e4rmebauteile.\",\"breadcrumb\":{\"@id\":\"https:\/\/zoppasindustries.com\/de\/sistemi-di-riscaldamento-settore-medicale\/#breadcrumb\"},\"inLanguage\":\"de\",\"potentialAction\":[{\"@type\":\"ReadAction\",\"target\":[[\"https:\/\/zoppasindustries.com\/de\/sistemi-di-riscaldamento-settore-medicale\/\"]]}]},{\"@type\":\"BreadcrumbList\",\"@id\":\"https:\/\/zoppasindustries.com\/de\/sistemi-di-riscaldamento-settore-medicale\/#breadcrumb\",\"itemListElement\":[{\"@type\":\"ListItem\",\"position\":1,\"name\":\"Home\",\"item\":\"https:\/\/zoppasindustries.com\/de\/\"},{\"@type\":\"ListItem\",\"position\":2,\"name\":\"Sistemi di riscaldamento per il settore medicale\"}]},{\"@type\":\"WebSite\",\"@id\":\"https:\/\/zoppasindustries.com\/de\/#website\",\"url\":\"https:\/\/zoppasindustries.com\/de\/\",\"name\":\"Zoppas Industries\",\"description\":\"\",\"potentialAction\":[{\"@type\":\"SearchAction\",\"target\":{\"@type\":\"EntryPoint\",\"urlTemplate\":\"https:\/\/zoppasindustries.com\/de\/?s={search_term_string}\"},\"query-input\":{\"@type\":\"PropertyValueSpecification\",\"valueRequired\":true,\"valueName\":\"search_term_string\"}}],\"inLanguage\":\"de\"}]}<\/script>\n<!-- \/ Yoast SEO plugin. -->","yoast_head_json":{"title":"Thermische Systeme f\u00fcr den Medizinsektor: Technologien f\u00fcr Therapie und Diagnostik - Zoppas Industries","description":"Ma\u00dfgeschneiderte elektrische Heizl\u00f6sungen f\u00fcr diagnostische, therapeutische und lebenserhaltende medizinische Ger\u00e4te.Zertifizierte, zuverl\u00e4ssige und pr\u00e4zise W\u00e4rmebauteile.","robots":{"index":"index","follow":"follow","max-snippet":"max-snippet:-1","max-image-preview":"max-image-preview:large","max-video-preview":"max-video-preview:-1"},"og_locale":"de_DE","og_type":"article","og_title":"Thermische Systeme f\u00fcr den Medizinsektor: Technologien f\u00fcr Therapie und Diagnostik - Zoppas Industries","og_description":"Ma\u00dfgeschneiderte elektrische Heizl\u00f6sungen f\u00fcr diagnostische, therapeutische und lebenserhaltende medizinische Ger\u00e4te.Zertifizierte, zuverl\u00e4ssige und pr\u00e4zise W\u00e4rmebauteile.","og_url":"https:\/\/zoppasindustries.com\/de\/sistemi-di-riscaldamento-settore-medicale\/","og_site_name":"Zoppas Industries","article_modified_time":"2026-02-23T16:02:57+00:00","twitter_card":"summary_large_image","schema":{"@context":"https:\/\/schema.org","@graph":[{"@type":"WebPage","@id":"https:\/\/zoppasindustries.com\/de\/sistemi-di-riscaldamento-settore-medicale\/","url":"https:\/\/zoppasindustries.com\/de\/sistemi-di-riscaldamento-settore-medicale\/","name":"Thermische Systeme f\u00fcr den Medizinsektor: Technologien f\u00fcr Therapie und Diagnostik - Zoppas Industries","isPartOf":{"@id":"https:\/\/zoppasindustries.com\/de\/#website"},"datePublished":"2025-06-30T08:44:24+00:00","dateModified":"2026-02-23T16:02:57+00:00","description":"Ma\u00dfgeschneiderte elektrische Heizl\u00f6sungen f\u00fcr diagnostische, therapeutische und lebenserhaltende medizinische Ger\u00e4te.Zertifizierte, zuverl\u00e4ssige und pr\u00e4zise W\u00e4rmebauteile.","breadcrumb":{"@id":"https:\/\/zoppasindustries.com\/de\/sistemi-di-riscaldamento-settore-medicale\/#breadcrumb"},"inLanguage":"de","potentialAction":[{"@type":"ReadAction","target":[["https:\/\/zoppasindustries.com\/de\/sistemi-di-riscaldamento-settore-medicale\/"]]}]},{"@type":"BreadcrumbList","@id":"https:\/\/zoppasindustries.com\/de\/sistemi-di-riscaldamento-settore-medicale\/#breadcrumb","itemListElement":[{"@type":"ListItem","position":1,"name":"Home","item":"https:\/\/zoppasindustries.com\/de\/"},{"@type":"ListItem","position":2,"name":"Sistemi di riscaldamento per il settore medicale"}]},{"@type":"WebSite","@id":"https:\/\/zoppasindustries.com\/de\/#website","url":"https:\/\/zoppasindustries.com\/de\/","name":"Zoppas Industries","description":"","potentialAction":[{"@type":"SearchAction","target":{"@type":"EntryPoint","urlTemplate":"https:\/\/zoppasindustries.com\/de\/?s={search_term_string}"},"query-input":{"@type":"PropertyValueSpecification","valueRequired":true,"valueName":"search_term_string"}}],"inLanguage":"de"}]}},"_links":{"self":[{"href":"https:\/\/zoppasindustries.com\/de\/wp-json\/wp\/v2\/pages\/24782","targetHints":{"allow":["GET"]}}],"collection":[{"href":"https:\/\/zoppasindustries.com\/de\/wp-json\/wp\/v2\/pages"}],"about":[{"href":"https:\/\/zoppasindustries.com\/de\/wp-json\/wp\/v2\/types\/page"}],"author":[{"embeddable":true,"href":"https:\/\/zoppasindustries.com\/de\/wp-json\/wp\/v2\/users\/13"}],"replies":[{"embeddable":true,"href":"https:\/\/zoppasindustries.com\/de\/wp-json\/wp\/v2\/comments?post=24782"}],"version-history":[{"count":45,"href":"https:\/\/zoppasindustries.com\/de\/wp-json\/wp\/v2\/pages\/24782\/revisions"}],"predecessor-version":[{"id":25542,"href":"https:\/\/zoppasindustries.com\/de\/wp-json\/wp\/v2\/pages\/24782\/revisions\/25542"}],"wp:attachment":[{"href":"https:\/\/zoppasindustries.com\/de\/wp-json\/wp\/v2\/media?parent=24782"}],"curies":[{"name":"wp","href":"https:\/\/api.w.org\/{rel}","templated":true}]}}