{"id":24856,"date":"2025-07-02T11:52:12","date_gmt":"2025-07-02T09:52:12","guid":{"rendered":"https:\/\/zoppasindustries.com\/en\/?page_id=24856"},"modified":"2026-03-30T10:34:59","modified_gmt":"2026-03-30T08:34:59","slug":"riscaldatori-elettrici-per-il-riscaldamento-e-il-mantenimento-della-temperatura","status":"publish","type":"page","link":"https:\/\/zoppasindustries.com\/de\/elektrische-heizer-zum-aufheizen-und-zum-stabilisieren-der-temperatur\/","title":{"rendered":"Elektrische Heizer zum Aufheizen und zum Stabilisieren der Temperatur"},"content":{"rendered":"","protected":false},"excerpt":{"rendered":"","protected":false},"author":13,"featured_media":0,"parent":0,"menu_order":0,"comment_status":"closed","ping_status":"closed","template":"flexible-content.php","meta":{"_acf_changed":false,"inline_featured_image":false,"footnotes":""},"class_list":["post-24856","page","type-page","status-publish","hentry"],"acf":[],"yoast_head":"<!-- This site is optimized with the Yoast SEO plugin v27.2 - https:\/\/yoast.com\/product\/yoast-seo-wordpress\/ -->\n<title>Elektrische Heizer zum Aufheizen und zum Stabilisieren der Temperatur - Zoppas Industries<\/title>\n<meta name=\"description\" content=\"Elektrische Heizer zur Temperaturerh\u00f6hung und -stabilisierung, entwickelt f\u00fcr pr\u00e4zise Regelung und zuverl\u00e4ssige Leistung in industriellen Prozessen.\" \/>\n<meta name=\"robots\" content=\"index, follow, max-snippet:-1, max-image-preview:large, max-video-preview:-1\" \/>\n<meta property=\"og:locale\" content=\"de_DE\" \/>\n<meta property=\"og:type\" content=\"article\" \/>\n<meta property=\"og:title\" content=\"Elektrische Heizer zum Aufheizen und zum Stabilisieren der Temperatur - Zoppas Industries\" \/>\n<meta property=\"og:description\" content=\"Elektrische Heizer zur Temperaturerh\u00f6hung und -stabilisierung, entwickelt f\u00fcr pr\u00e4zise Regelung und zuverl\u00e4ssige Leistung in industriellen Prozessen.\" \/>\n<meta property=\"og:url\" content=\"https:\/\/zoppasindustries.com\/de\/riscaldatori-elettrici-per-settore-automotive\/\" \/>\n<meta property=\"og:site_name\" content=\"Zoppas Industries\" \/>\n<meta property=\"article:modified_time\" content=\"2026-03-30T08:34:59+00:00\" \/>\n<meta name=\"twitter:card\" content=\"summary_large_image\" \/>\n<script type=\"application\/ld+json\" class=\"yoast-schema-graph\">{\"@context\":\"https:\/\/schema.org\",\"@graph\":[{\"@type\":\"WebPage\",\"@id\":\"https:\/\/zoppasindustries.com\/de\/riscaldatori-elettrici-per-settore-automotive\/\",\"url\":\"https:\/\/zoppasindustries.com\/de\/riscaldatori-elettrici-per-settore-automotive\/\",\"name\":\"Elektrische Heizer zum Aufheizen und zum Stabilisieren der Temperatur - Zoppas Industries\",\"isPartOf\":{\"@id\":\"https:\/\/zoppasindustries.com\/de\/#website\"},\"datePublished\":\"2025-07-02T09:52:12+00:00\",\"dateModified\":\"2026-03-30T08:34:59+00:00\",\"description\":\"Elektrische Heizer zur Temperaturerh\u00f6hung und -stabilisierung, entwickelt f\u00fcr pr\u00e4zise Regelung und zuverl\u00e4ssige Leistung in industriellen Prozessen.\",\"breadcrumb\":{\"@id\":\"https:\/\/zoppasindustries.com\/de\/riscaldatori-elettrici-per-settore-automotive\/#breadcrumb\"},\"inLanguage\":\"de\",\"potentialAction\":[{\"@type\":\"ReadAction\",\"target\":[[\"https:\/\/zoppasindustries.com\/de\/riscaldatori-elettrici-per-settore-automotive\/\"]]}]},{\"@type\":\"BreadcrumbList\",\"@id\":\"https:\/\/zoppasindustries.com\/de\/riscaldatori-elettrici-per-settore-automotive\/#breadcrumb\",\"itemListElement\":[{\"@type\":\"ListItem\",\"position\":1,\"name\":\"Home\",\"item\":\"https:\/\/zoppasindustries.com\/de\/\"},{\"@type\":\"ListItem\",\"position\":2,\"name\":\"Riscaldatori elettrici per il riscaldamento e il mantenimento della temperatura\"}]},{\"@type\":\"WebSite\",\"@id\":\"https:\/\/zoppasindustries.com\/de\/#website\",\"url\":\"https:\/\/zoppasindustries.com\/de\/\",\"name\":\"Zoppas Industries\",\"description\":\"\",\"potentialAction\":[{\"@type\":\"SearchAction\",\"target\":{\"@type\":\"EntryPoint\",\"urlTemplate\":\"https:\/\/zoppasindustries.com\/de\/?s={search_term_string}\"},\"query-input\":{\"@type\":\"PropertyValueSpecification\",\"valueRequired\":true,\"valueName\":\"search_term_string\"}}],\"inLanguage\":\"de\"}]}<\/script>\n<!-- \/ Yoast SEO plugin. -->","yoast_head_json":{"title":"Elektrische Heizer zum Aufheizen und zum Stabilisieren der Temperatur - Zoppas Industries","description":"Elektrische Heizer zur Temperaturerh\u00f6hung und -stabilisierung, entwickelt f\u00fcr pr\u00e4zise Regelung und zuverl\u00e4ssige Leistung in industriellen Prozessen.","robots":{"index":"index","follow":"follow","max-snippet":"max-snippet:-1","max-image-preview":"max-image-preview:large","max-video-preview":"max-video-preview:-1"},"og_locale":"de_DE","og_type":"article","og_title":"Elektrische Heizer zum Aufheizen und zum Stabilisieren der Temperatur - Zoppas Industries","og_description":"Elektrische Heizer zur Temperaturerh\u00f6hung und -stabilisierung, entwickelt f\u00fcr pr\u00e4zise Regelung und zuverl\u00e4ssige Leistung in industriellen Prozessen.","og_url":"https:\/\/zoppasindustries.com\/de\/riscaldatori-elettrici-per-settore-automotive\/","og_site_name":"Zoppas Industries","article_modified_time":"2026-03-30T08:34:59+00:00","twitter_card":"summary_large_image","schema":{"@context":"https:\/\/schema.org","@graph":[{"@type":"WebPage","@id":"https:\/\/zoppasindustries.com\/de\/riscaldatori-elettrici-per-settore-automotive\/","url":"https:\/\/zoppasindustries.com\/de\/riscaldatori-elettrici-per-settore-automotive\/","name":"Elektrische Heizer zum Aufheizen und zum Stabilisieren der Temperatur - Zoppas Industries","isPartOf":{"@id":"https:\/\/zoppasindustries.com\/de\/#website"},"datePublished":"2025-07-02T09:52:12+00:00","dateModified":"2026-03-30T08:34:59+00:00","description":"Elektrische Heizer zur Temperaturerh\u00f6hung und -stabilisierung, entwickelt f\u00fcr pr\u00e4zise Regelung und zuverl\u00e4ssige Leistung in industriellen Prozessen.","breadcrumb":{"@id":"https:\/\/zoppasindustries.com\/de\/riscaldatori-elettrici-per-settore-automotive\/#breadcrumb"},"inLanguage":"de","potentialAction":[{"@type":"ReadAction","target":[["https:\/\/zoppasindustries.com\/de\/riscaldatori-elettrici-per-settore-automotive\/"]]}]},{"@type":"BreadcrumbList","@id":"https:\/\/zoppasindustries.com\/de\/riscaldatori-elettrici-per-settore-automotive\/#breadcrumb","itemListElement":[{"@type":"ListItem","position":1,"name":"Home","item":"https:\/\/zoppasindustries.com\/de\/"},{"@type":"ListItem","position":2,"name":"Riscaldatori elettrici per il riscaldamento e il mantenimento della temperatura"}]},{"@type":"WebSite","@id":"https:\/\/zoppasindustries.com\/de\/#website","url":"https:\/\/zoppasindustries.com\/de\/","name":"Zoppas Industries","description":"","potentialAction":[{"@type":"SearchAction","target":{"@type":"EntryPoint","urlTemplate":"https:\/\/zoppasindustries.com\/de\/?s={search_term_string}"},"query-input":{"@type":"PropertyValueSpecification","valueRequired":true,"valueName":"search_term_string"}}],"inLanguage":"de"}]}},"_links":{"self":[{"href":"https:\/\/zoppasindustries.com\/de\/wp-json\/wp\/v2\/pages\/24856","targetHints":{"allow":["GET"]}}],"collection":[{"href":"https:\/\/zoppasindustries.com\/de\/wp-json\/wp\/v2\/pages"}],"about":[{"href":"https:\/\/zoppasindustries.com\/de\/wp-json\/wp\/v2\/types\/page"}],"author":[{"embeddable":true,"href":"https:\/\/zoppasindustries.com\/de\/wp-json\/wp\/v2\/users\/13"}],"replies":[{"embeddable":true,"href":"https:\/\/zoppasindustries.com\/de\/wp-json\/wp\/v2\/comments?post=24856"}],"version-history":[{"count":29,"href":"https:\/\/zoppasindustries.com\/de\/wp-json\/wp\/v2\/pages\/24856\/revisions"}],"predecessor-version":[{"id":25259,"href":"https:\/\/zoppasindustries.com\/de\/wp-json\/wp\/v2\/pages\/24856\/revisions\/25259"}],"wp:attachment":[{"href":"https:\/\/zoppasindustries.com\/de\/wp-json\/wp\/v2\/media?parent=24856"}],"curies":[{"name":"wp","href":"https:\/\/api.w.org\/{rel}","templated":true}]}}