{"id":3945,"date":"2016-06-08T08:36:50","date_gmt":"2016-06-08T08:36:50","guid":{"rendered":"http:\/\/www.zoppasindustries.com\/it\/?page_id=3945"},"modified":"2023-12-05T11:54:20","modified_gmt":"2023-12-05T09:54:20","slug":"energia","status":"publish","type":"page","link":"https:\/\/zoppasindustries.com\/de\/energie\/","title":{"rendered":"Energiesparpolitik"},"content":{"rendered":"<p><\/p>\n<style>img.img-energy {margin-left: 40px;}p.p-energy, ul.ul-energy {font-size: 18px;text-align: justify;line-height: 1.5;}<\/style>\n<p class=\"p-energy\">Seit 2009 arbeitet ZI Heating Elements Technologies auf der Grundlage eines nach UNI EN 16001 zertifizierten und, seit 2011, nach ISO 50001 zertifizierten Energiemanagementsystems. Diese Zertifizierungen verfolgen das Ziel, die Energieeffizienz des Unternehmens zu verbessern und sollen dazu beitragen, die Umweltbelastung zu reduzieren und die CO2-Emissionen gem\u00e4\u00df Kyoto-Protokoll und der von der Europ\u00e4ischen Union vorgeschriebenen Energieeffizienzziele einzuschr\u00e4nken.<br \/>\nDie Grunds\u00e4tze, auf denen das Energiemanagementsystem aufgebaut ist und auf denen die Betriebsprozesse basieren, sind im Dokument der Energiepolitik des Unternehmens enthalten:<\/p>\n<ul class=\"ul-energy\">\n<li>Eduzierung des Verbrauchs an Energie, wie Strom, Methangas und technische Gase, in Bezug auf die Produktionsvolumen.<\/li>\n<li>Effiziente Nutzung der nat\u00fcrlichen Ressourcen zur Verwaltung der T\u00e4tigkeiten.<\/li>\n<li>Entwicklung neuer Technologien und Produktionslayouts, die als technischer Konstruktionsfaktor eine Energieeinsparung voraussetzen.<\/li>\n<li>Unterst\u00fctzung der spezifischen Funktionen beim Einkaufsmanagement mit hoher Energieeffizienz, unter Bezugnahme auf beschaffte Produkte und Dienstleistungen.<\/li>\n<li>Einhaltung aller anwendbaren gesetzlichen Verordnungen und Vorschriften und etwaiger anderer von den betroffenen Parteien, einschlie\u00dflich der Kunden, vorgeschlagener Anforderungen.<\/li>\n<li>Kontinuierliche Verbesserung der Energieeffizienz der Produktions- und Hilfsprozesse durch Einf\u00fchrung der besten verf\u00fcgbaren Technologien, sofern dies mit den Investitionspl\u00e4nen des Unternehmens vereinbar ist.<\/li>\n<li>Messung und \u00dcberwachung der Energieeffizienz \u00fcber ein spezifisches Leistungsanzeigesystem, so dass die Ergebnisse des Energiemanagements zur Verf\u00fcgung stehen.<\/li>\n<li>Einbindung, Steigerung des Verantwortungsbewusstseins und Sensibilisierung der Mitarbeiterinnen und Mitarbeiter, die auf allen Ebenen mit dem Konzern zusammenarbeiten, auch durch das Informieren der Lieferanten und der betroffenen externen Parteien.<\/li>\n<\/ul>\n<p><img decoding=\"async\" class=\"img-energy\" src=\"\/wp-content\/uploads\/2017\/02\/zoppas-industries_green-way_sgen.png\" alt=\"zoppas-industries_green-way_sgen\" width=\"120\" \/><\/p>","protected":false},"excerpt":{"rendered":"<p>Seit 2009 arbeitet ZI Heating Elements Technologies auf der Grundlage eines nach UNI EN 16001 zertifizierten und, seit 2011, nach ISO 50001 zertifizierten Energiemanagementsystems. Diese Zertifizierungen verfolgen das [&hellip;]<\/p>\n","protected":false},"author":1,"featured_media":0,"parent":0,"menu_order":0,"comment_status":"closed","ping_status":"closed","template":"","meta":{"_acf_changed":false,"inline_featured_image":false,"footnotes":""},"class_list":["post-3945","page","type-page","status-publish","hentry"],"acf":[],"yoast_head":"<!-- This site is optimized with the Yoast SEO plugin v27.2 - https:\/\/yoast.com\/product\/yoast-seo-wordpress\/ -->\n<title>Energiesparpolitik - Zoppas Industries<\/title>\n<meta name=\"description\" content=\"Zoppas Industries f\u00fchrt ein Energiemanagementsystem ein, um die Energieeffizienz zu verbessern und die Umweltauswirkungen zu reduzieren. Erfahren Sie hier mehr \u00fcber ihre Energiepolitik.\" \/>\n<meta name=\"robots\" content=\"index, follow, max-snippet:-1, max-image-preview:large, max-video-preview:-1\" \/>\n<meta property=\"og:locale\" content=\"de_DE\" \/>\n<meta property=\"og:type\" content=\"article\" \/>\n<meta property=\"og:title\" content=\"Energiesparpolitik - Zoppas Industries\" \/>\n<meta property=\"og:description\" content=\"Zoppas Industries f\u00fchrt ein Energiemanagementsystem ein, um die Energieeffizienz zu verbessern und die Umweltauswirkungen zu reduzieren. Erfahren Sie hier mehr \u00fcber ihre Energiepolitik.\" \/>\n<meta property=\"og:url\" content=\"https:\/\/zoppasindustries.com\/de\/energia\/\" \/>\n<meta property=\"og:site_name\" content=\"Zoppas Industries\" \/>\n<meta property=\"article:modified_time\" content=\"2023-12-05T09:54:20+00:00\" \/>\n<meta name=\"twitter:card\" content=\"summary_large_image\" \/>\n<meta name=\"twitter:label1\" content=\"Gesch\u00e4tzte Lesezeit\" \/>\n\t<meta name=\"twitter:data1\" content=\"2\u00a0Minuten\" \/>\n<script type=\"application\/ld+json\" class=\"yoast-schema-graph\">{\"@context\":\"https:\/\/schema.org\",\"@graph\":[{\"@type\":\"WebPage\",\"@id\":\"https:\/\/zoppasindustries.com\/de\/energia\/\",\"url\":\"https:\/\/zoppasindustries.com\/de\/energia\/\",\"name\":\"Energiesparpolitik - Zoppas Industries\",\"isPartOf\":{\"@id\":\"https:\/\/zoppasindustries.com\/de\/#website\"},\"datePublished\":\"2016-06-08T08:36:50+00:00\",\"dateModified\":\"2023-12-05T09:54:20+00:00\",\"description\":\"Zoppas Industries f\u00fchrt ein Energiemanagementsystem ein, um die Energieeffizienz zu verbessern und die Umweltauswirkungen zu reduzieren. Erfahren Sie hier mehr \u00fcber ihre Energiepolitik.\",\"breadcrumb\":{\"@id\":\"https:\/\/zoppasindustries.com\/de\/energia\/#breadcrumb\"},\"inLanguage\":\"de\",\"potentialAction\":[{\"@type\":\"ReadAction\",\"target\":[[\"https:\/\/zoppasindustries.com\/de\/energia\/\"]]}]},{\"@type\":\"BreadcrumbList\",\"@id\":\"https:\/\/zoppasindustries.com\/de\/energia\/#breadcrumb\",\"itemListElement\":[{\"@type\":\"ListItem\",\"position\":1,\"name\":\"Home\",\"item\":\"https:\/\/zoppasindustries.com\/de\/\"},{\"@type\":\"ListItem\",\"position\":2,\"name\":\"Politica di risparmio energetico\"}]},{\"@type\":\"WebSite\",\"@id\":\"https:\/\/zoppasindustries.com\/de\/#website\",\"url\":\"https:\/\/zoppasindustries.com\/de\/\",\"name\":\"Zoppas Industries\",\"description\":\"\",\"potentialAction\":[{\"@type\":\"SearchAction\",\"target\":{\"@type\":\"EntryPoint\",\"urlTemplate\":\"https:\/\/zoppasindustries.com\/de\/?s={search_term_string}\"},\"query-input\":{\"@type\":\"PropertyValueSpecification\",\"valueRequired\":true,\"valueName\":\"search_term_string\"}}],\"inLanguage\":\"de\"}]}<\/script>\n<!-- \/ Yoast SEO plugin. -->","yoast_head_json":{"title":"Energiesparpolitik - Zoppas Industries","description":"Zoppas Industries f\u00fchrt ein Energiemanagementsystem ein, um die Energieeffizienz zu verbessern und die Umweltauswirkungen zu reduzieren. Erfahren Sie hier mehr \u00fcber ihre Energiepolitik.","robots":{"index":"index","follow":"follow","max-snippet":"max-snippet:-1","max-image-preview":"max-image-preview:large","max-video-preview":"max-video-preview:-1"},"og_locale":"de_DE","og_type":"article","og_title":"Energiesparpolitik - Zoppas Industries","og_description":"Zoppas Industries f\u00fchrt ein Energiemanagementsystem ein, um die Energieeffizienz zu verbessern und die Umweltauswirkungen zu reduzieren. Erfahren Sie hier mehr \u00fcber ihre Energiepolitik.","og_url":"https:\/\/zoppasindustries.com\/de\/energia\/","og_site_name":"Zoppas Industries","article_modified_time":"2023-12-05T09:54:20+00:00","twitter_card":"summary_large_image","twitter_misc":{"Gesch\u00e4tzte Lesezeit":"2\u00a0Minuten"},"schema":{"@context":"https:\/\/schema.org","@graph":[{"@type":"WebPage","@id":"https:\/\/zoppasindustries.com\/de\/energia\/","url":"https:\/\/zoppasindustries.com\/de\/energia\/","name":"Energiesparpolitik - Zoppas Industries","isPartOf":{"@id":"https:\/\/zoppasindustries.com\/de\/#website"},"datePublished":"2016-06-08T08:36:50+00:00","dateModified":"2023-12-05T09:54:20+00:00","description":"Zoppas Industries f\u00fchrt ein Energiemanagementsystem ein, um die Energieeffizienz zu verbessern und die Umweltauswirkungen zu reduzieren. Erfahren Sie hier mehr \u00fcber ihre Energiepolitik.","breadcrumb":{"@id":"https:\/\/zoppasindustries.com\/de\/energia\/#breadcrumb"},"inLanguage":"de","potentialAction":[{"@type":"ReadAction","target":[["https:\/\/zoppasindustries.com\/de\/energia\/"]]}]},{"@type":"BreadcrumbList","@id":"https:\/\/zoppasindustries.com\/de\/energia\/#breadcrumb","itemListElement":[{"@type":"ListItem","position":1,"name":"Home","item":"https:\/\/zoppasindustries.com\/de\/"},{"@type":"ListItem","position":2,"name":"Politica di risparmio energetico"}]},{"@type":"WebSite","@id":"https:\/\/zoppasindustries.com\/de\/#website","url":"https:\/\/zoppasindustries.com\/de\/","name":"Zoppas Industries","description":"","potentialAction":[{"@type":"SearchAction","target":{"@type":"EntryPoint","urlTemplate":"https:\/\/zoppasindustries.com\/de\/?s={search_term_string}"},"query-input":{"@type":"PropertyValueSpecification","valueRequired":true,"valueName":"search_term_string"}}],"inLanguage":"de"}]}},"_links":{"self":[{"href":"https:\/\/zoppasindustries.com\/de\/wp-json\/wp\/v2\/pages\/3945","targetHints":{"allow":["GET"]}}],"collection":[{"href":"https:\/\/zoppasindustries.com\/de\/wp-json\/wp\/v2\/pages"}],"about":[{"href":"https:\/\/zoppasindustries.com\/de\/wp-json\/wp\/v2\/types\/page"}],"author":[{"embeddable":true,"href":"https:\/\/zoppasindustries.com\/de\/wp-json\/wp\/v2\/users\/1"}],"replies":[{"embeddable":true,"href":"https:\/\/zoppasindustries.com\/de\/wp-json\/wp\/v2\/comments?post=3945"}],"version-history":[{"count":15,"href":"https:\/\/zoppasindustries.com\/de\/wp-json\/wp\/v2\/pages\/3945\/revisions"}],"predecessor-version":[{"id":21336,"href":"https:\/\/zoppasindustries.com\/de\/wp-json\/wp\/v2\/pages\/3945\/revisions\/21336"}],"wp:attachment":[{"href":"https:\/\/zoppasindustries.com\/de\/wp-json\/wp\/v2\/media?parent=3945"}],"curies":[{"name":"wp","href":"https:\/\/api.w.org\/{rel}","templated":true}]}}