{"id":407,"date":"2013-04-13T10:57:33","date_gmt":"2013-04-13T10:57:33","guid":{"rendered":"http:\/\/www.zoppasindustries.com\/?page_id=407"},"modified":"2024-04-05T11:16:22","modified_gmt":"2024-04-05T09:16:22","slug":"qualita","status":"publish","type":"page","link":"https:\/\/zoppasindustries.com\/de\/qualitat\/","title":{"rendered":"Qualit\u00e4tspolitik und Zertifizierungen"},"content":{"rendered":"<p><strong>Im Jahr 1990<\/strong> hat Zoppas Industries Heating Element Technologies ein Qualit\u00e4tsmanagementsystem nach ISO 9001 eingef\u00fchrt und zertifiziert, das im Laufe der Jahre kontinuierlich an die Normen angepasst wurde.<\/p>\n<p>In den folgenden Jahren wurden weitere Managementsysteme eingef\u00fchrt und zertifiziert, die f\u00fcr die verschiedenen Anwendungsbereiche, in denen ZI Heating Element Technologies t\u00e4tig ist, spezifisch sind: EN\/AS 9100 f\u00fcr die Luft- und Raumfahrt, ISO\/IEC 80079-34 f\u00fcr ATEX\/IECEx, EN 15085-2 f\u00fcr die Eisenbahn und IATF 16949 f\u00fcr den Automobilsektor.<\/p>\n<p>Alle aktuellen Zertifizierungen finden Sie <a href=\"https:\/\/zoppasindustries.com\/de\/zertifizierungen\/\">hier<\/a>.<\/p>\n<p>Die in der <strong>Qualit\u00e4tspolitik<\/strong> enthaltenen Grunds\u00e4tze sind das Ergebnis der Unternehmensstrategie und bilden den Rahmen f\u00fcr die Festlegung und \u00dcberpr\u00fcfung der Qualit\u00e4tsziele.<\/p>\n<p><strong>MARKTF\u00dcHRERSCHAFT<\/strong><\/p>\n<p>Die Marktf\u00fchrerschaft mit globaler Pr\u00e4senz in allen Sektoren dank der Qualit\u00e4t der angebotenen Produkte und Dienstleistungen.<\/p>\n<p>Die notwendigen wirtschaftlichen Ressourcen zu generieren, um die F\u00fchrungsposition zu halten.<\/p>\n<p><strong>INNOVATION VON PRODUKTEN UND PRODUKTIONSPROZESSEN<\/strong><\/p>\n<p>Schaffung von Werten durch die Entwicklung neuer Produkte und neuer Technologien, um die Wettbewerbsf\u00e4higkeit auf dem Markt zu steigern und die Anforderungen der Kunden unter Einhaltung der gesetzlichen Vorschriften zu erf\u00fcllen.<\/p>\n<p>Verbesserung der bestehenden Technologien zur Senkung der Gesamtproduktionskosten, zur Vereinfachung der Produktionsabl\u00e4ufe nach der &#8222;Lean&#8220;-Logik und zur Steigerung der Produktqualit\u00e4t.<\/p>\n<p><strong>EFFIZIENZ UND EFFEKTIVIT\u00c4T DER UNTERNEHMENSPROZESSE<\/strong><\/p>\n<p>Effizienz und Effektivit\u00e4t in allen Unternehmensprozessen durch die Anwendung der &#8222;ZOPPAS LEAN SYSTEM&#8220;-Methoden, unterst\u00fctzt durch die Techniken des &#8222;Projektmanagements&#8220;.<\/p>\n<p><strong>PARTNERSCHAFT MIT DEN KUNDEN<\/strong><\/p>\n<p>Aufbau von Beziehungen zu den Kunden auf der Grundlage von Klarheit, Korrektheit und Zusammenarbeit.<\/p>\n<p>Entwicklung vom Lieferanten von Heizelementen zum Lieferanten von funktionellen Unterbaugruppen durch einen Co-Design-Ansatz mit den Kunden.<\/p>\n<p><strong>PARTNERSCHAFT MIT LIEFERANTEN<\/strong><\/p>\n<p>Aufbau von Beziehungen zu Lieferanten, die die besten Kapazit\u00e4ten in Bezug auf Innovation, Markteinf\u00fchrungszeit, Kosten, Service und Qualit\u00e4t bieten, um die beste Kundenzufriedenheit zu gew\u00e4hrleisten und das Engagement des Unternehmens f\u00fcr Qualit\u00e4t zu unterst\u00fctzen.<\/p>\n<p><strong>ENTWICKLUNG DER HUMANRESSOURCEN<\/strong><\/p>\n<p>Wir investieren in die berufliche und pers\u00f6nliche Entwicklung unserer Mitarbeiter.<\/p>\n<p><strong>WISSENSERWEITERUNG UND -AUSTAUSCH<\/strong><\/p>\n<p>Verbesserung und Konsolidierung des internen Know-hows durch Aus- und Weiterbildungsma\u00dfnahmen f\u00fcr die Mitarbeiter.<\/p>\n<p>Austausch von Know-how und technisch-organisatorischen F\u00e4higkeiten mit allen Produktionsstandorten der Gruppe.<\/p>\n<p><strong>KONTINUIERLICHE VERBESSERUNG<\/strong><\/p>\n<p>F\u00f6rderung der kontinuierlichen Verbesserung der Unternehmensprozesse und der Produkte, um ein hohes Sicherheits- und Zuverl\u00e4ssigkeitsniveau zu erreichen und die Qualit\u00e4tsstandards der Produkte und Dienstleistungen sowie immer wettbewerbsf\u00e4higere Preise zu gew\u00e4hrleisten.<\/p>\n<p>F\u00f6rderung des Verhaltens der Beteiligung und der Selbstverantwortung in allen Rollen und Funktionen des Unternehmens, um kontinuierliche Verbesserungsma\u00dfnahmen durchzuf\u00fchren.<\/p>","protected":false},"excerpt":{"rendered":"<p>Im Jahr 1990 hat Zoppas Industries Heating Element Technologies ein Qualit\u00e4tsmanagementsystem nach ISO 9001 eingef\u00fchrt und zertifiziert, das im Laufe der Jahre kontinuierlich an die Normen angepasst wurde. [&hellip;]<\/p>\n","protected":false},"author":1,"featured_media":5689,"parent":0,"menu_order":0,"comment_status":"open","ping_status":"closed","template":"","meta":{"_acf_changed":false,"inline_featured_image":false,"footnotes":""},"class_list":["post-407","page","type-page","status-publish","has-post-thumbnail","hentry"],"acf":[],"yoast_head":"<!-- This site is optimized with the Yoast SEO plugin v27.2 - https:\/\/yoast.com\/product\/yoast-seo-wordpress\/ -->\n<title>Qualit\u00e4tspolitik und Zertifizierungen - Zoppas Industries<\/title>\n<meta name=\"description\" content=\"Zoppas Industries Heating Element Technologies hat Qualit\u00e4tsmanagementsysteme implementiert und zertifiziert, um Produkt- und Servicequalit\u00e4t sicherzustellen. Schlie\u00dfen Sie sich uns an und erleben Sie unsere Marktf\u00fchrerschaft und innovative L\u00f6sungen.\" \/>\n<meta name=\"robots\" content=\"index, follow, max-snippet:-1, max-image-preview:large, max-video-preview:-1\" \/>\n<meta property=\"og:locale\" content=\"de_DE\" \/>\n<meta property=\"og:type\" content=\"article\" \/>\n<meta property=\"og:title\" content=\"Qualit\u00e4tspolitik und Zertifizierungen - Zoppas Industries\" \/>\n<meta property=\"og:description\" content=\"Zoppas Industries Heating Element Technologies hat Qualit\u00e4tsmanagementsysteme implementiert und zertifiziert, um Produkt- und Servicequalit\u00e4t sicherzustellen. Schlie\u00dfen Sie sich uns an und erleben Sie unsere Marktf\u00fchrerschaft und innovative L\u00f6sungen.\" \/>\n<meta property=\"og:url\" content=\"https:\/\/zoppasindustries.com\/de\/qualita\/\" \/>\n<meta property=\"og:site_name\" content=\"Zoppas Industries\" \/>\n<meta property=\"article:modified_time\" content=\"2024-04-05T09:16:22+00:00\" \/>\n<meta property=\"og:image\" content=\"https:\/\/zoppasindustries.com\/wp-content\/uploads\/2013\/04\/quality.jpg\" \/>\n\t<meta property=\"og:image:width\" content=\"1920\" \/>\n\t<meta property=\"og:image:height\" content=\"1280\" \/>\n\t<meta property=\"og:image:type\" content=\"image\/jpeg\" \/>\n<meta name=\"twitter:card\" content=\"summary_large_image\" \/>\n<meta name=\"twitter:label1\" content=\"Gesch\u00e4tzte Lesezeit\" \/>\n\t<meta name=\"twitter:data1\" content=\"3\u00a0Minuten\" \/>\n<script type=\"application\/ld+json\" class=\"yoast-schema-graph\">{\"@context\":\"https:\/\/schema.org\",\"@graph\":[{\"@type\":\"WebPage\",\"@id\":\"https:\/\/zoppasindustries.com\/de\/qualita\/\",\"url\":\"https:\/\/zoppasindustries.com\/de\/qualita\/\",\"name\":\"Qualit\u00e4tspolitik und Zertifizierungen - Zoppas Industries\",\"isPartOf\":{\"@id\":\"https:\/\/zoppasindustries.com\/de\/#website\"},\"primaryImageOfPage\":{\"@id\":\"https:\/\/zoppasindustries.com\/de\/qualita\/#primaryimage\"},\"image\":{\"@id\":\"https:\/\/zoppasindustries.com\/it\/qualita\/#primaryimage\"},\"thumbnailUrl\":\"https:\/\/zoppasindustries.com\/wp-content\/uploads\/2013\/04\/quality.jpg\",\"datePublished\":\"2013-04-13T10:57:33+00:00\",\"dateModified\":\"2024-04-05T09:16:22+00:00\",\"description\":\"Zoppas Industries Heating Element Technologies hat Qualit\u00e4tsmanagementsysteme implementiert und zertifiziert, um Produkt- und Servicequalit\u00e4t sicherzustellen. Schlie\u00dfen Sie sich uns an und erleben Sie unsere Marktf\u00fchrerschaft und innovative L\u00f6sungen.\",\"breadcrumb\":{\"@id\":\"https:\/\/zoppasindustries.com\/de\/qualita\/#breadcrumb\"},\"inLanguage\":\"de\",\"potentialAction\":[{\"@type\":\"ReadAction\",\"target\":[[\"https:\/\/zoppasindustries.com\/de\/qualita\/\"]]}]},{\"@type\":\"ImageObject\",\"inLanguage\":\"de\",\"@id\":\"https:\/\/zoppasindustries.com\/de\/qualita\/#primaryimage\",\"url\":\"https:\/\/zoppasindustries.com\/wp-content\/uploads\/2013\/04\/quality.jpg\",\"contentUrl\":\"https:\/\/zoppasindustries.com\/wp-content\/uploads\/2013\/04\/quality.jpg\",\"width\":1920,\"height\":1280},{\"@type\":\"BreadcrumbList\",\"@id\":\"https:\/\/zoppasindustries.com\/de\/qualita\/#breadcrumb\",\"itemListElement\":[{\"@type\":\"ListItem\",\"position\":1,\"name\":\"Home\",\"item\":\"https:\/\/zoppasindustries.com\/de\/\"},{\"@type\":\"ListItem\",\"position\":2,\"name\":\"Qualit\u00e0 e certificazioni di prodotto\"}]},{\"@type\":\"WebSite\",\"@id\":\"https:\/\/zoppasindustries.com\/de\/#website\",\"url\":\"https:\/\/zoppasindustries.com\/de\/\",\"name\":\"Zoppas Industries\",\"description\":\"\",\"potentialAction\":[{\"@type\":\"SearchAction\",\"target\":{\"@type\":\"EntryPoint\",\"urlTemplate\":\"https:\/\/zoppasindustries.com\/de\/?s={search_term_string}\"},\"query-input\":{\"@type\":\"PropertyValueSpecification\",\"valueRequired\":true,\"valueName\":\"search_term_string\"}}],\"inLanguage\":\"de\"}]}<\/script>\n<!-- \/ Yoast SEO plugin. -->","yoast_head_json":{"title":"Qualit\u00e4tspolitik und Zertifizierungen - Zoppas Industries","description":"Zoppas Industries Heating Element Technologies hat Qualit\u00e4tsmanagementsysteme implementiert und zertifiziert, um Produkt- und Servicequalit\u00e4t sicherzustellen. Schlie\u00dfen Sie sich uns an und erleben Sie unsere Marktf\u00fchrerschaft und innovative L\u00f6sungen.","robots":{"index":"index","follow":"follow","max-snippet":"max-snippet:-1","max-image-preview":"max-image-preview:large","max-video-preview":"max-video-preview:-1"},"og_locale":"de_DE","og_type":"article","og_title":"Qualit\u00e4tspolitik und Zertifizierungen - Zoppas Industries","og_description":"Zoppas Industries Heating Element Technologies hat Qualit\u00e4tsmanagementsysteme implementiert und zertifiziert, um Produkt- und Servicequalit\u00e4t sicherzustellen. Schlie\u00dfen Sie sich uns an und erleben Sie unsere Marktf\u00fchrerschaft und innovative L\u00f6sungen.","og_url":"https:\/\/zoppasindustries.com\/de\/qualita\/","og_site_name":"Zoppas Industries","article_modified_time":"2024-04-05T09:16:22+00:00","og_image":[{"width":1920,"height":1280,"url":"https:\/\/zoppasindustries.com\/wp-content\/uploads\/2013\/04\/quality.jpg","type":"image\/jpeg"}],"twitter_card":"summary_large_image","twitter_misc":{"Gesch\u00e4tzte Lesezeit":"3\u00a0Minuten"},"schema":{"@context":"https:\/\/schema.org","@graph":[{"@type":"WebPage","@id":"https:\/\/zoppasindustries.com\/de\/qualita\/","url":"https:\/\/zoppasindustries.com\/de\/qualita\/","name":"Qualit\u00e4tspolitik und Zertifizierungen - Zoppas Industries","isPartOf":{"@id":"https:\/\/zoppasindustries.com\/de\/#website"},"primaryImageOfPage":{"@id":"https:\/\/zoppasindustries.com\/de\/qualita\/#primaryimage"},"image":{"@id":"https:\/\/zoppasindustries.com\/it\/qualita\/#primaryimage"},"thumbnailUrl":"https:\/\/zoppasindustries.com\/wp-content\/uploads\/2013\/04\/quality.jpg","datePublished":"2013-04-13T10:57:33+00:00","dateModified":"2024-04-05T09:16:22+00:00","description":"Zoppas Industries Heating Element Technologies hat Qualit\u00e4tsmanagementsysteme implementiert und zertifiziert, um Produkt- und Servicequalit\u00e4t sicherzustellen. Schlie\u00dfen Sie sich uns an und erleben Sie unsere Marktf\u00fchrerschaft und innovative L\u00f6sungen.","breadcrumb":{"@id":"https:\/\/zoppasindustries.com\/de\/qualita\/#breadcrumb"},"inLanguage":"de","potentialAction":[{"@type":"ReadAction","target":[["https:\/\/zoppasindustries.com\/de\/qualita\/"]]}]},{"@type":"ImageObject","inLanguage":"de","@id":"https:\/\/zoppasindustries.com\/de\/qualita\/#primaryimage","url":"https:\/\/zoppasindustries.com\/wp-content\/uploads\/2013\/04\/quality.jpg","contentUrl":"https:\/\/zoppasindustries.com\/wp-content\/uploads\/2013\/04\/quality.jpg","width":1920,"height":1280},{"@type":"BreadcrumbList","@id":"https:\/\/zoppasindustries.com\/de\/qualita\/#breadcrumb","itemListElement":[{"@type":"ListItem","position":1,"name":"Home","item":"https:\/\/zoppasindustries.com\/de\/"},{"@type":"ListItem","position":2,"name":"Qualit\u00e0 e certificazioni di prodotto"}]},{"@type":"WebSite","@id":"https:\/\/zoppasindustries.com\/de\/#website","url":"https:\/\/zoppasindustries.com\/de\/","name":"Zoppas Industries","description":"","potentialAction":[{"@type":"SearchAction","target":{"@type":"EntryPoint","urlTemplate":"https:\/\/zoppasindustries.com\/de\/?s={search_term_string}"},"query-input":{"@type":"PropertyValueSpecification","valueRequired":true,"valueName":"search_term_string"}}],"inLanguage":"de"}]}},"_links":{"self":[{"href":"https:\/\/zoppasindustries.com\/de\/wp-json\/wp\/v2\/pages\/407","targetHints":{"allow":["GET"]}}],"collection":[{"href":"https:\/\/zoppasindustries.com\/de\/wp-json\/wp\/v2\/pages"}],"about":[{"href":"https:\/\/zoppasindustries.com\/de\/wp-json\/wp\/v2\/types\/page"}],"author":[{"embeddable":true,"href":"https:\/\/zoppasindustries.com\/de\/wp-json\/wp\/v2\/users\/1"}],"replies":[{"embeddable":true,"href":"https:\/\/zoppasindustries.com\/de\/wp-json\/wp\/v2\/comments?post=407"}],"version-history":[{"count":13,"href":"https:\/\/zoppasindustries.com\/de\/wp-json\/wp\/v2\/pages\/407\/revisions"}],"predecessor-version":[{"id":21340,"href":"https:\/\/zoppasindustries.com\/de\/wp-json\/wp\/v2\/pages\/407\/revisions\/21340"}],"wp:featuredmedia":[{"embeddable":true,"href":"https:\/\/zoppasindustries.com\/de\/wp-json\/wp\/v2\/media\/5689"}],"wp:attachment":[{"href":"https:\/\/zoppasindustries.com\/de\/wp-json\/wp\/v2\/media?parent=407"}],"curies":[{"name":"wp","href":"https:\/\/api.w.org\/{rel}","templated":true}]}}