{"id":411,"date":"2013-04-13T11:00:15","date_gmt":"2013-04-13T11:00:15","guid":{"rendered":"http:\/\/www.zoppasindustries.com\/?page_id=411"},"modified":"2023-12-05T11:54:18","modified_gmt":"2023-12-05T09:54:18","slug":"omologazione-prodotti","status":"publish","type":"page","link":"https:\/\/zoppasindustries.com\/de\/qualitat\/produktzulassungen\/","title":{"rendered":"Umweltmanagementsystem nach ISO 14001: ZI Heating Elements Technologies"},"content":{"rendered":"<p><b>PRODUKTZERTIFIZIERUNG<\/b><\/p>\n<p><b>Zertifizierte Heizelemente, Sicherheitstests und Qualit\u00e4tszertifikate<\/b><\/p>\n<p>Das gesamte Produktsortiment (Elektrische Heizelemente und elektrische Heizsysteme) erf\u00fcllt die Norm EN 60335-1 und entspricht sowohl den grundlegenden Anforderungen der Niederspannungsrichtlinie, als auch den bindenden Rechtsvorschriften \u00fcber die Sicherheit elektrischer Betriebsmittel.<\/p>\n<p>Hergestellte Einzelteile, die in explosionsgef\u00e4hrdeten Bereichen eingesetzt werden, entsprechen den Anforderungen der ATEX-Richtlinie und verf\u00fcgen \u00fcber EG-Bauartpr\u00fcfbescheinigungen.<\/p>\n<p>Sofern sie in die entsprechenden Anwendungsbereiche fallen, sind einige Produkte auch konform mit der Maschinenrichtlinie und der PED-Richtlinie.<\/p>\n<p>Auf Anfrage der Kunden werden die Heizwiderst\u00e4nde und -systeme nach UL\/CSA oder VDE, oder nach den anderen auf die spezifische Anwendung zutreffenden Standards zertifiziert.<\/p>\n<p>Um im Raumfahrtbereich eingesetzt werden zu k\u00f6nnen, verf\u00fcgen unsere flexiblen Heizelemente aus Polyimid seit 1992 \u00fcber eine ESA-Zulassung. Diese Zulassung wird alle zwei Jahre in Konformit\u00e4t mit den geltenden Vorschriften erneuert und ist in der ESA-EPPL mit der Zulassungsbescheinigung Nr. 184 registriert.<\/p>\n<p>Die Produktzertifizierungen werden in den internen Labors von den Qualit\u00e4tstechnikern in Zusammenarbeit mit den Ingenieuren der Zertifizierungsstelle erstellt. Die Labors, in denen die Pr\u00fcfungen vorgenommen werden, sind entsprechend der anwendbaren Standards und Normen qualifiziert und arbeiten im Rahmen des Client Test Data Programm f\u00fcr UL\/CSA-Zertifizierungen.<br \/>\nZur Durchf\u00fchrung chemischer Analysen, Rohstofftests (St\u00e4hle, Oxide), Korrosionstests und mechanischer Tests bzw. zur Ausstellung von elektromagnetischen Vertr\u00e4glichkeitsbescheinigungen gem\u00e4\u00df den geltenden Normen greift ZI Heating Elements Technologies auf die Unterst\u00fctzung externer Stellen zur\u00fcck.<\/p>\n<p>Die gesamte Produktion von ZI Heating Elements Technologies wird zu 100 % gepr\u00fcft. Auf Anfrage des Kunden werden zus\u00e4tzliche Sicherheitskontrollen und -tests durchgef\u00fchrt. Die Abteilung Qualit\u00e4tskontrolle stellt in diesem Fall entsprechende Pr\u00fcfbescheinigungen und Konformit\u00e4tserkl\u00e4rungen aus.<\/p>\n<p>Zur F\u00f6rderung der Partnerschaft werden die Produkte im Co-Design mit dem Kunden entwickelt. Die entsprechenden Muster werden in der Entwicklungsphase genauso wie die Komponenten und Endger\u00e4te auf ihre Lebensdauer gepr\u00fcft.<\/p>","protected":false},"excerpt":{"rendered":"<p>PRODUKTZERTIFIZIERUNG Zertifizierte Heizelemente, Sicherheitstests und Qualit\u00e4tszertifikate Das gesamte Produktsortiment (Elektrische Heizelemente und elektrische Heizsysteme) erf\u00fcllt die Norm EN 60335-1 und entspricht sowohl den grundlegenden Anforderungen der Niederspannungsrichtlinie, als [&hellip;]<\/p>\n","protected":false},"author":1,"featured_media":0,"parent":407,"menu_order":0,"comment_status":"open","ping_status":"closed","template":"","meta":{"_acf_changed":false,"inline_featured_image":false,"footnotes":""},"class_list":["post-411","page","type-page","status-publish","hentry"],"acf":[],"yoast_head":"<!-- This site is optimized with the Yoast SEO plugin v27.2 - https:\/\/yoast.com\/product\/yoast-seo-wordpress\/ -->\n<title>Umweltmanagementsystem nach ISO 14001: ZI Heating Elements Technologies - Zoppas Industries<\/title>\n<meta name=\"description\" content=\"Unsere Produkte sind zertifiziert und entsprechen den Sicherheitsstandards. Kontaktieren Sie uns f\u00fcr zertifizierte Heizelemente und Systeme, die Ihren spezifischen Anforderungen entsprechen.\" \/>\n<meta name=\"robots\" content=\"index, follow, max-snippet:-1, max-image-preview:large, max-video-preview:-1\" \/>\n<meta property=\"og:locale\" content=\"de_DE\" \/>\n<meta property=\"og:type\" content=\"article\" \/>\n<meta property=\"og:title\" content=\"Umweltmanagementsystem nach ISO 14001: ZI Heating Elements Technologies - Zoppas Industries\" \/>\n<meta property=\"og:description\" content=\"Unsere Produkte sind zertifiziert und entsprechen den Sicherheitsstandards. Kontaktieren Sie uns f\u00fcr zertifizierte Heizelemente und Systeme, die Ihren spezifischen Anforderungen entsprechen.\" \/>\n<meta property=\"og:url\" content=\"https:\/\/zoppasindustries.com\/de\/qualita\/omologazione-prodotti\/\" \/>\n<meta property=\"og:site_name\" content=\"Zoppas Industries\" \/>\n<meta property=\"article:modified_time\" content=\"2023-12-05T09:54:18+00:00\" \/>\n<meta name=\"twitter:card\" content=\"summary_large_image\" \/>\n<meta name=\"twitter:label1\" content=\"Gesch\u00e4tzte Lesezeit\" \/>\n\t<meta name=\"twitter:data1\" content=\"5\u00a0Minuten\" \/>\n<script type=\"application\/ld+json\" class=\"yoast-schema-graph\">{\"@context\":\"https:\/\/schema.org\",\"@graph\":[{\"@type\":\"WebPage\",\"@id\":\"https:\/\/zoppasindustries.com\/de\/qualita\/omologazione-prodotti\/\",\"url\":\"https:\/\/zoppasindustries.com\/de\/qualita\/omologazione-prodotti\/\",\"name\":\"Umweltmanagementsystem nach ISO 14001: ZI Heating Elements Technologies - Zoppas Industries\",\"isPartOf\":{\"@id\":\"https:\/\/zoppasindustries.com\/de\/#website\"},\"datePublished\":\"2013-04-13T11:00:15+00:00\",\"dateModified\":\"2023-12-05T09:54:18+00:00\",\"description\":\"Unsere Produkte sind zertifiziert und entsprechen den Sicherheitsstandards. Kontaktieren Sie uns f\u00fcr zertifizierte Heizelemente und Systeme, die Ihren spezifischen Anforderungen entsprechen.\",\"breadcrumb\":{\"@id\":\"https:\/\/zoppasindustries.com\/de\/qualita\/omologazione-prodotti\/#breadcrumb\"},\"inLanguage\":\"de\",\"potentialAction\":[{\"@type\":\"ReadAction\",\"target\":[[\"https:\/\/zoppasindustries.com\/de\/qualita\/omologazione-prodotti\/\"]]}]},{\"@type\":\"BreadcrumbList\",\"@id\":\"https:\/\/zoppasindustries.com\/de\/qualita\/omologazione-prodotti\/#breadcrumb\",\"itemListElement\":[{\"@type\":\"ListItem\",\"position\":1,\"name\":\"Home\",\"item\":\"https:\/\/zoppasindustries.com\/de\/\"},{\"@type\":\"ListItem\",\"position\":2,\"name\":\"Qualit\u00e0 e certificazioni di prodotto\",\"item\":\"https:\/\/zoppasindustries.com\/de\/qualita\/\"},{\"@type\":\"ListItem\",\"position\":3,\"name\":\"ZI Heating Element Technologies: Sistema di Gestione Ambientale ISO 14001\"}]},{\"@type\":\"WebSite\",\"@id\":\"https:\/\/zoppasindustries.com\/de\/#website\",\"url\":\"https:\/\/zoppasindustries.com\/de\/\",\"name\":\"Zoppas Industries\",\"description\":\"\",\"potentialAction\":[{\"@type\":\"SearchAction\",\"target\":{\"@type\":\"EntryPoint\",\"urlTemplate\":\"https:\/\/zoppasindustries.com\/de\/?s={search_term_string}\"},\"query-input\":{\"@type\":\"PropertyValueSpecification\",\"valueRequired\":true,\"valueName\":\"search_term_string\"}}],\"inLanguage\":\"de\"}]}<\/script>\n<!-- \/ Yoast SEO plugin. -->","yoast_head_json":{"title":"Umweltmanagementsystem nach ISO 14001: ZI Heating Elements Technologies - Zoppas Industries","description":"Unsere Produkte sind zertifiziert und entsprechen den Sicherheitsstandards. Kontaktieren Sie uns f\u00fcr zertifizierte Heizelemente und Systeme, die Ihren spezifischen Anforderungen entsprechen.","robots":{"index":"index","follow":"follow","max-snippet":"max-snippet:-1","max-image-preview":"max-image-preview:large","max-video-preview":"max-video-preview:-1"},"og_locale":"de_DE","og_type":"article","og_title":"Umweltmanagementsystem nach ISO 14001: ZI Heating Elements Technologies - Zoppas Industries","og_description":"Unsere Produkte sind zertifiziert und entsprechen den Sicherheitsstandards. Kontaktieren Sie uns f\u00fcr zertifizierte Heizelemente und Systeme, die Ihren spezifischen Anforderungen entsprechen.","og_url":"https:\/\/zoppasindustries.com\/de\/qualita\/omologazione-prodotti\/","og_site_name":"Zoppas Industries","article_modified_time":"2023-12-05T09:54:18+00:00","twitter_card":"summary_large_image","twitter_misc":{"Gesch\u00e4tzte Lesezeit":"5\u00a0Minuten"},"schema":{"@context":"https:\/\/schema.org","@graph":[{"@type":"WebPage","@id":"https:\/\/zoppasindustries.com\/de\/qualita\/omologazione-prodotti\/","url":"https:\/\/zoppasindustries.com\/de\/qualita\/omologazione-prodotti\/","name":"Umweltmanagementsystem nach ISO 14001: ZI Heating Elements Technologies - Zoppas Industries","isPartOf":{"@id":"https:\/\/zoppasindustries.com\/de\/#website"},"datePublished":"2013-04-13T11:00:15+00:00","dateModified":"2023-12-05T09:54:18+00:00","description":"Unsere Produkte sind zertifiziert und entsprechen den Sicherheitsstandards. Kontaktieren Sie uns f\u00fcr zertifizierte Heizelemente und Systeme, die Ihren spezifischen Anforderungen entsprechen.","breadcrumb":{"@id":"https:\/\/zoppasindustries.com\/de\/qualita\/omologazione-prodotti\/#breadcrumb"},"inLanguage":"de","potentialAction":[{"@type":"ReadAction","target":[["https:\/\/zoppasindustries.com\/de\/qualita\/omologazione-prodotti\/"]]}]},{"@type":"BreadcrumbList","@id":"https:\/\/zoppasindustries.com\/de\/qualita\/omologazione-prodotti\/#breadcrumb","itemListElement":[{"@type":"ListItem","position":1,"name":"Home","item":"https:\/\/zoppasindustries.com\/de\/"},{"@type":"ListItem","position":2,"name":"Qualit\u00e0 e certificazioni di prodotto","item":"https:\/\/zoppasindustries.com\/de\/qualita\/"},{"@type":"ListItem","position":3,"name":"ZI Heating Element Technologies: Sistema di Gestione Ambientale ISO 14001"}]},{"@type":"WebSite","@id":"https:\/\/zoppasindustries.com\/de\/#website","url":"https:\/\/zoppasindustries.com\/de\/","name":"Zoppas Industries","description":"","potentialAction":[{"@type":"SearchAction","target":{"@type":"EntryPoint","urlTemplate":"https:\/\/zoppasindustries.com\/de\/?s={search_term_string}"},"query-input":{"@type":"PropertyValueSpecification","valueRequired":true,"valueName":"search_term_string"}}],"inLanguage":"de"}]}},"_links":{"self":[{"href":"https:\/\/zoppasindustries.com\/de\/wp-json\/wp\/v2\/pages\/411","targetHints":{"allow":["GET"]}}],"collection":[{"href":"https:\/\/zoppasindustries.com\/de\/wp-json\/wp\/v2\/pages"}],"about":[{"href":"https:\/\/zoppasindustries.com\/de\/wp-json\/wp\/v2\/types\/page"}],"author":[{"embeddable":true,"href":"https:\/\/zoppasindustries.com\/de\/wp-json\/wp\/v2\/users\/1"}],"replies":[{"embeddable":true,"href":"https:\/\/zoppasindustries.com\/de\/wp-json\/wp\/v2\/comments?post=411"}],"version-history":[{"count":4,"href":"https:\/\/zoppasindustries.com\/de\/wp-json\/wp\/v2\/pages\/411\/revisions"}],"predecessor-version":[{"id":20530,"href":"https:\/\/zoppasindustries.com\/de\/wp-json\/wp\/v2\/pages\/411\/revisions\/20530"}],"up":[{"embeddable":true,"href":"https:\/\/zoppasindustries.com\/de\/wp-json\/wp\/v2\/pages\/407"}],"wp:attachment":[{"href":"https:\/\/zoppasindustries.com\/de\/wp-json\/wp\/v2\/media?parent=411"}],"curies":[{"name":"wp","href":"https:\/\/api.w.org\/{rel}","templated":true}]}}