{"id":422,"date":"2013-04-13T11:04:59","date_gmt":"2013-04-13T11:04:59","guid":{"rendered":"http:\/\/www.zoppasindustries.com\/?page_id=422"},"modified":"2023-12-05T11:54:19","modified_gmt":"2023-12-05T09:54:19","slug":"il-lean-team","status":"publish","type":"page","link":"https:\/\/zoppasindustries.com\/de\/il-lean-team\/","title":{"rendered":"Lean laufende Aktivit\u00e4ten"},"content":{"rendered":"<p class=\"qtranxs-available-languages-message qtranxs-available-languages-message-de\">Leider ist der Eintrag nur auf <a href=\"https:\/\/zoppasindustries.com\/en\/wp-json\/wp\/v2\/pages\/422\" class=\"qtranxs-available-language-link qtranxs-available-language-link-en\" title=\"English\">English<\/a> und <a href=\"https:\/\/zoppasindustries.com\/it\/wp-json\/wp\/v2\/pages\/422\" class=\"qtranxs-available-language-link qtranxs-available-language-link-it\" title=\"Italiano\">Italiano<\/a> verf\u00fcgbar.<\/p>","protected":false},"excerpt":{"rendered":"<p>Leider ist der Eintrag nur auf English und Italiano verf\u00fcgbar.<\/p>\n","protected":false},"author":1,"featured_media":0,"parent":0,"menu_order":0,"comment_status":"open","ping_status":"closed","template":"","meta":{"_acf_changed":false,"inline_featured_image":false,"footnotes":""},"class_list":["post-422","page","type-page","status-publish","hentry"],"acf":[],"yoast_head":"<!-- This site is optimized with the Yoast SEO plugin v27.2 - https:\/\/yoast.com\/product\/yoast-seo-wordpress\/ -->\n<title>Lean laufende Aktivit\u00e4ten - Zoppas Industries<\/title>\n<meta name=\"description\" content=\"Tritt dem Lean Team bei f\u00fcr effiziente und effektive Teamarbeit. Verbessere die Produktivit\u00e4t und optimiere Prozesse. Bringe dein Team auf die n\u00e4chste Stufe.\" \/>\n<meta name=\"robots\" content=\"index, follow, max-snippet:-1, max-image-preview:large, max-video-preview:-1\" \/>\n<meta property=\"og:locale\" content=\"de_DE\" \/>\n<meta property=\"og:type\" content=\"article\" \/>\n<meta property=\"og:title\" content=\"Lean laufende Aktivit\u00e4ten - Zoppas Industries\" \/>\n<meta property=\"og:description\" content=\"Tritt dem Lean Team bei f\u00fcr effiziente und effektive Teamarbeit. Verbessere die Produktivit\u00e4t und optimiere Prozesse. Bringe dein Team auf die n\u00e4chste Stufe.\" \/>\n<meta property=\"og:url\" content=\"https:\/\/zoppasindustries.com\/de\/il-lean-team\/\" \/>\n<meta property=\"og:site_name\" content=\"Zoppas Industries\" \/>\n<meta property=\"article:modified_time\" content=\"2023-12-05T09:54:19+00:00\" \/>\n<meta name=\"twitter:card\" content=\"summary_large_image\" \/>\n<script type=\"application\/ld+json\" class=\"yoast-schema-graph\">{\"@context\":\"https:\/\/schema.org\",\"@graph\":[{\"@type\":\"WebPage\",\"@id\":\"https:\/\/zoppasindustries.com\/de\/il-lean-team\/\",\"url\":\"https:\/\/zoppasindustries.com\/de\/il-lean-team\/\",\"name\":\"Lean laufende Aktivit\u00e4ten - Zoppas Industries\",\"isPartOf\":{\"@id\":\"https:\/\/zoppasindustries.com\/de\/#website\"},\"datePublished\":\"2013-04-13T11:04:59+00:00\",\"dateModified\":\"2023-12-05T09:54:19+00:00\",\"description\":\"Tritt dem Lean Team bei f\u00fcr effiziente und effektive Teamarbeit. Verbessere die Produktivit\u00e4t und optimiere Prozesse. Bringe dein Team auf die n\u00e4chste Stufe.\",\"breadcrumb\":{\"@id\":\"https:\/\/zoppasindustries.com\/de\/il-lean-team\/#breadcrumb\"},\"inLanguage\":\"de\",\"potentialAction\":[{\"@type\":\"ReadAction\",\"target\":[[\"https:\/\/zoppasindustries.com\/de\/il-lean-team\/\"]]}]},{\"@type\":\"BreadcrumbList\",\"@id\":\"https:\/\/zoppasindustries.com\/de\/il-lean-team\/#breadcrumb\",\"itemListElement\":[{\"@type\":\"ListItem\",\"position\":1,\"name\":\"Home\",\"item\":\"https:\/\/zoppasindustries.com\/de\/\"},{\"@type\":\"ListItem\",\"position\":2,\"name\":\"Attivit\u00e0 Lean in corso\"}]},{\"@type\":\"WebSite\",\"@id\":\"https:\/\/zoppasindustries.com\/de\/#website\",\"url\":\"https:\/\/zoppasindustries.com\/de\/\",\"name\":\"Zoppas Industries\",\"description\":\"\",\"potentialAction\":[{\"@type\":\"SearchAction\",\"target\":{\"@type\":\"EntryPoint\",\"urlTemplate\":\"https:\/\/zoppasindustries.com\/de\/?s={search_term_string}\"},\"query-input\":{\"@type\":\"PropertyValueSpecification\",\"valueRequired\":true,\"valueName\":\"search_term_string\"}}],\"inLanguage\":\"de\"}]}<\/script>\n<!-- \/ Yoast SEO plugin. -->","yoast_head_json":{"title":"Lean laufende Aktivit\u00e4ten - Zoppas Industries","description":"Tritt dem Lean Team bei f\u00fcr effiziente und effektive Teamarbeit. Verbessere die Produktivit\u00e4t und optimiere Prozesse. Bringe dein Team auf die n\u00e4chste Stufe.","robots":{"index":"index","follow":"follow","max-snippet":"max-snippet:-1","max-image-preview":"max-image-preview:large","max-video-preview":"max-video-preview:-1"},"og_locale":"de_DE","og_type":"article","og_title":"Lean laufende Aktivit\u00e4ten - Zoppas Industries","og_description":"Tritt dem Lean Team bei f\u00fcr effiziente und effektive Teamarbeit. Verbessere die Produktivit\u00e4t und optimiere Prozesse. Bringe dein Team auf die n\u00e4chste Stufe.","og_url":"https:\/\/zoppasindustries.com\/de\/il-lean-team\/","og_site_name":"Zoppas Industries","article_modified_time":"2023-12-05T09:54:19+00:00","twitter_card":"summary_large_image","schema":{"@context":"https:\/\/schema.org","@graph":[{"@type":"WebPage","@id":"https:\/\/zoppasindustries.com\/de\/il-lean-team\/","url":"https:\/\/zoppasindustries.com\/de\/il-lean-team\/","name":"Lean laufende Aktivit\u00e4ten - Zoppas Industries","isPartOf":{"@id":"https:\/\/zoppasindustries.com\/de\/#website"},"datePublished":"2013-04-13T11:04:59+00:00","dateModified":"2023-12-05T09:54:19+00:00","description":"Tritt dem Lean Team bei f\u00fcr effiziente und effektive Teamarbeit. Verbessere die Produktivit\u00e4t und optimiere Prozesse. Bringe dein Team auf die n\u00e4chste Stufe.","breadcrumb":{"@id":"https:\/\/zoppasindustries.com\/de\/il-lean-team\/#breadcrumb"},"inLanguage":"de","potentialAction":[{"@type":"ReadAction","target":[["https:\/\/zoppasindustries.com\/de\/il-lean-team\/"]]}]},{"@type":"BreadcrumbList","@id":"https:\/\/zoppasindustries.com\/de\/il-lean-team\/#breadcrumb","itemListElement":[{"@type":"ListItem","position":1,"name":"Home","item":"https:\/\/zoppasindustries.com\/de\/"},{"@type":"ListItem","position":2,"name":"Attivit\u00e0 Lean in corso"}]},{"@type":"WebSite","@id":"https:\/\/zoppasindustries.com\/de\/#website","url":"https:\/\/zoppasindustries.com\/de\/","name":"Zoppas Industries","description":"","potentialAction":[{"@type":"SearchAction","target":{"@type":"EntryPoint","urlTemplate":"https:\/\/zoppasindustries.com\/de\/?s={search_term_string}"},"query-input":{"@type":"PropertyValueSpecification","valueRequired":true,"valueName":"search_term_string"}}],"inLanguage":"de"}]}},"_links":{"self":[{"href":"https:\/\/zoppasindustries.com\/de\/wp-json\/wp\/v2\/pages\/422","targetHints":{"allow":["GET"]}}],"collection":[{"href":"https:\/\/zoppasindustries.com\/de\/wp-json\/wp\/v2\/pages"}],"about":[{"href":"https:\/\/zoppasindustries.com\/de\/wp-json\/wp\/v2\/types\/page"}],"author":[{"embeddable":true,"href":"https:\/\/zoppasindustries.com\/de\/wp-json\/wp\/v2\/users\/1"}],"replies":[{"embeddable":true,"href":"https:\/\/zoppasindustries.com\/de\/wp-json\/wp\/v2\/comments?post=422"}],"version-history":[{"count":0,"href":"https:\/\/zoppasindustries.com\/de\/wp-json\/wp\/v2\/pages\/422\/revisions"}],"wp:attachment":[{"href":"https:\/\/zoppasindustries.com\/de\/wp-json\/wp\/v2\/media?parent=422"}],"curies":[{"name":"wp","href":"https:\/\/api.w.org\/{rel}","templated":true}]}}