{"id":4983,"date":"2016-12-15T16:23:40","date_gmt":"2016-12-15T16:23:40","guid":{"rendered":"http:\/\/www.zoppasindustries.com\/it\/?page_id=4983"},"modified":"2023-12-05T11:54:20","modified_gmt":"2023-12-05T09:54:20","slug":"cerca-nel-sito","status":"publish","type":"page","link":"https:\/\/zoppasindustries.com\/de\/search\/","title":{"rendered":"Durchsuchen Sie die Website von Zoppas Industries"},"content":{"rendered":"","protected":false},"excerpt":{"rendered":"","protected":false},"author":1,"featured_media":0,"parent":0,"menu_order":0,"comment_status":"closed","ping_status":"closed","template":"tpl\/search.tpl.php","meta":{"_acf_changed":false,"inline_featured_image":false,"footnotes":""},"class_list":["post-4983","page","type-page","status-publish","hentry"],"acf":[],"yoast_head":"<!-- This site is optimized with the Yoast SEO plugin v27.2 - https:\/\/yoast.com\/product\/yoast-seo-wordpress\/ -->\n<title>Durchsuchen Sie die Website von Zoppas Industries - Zoppas Industries<\/title>\n<meta name=\"description\" content=\"Zoppas Industries ist f\u00fchrend im Bereich elektrischer Widerst\u00e4nde und Heizsysteme f\u00fcr verschiedene Branchen. Durchsuchen Sie die Website hier.\" \/>\n<meta name=\"robots\" content=\"index, follow, max-snippet:-1, max-image-preview:large, max-video-preview:-1\" \/>\n<meta property=\"og:locale\" content=\"de_DE\" \/>\n<meta property=\"og:type\" content=\"article\" \/>\n<meta property=\"og:title\" content=\"Durchsuchen Sie die Website von Zoppas Industries - Zoppas Industries\" \/>\n<meta property=\"og:description\" content=\"Zoppas Industries ist f\u00fchrend im Bereich elektrischer Widerst\u00e4nde und Heizsysteme f\u00fcr verschiedene Branchen. Durchsuchen Sie die Website hier.\" \/>\n<meta property=\"og:url\" content=\"https:\/\/zoppasindustries.com\/de\/search\/\" \/>\n<meta property=\"og:site_name\" content=\"Zoppas Industries\" \/>\n<meta property=\"article:modified_time\" content=\"2023-12-05T09:54:20+00:00\" \/>\n<meta name=\"twitter:card\" content=\"summary_large_image\" \/>\n<script type=\"application\/ld+json\" class=\"yoast-schema-graph\">{\"@context\":\"https:\/\/schema.org\",\"@graph\":[{\"@type\":\"WebPage\",\"@id\":\"https:\/\/zoppasindustries.com\/de\/search\/\",\"url\":\"https:\/\/zoppasindustries.com\/de\/search\/\",\"name\":\"Durchsuchen Sie die Website von Zoppas Industries - Zoppas Industries\",\"isPartOf\":{\"@id\":\"https:\/\/zoppasindustries.com\/de\/#website\"},\"datePublished\":\"2016-12-15T16:23:40+00:00\",\"dateModified\":\"2023-12-05T09:54:20+00:00\",\"description\":\"Zoppas Industries ist f\u00fchrend im Bereich elektrischer Widerst\u00e4nde und Heizsysteme f\u00fcr verschiedene Branchen. Durchsuchen Sie die Website hier.\",\"breadcrumb\":{\"@id\":\"https:\/\/zoppasindustries.com\/de\/search\/#breadcrumb\"},\"inLanguage\":\"de\",\"potentialAction\":[{\"@type\":\"ReadAction\",\"target\":[[\"https:\/\/zoppasindustries.com\/de\/search\/\"]]}]},{\"@type\":\"BreadcrumbList\",\"@id\":\"https:\/\/zoppasindustries.com\/de\/search\/#breadcrumb\",\"itemListElement\":[{\"@type\":\"ListItem\",\"position\":1,\"name\":\"Home\",\"item\":\"https:\/\/zoppasindustries.com\/de\/\"},{\"@type\":\"ListItem\",\"position\":2,\"name\":\"Cerca all&#8217;interno del sito Zoppas Industries\"}]},{\"@type\":\"WebSite\",\"@id\":\"https:\/\/zoppasindustries.com\/de\/#website\",\"url\":\"https:\/\/zoppasindustries.com\/de\/\",\"name\":\"Zoppas Industries\",\"description\":\"\",\"potentialAction\":[{\"@type\":\"SearchAction\",\"target\":{\"@type\":\"EntryPoint\",\"urlTemplate\":\"https:\/\/zoppasindustries.com\/de\/?s={search_term_string}\"},\"query-input\":{\"@type\":\"PropertyValueSpecification\",\"valueRequired\":true,\"valueName\":\"search_term_string\"}}],\"inLanguage\":\"de\"}]}<\/script>\n<!-- \/ Yoast SEO plugin. -->","yoast_head_json":{"title":"Durchsuchen Sie die Website von Zoppas Industries - Zoppas Industries","description":"Zoppas Industries ist f\u00fchrend im Bereich elektrischer Widerst\u00e4nde und Heizsysteme f\u00fcr verschiedene Branchen. Durchsuchen Sie die Website hier.","robots":{"index":"index","follow":"follow","max-snippet":"max-snippet:-1","max-image-preview":"max-image-preview:large","max-video-preview":"max-video-preview:-1"},"og_locale":"de_DE","og_type":"article","og_title":"Durchsuchen Sie die Website von Zoppas Industries - Zoppas Industries","og_description":"Zoppas Industries ist f\u00fchrend im Bereich elektrischer Widerst\u00e4nde und Heizsysteme f\u00fcr verschiedene Branchen. Durchsuchen Sie die Website hier.","og_url":"https:\/\/zoppasindustries.com\/de\/search\/","og_site_name":"Zoppas Industries","article_modified_time":"2023-12-05T09:54:20+00:00","twitter_card":"summary_large_image","schema":{"@context":"https:\/\/schema.org","@graph":[{"@type":"WebPage","@id":"https:\/\/zoppasindustries.com\/de\/search\/","url":"https:\/\/zoppasindustries.com\/de\/search\/","name":"Durchsuchen Sie die Website von Zoppas Industries - Zoppas Industries","isPartOf":{"@id":"https:\/\/zoppasindustries.com\/de\/#website"},"datePublished":"2016-12-15T16:23:40+00:00","dateModified":"2023-12-05T09:54:20+00:00","description":"Zoppas Industries ist f\u00fchrend im Bereich elektrischer Widerst\u00e4nde und Heizsysteme f\u00fcr verschiedene Branchen. Durchsuchen Sie die Website hier.","breadcrumb":{"@id":"https:\/\/zoppasindustries.com\/de\/search\/#breadcrumb"},"inLanguage":"de","potentialAction":[{"@type":"ReadAction","target":[["https:\/\/zoppasindustries.com\/de\/search\/"]]}]},{"@type":"BreadcrumbList","@id":"https:\/\/zoppasindustries.com\/de\/search\/#breadcrumb","itemListElement":[{"@type":"ListItem","position":1,"name":"Home","item":"https:\/\/zoppasindustries.com\/de\/"},{"@type":"ListItem","position":2,"name":"Cerca all&#8217;interno del sito Zoppas Industries"}]},{"@type":"WebSite","@id":"https:\/\/zoppasindustries.com\/de\/#website","url":"https:\/\/zoppasindustries.com\/de\/","name":"Zoppas Industries","description":"","potentialAction":[{"@type":"SearchAction","target":{"@type":"EntryPoint","urlTemplate":"https:\/\/zoppasindustries.com\/de\/?s={search_term_string}"},"query-input":{"@type":"PropertyValueSpecification","valueRequired":true,"valueName":"search_term_string"}}],"inLanguage":"de"}]}},"_links":{"self":[{"href":"https:\/\/zoppasindustries.com\/de\/wp-json\/wp\/v2\/pages\/4983","targetHints":{"allow":["GET"]}}],"collection":[{"href":"https:\/\/zoppasindustries.com\/de\/wp-json\/wp\/v2\/pages"}],"about":[{"href":"https:\/\/zoppasindustries.com\/de\/wp-json\/wp\/v2\/types\/page"}],"author":[{"embeddable":true,"href":"https:\/\/zoppasindustries.com\/de\/wp-json\/wp\/v2\/users\/1"}],"replies":[{"embeddable":true,"href":"https:\/\/zoppasindustries.com\/de\/wp-json\/wp\/v2\/comments?post=4983"}],"version-history":[{"count":8,"href":"https:\/\/zoppasindustries.com\/de\/wp-json\/wp\/v2\/pages\/4983\/revisions"}],"predecessor-version":[{"id":20595,"href":"https:\/\/zoppasindustries.com\/de\/wp-json\/wp\/v2\/pages\/4983\/revisions\/20595"}],"wp:attachment":[{"href":"https:\/\/zoppasindustries.com\/de\/wp-json\/wp\/v2\/media?parent=4983"}],"curies":[{"name":"wp","href":"https:\/\/api.w.org\/{rel}","templated":true}]}}