{"id":543,"date":"2013-04-22T10:16:15","date_gmt":"2013-04-22T10:16:15","guid":{"rendered":"http:\/\/www.zoppasindustries.com\/?page_id=543"},"modified":"2023-12-05T11:54:19","modified_gmt":"2023-12-05T09:54:19","slug":"esclusione-responsabilita","status":"publish","type":"page","link":"https:\/\/zoppasindustries.com\/de\/haftungsausschluss\/","title":{"rendered":"Unser Weg des Lean"},"content":{"rendered":"<p><\/p>\n<h2>Informationen der Website<\/h2>\n<p>Die <strong>Inhalte<\/strong> dieser Website sind als allgemeine Informationen zu erachten. Die Umsetzung und die Auswirkung der Gesetze kann sich gegen\u00fcber gegebener Sachverhalte tiefgreifend \u00e4ndern. Aufgrund des unbest\u00e4ndigen Charakters der Gesetze, Normen und Vorschriften aber auch Sicherheitsl\u00fccken in der elektronischen Kommunikation ist es m\u00f6glich dass die Informationen dieser Website Verz\u00f6gerungen, Ungenauigkeiten oder Auslassungen unterliegen.<\/p>\n<p>Daher werden die Inhalte dieser Website als Informationen bereitgestellt, mit der Voraussetzung, dass die Verfasser und Verleger weder in rechtlichen noch buchhalterischen, steuerlichen oder sonstigen Belangen und Dienstleistungen haftbar sind. Als solches darf die Website nicht als Ersatz f\u00fcr die Fachberatung in buchhalterischen, steuerlichen, rechtlichen Fragen und sonstigen Belangen erachtet werden. Es wird daher empfohlen, vor jeder Entscheidung und Einleitung von Ma\u00dfnahmen einen Experten von Zoppas Industries Heating Element Technologies zu kontaktieren.<\/p>\n<p>Obwohl sich Zoppas Industries Heating Element Technologies stark daf\u00fcr eingesetzt hat, absolut zuverl\u00e4ssige und glaubensw\u00fcrdige Informationen auf dieser Website bereitzustellen, haftet das Unternehmen nicht f\u00fcr etwaige Fehler oder Unterlassungen sowie f\u00fcr Ergebnisse, die anhand dieser Informationen erzielt wurden. Alle Informationen werden auf dieser Website in der vorliegenden Form bereitgestellt und gew\u00e4hrleisten keine Vollst\u00e4ndigkeit, Genauigkeit oder Promptheit und sind keine Gew\u00e4hr f\u00fcr Ergebnisse, die durch die Nutzung der Informationen erzielt werden sowie keine explizite oder implizite Gew\u00e4hrleistung.<\/p>\n<p>Weder <strong>Zoppas Industries Heating Element Technologies<\/strong>, noch die damit verbundenen Partner und Unternehmen, Vertreter, Gesellschafter oder Mitarbeiter haften gegen\u00fcber Dritten f\u00fcr beliebige Entscheidungen oder Ma\u00dfnahmen in Bezug auf die Informationen, die diese Website bereitstellt, oder jede Art von Folgeschaden bzw. spezifische und vergleichbare Sch\u00e4den, auch wenn auf die M\u00f6glichkeit solcher Sch\u00e4den hingewiesen wurde.<\/p>\n<p>Diese Website enth\u00e4lt Links zu Internetseiten von Dritten, \u00fcber die das Unternehmen keine Kontrolle hat. Zoppas Industries Heating Element Technologies stellt keine Erkl\u00e4rungen in Bezug auf die Genauigkeit und jeden anderen Aspekt der Inhalte aus, die auf Internetseiten von Dritten bereitgestellt werden.<\/p>","protected":false},"excerpt":{"rendered":"<p>Informationen der Website Die Inhalte dieser Website sind als allgemeine Informationen zu erachten. Die Umsetzung und die Auswirkung der Gesetze kann sich gegen\u00fcber gegebener Sachverhalte tiefgreifend \u00e4ndern. Aufgrund [&hellip;]<\/p>\n","protected":false},"author":1,"featured_media":0,"parent":0,"menu_order":0,"comment_status":"open","ping_status":"closed","template":"","meta":{"_acf_changed":false,"inline_featured_image":false,"footnotes":""},"class_list":["post-543","page","type-page","status-publish","hentry"],"acf":[],"yoast_head":"<!-- This site is optimized with the Yoast SEO plugin v27.2 - https:\/\/yoast.com\/product\/yoast-seo-wordpress\/ -->\n<title>Unser Weg des Lean - Zoppas Industries<\/title>\n<meta name=\"description\" content=\"Zoppas Industries Heating Element Technologies bietet allgemeine Informationen auf ihrer Website an, ersetzt jedoch keine professionelle Beratung. Konsultieren Sie vor jeder Entscheidung einen Fachmann.\" \/>\n<meta name=\"robots\" content=\"index, follow, max-snippet:-1, max-image-preview:large, max-video-preview:-1\" \/>\n<meta property=\"og:locale\" content=\"de_DE\" \/>\n<meta property=\"og:type\" content=\"article\" \/>\n<meta property=\"og:title\" content=\"Unser Weg des Lean - Zoppas Industries\" \/>\n<meta property=\"og:description\" content=\"Zoppas Industries Heating Element Technologies bietet allgemeine Informationen auf ihrer Website an, ersetzt jedoch keine professionelle Beratung. Konsultieren Sie vor jeder Entscheidung einen Fachmann.\" \/>\n<meta property=\"og:url\" content=\"https:\/\/zoppasindustries.com\/de\/esclusione-responsabilita\/\" \/>\n<meta property=\"og:site_name\" content=\"Zoppas Industries\" \/>\n<meta property=\"article:modified_time\" content=\"2023-12-05T09:54:19+00:00\" \/>\n<meta name=\"twitter:card\" content=\"summary_large_image\" \/>\n<meta name=\"twitter:label1\" content=\"Gesch\u00e4tzte Lesezeit\" \/>\n\t<meta name=\"twitter:data1\" content=\"6\u00a0Minuten\" \/>\n<script type=\"application\/ld+json\" class=\"yoast-schema-graph\">{\"@context\":\"https:\/\/schema.org\",\"@graph\":[{\"@type\":\"WebPage\",\"@id\":\"https:\/\/zoppasindustries.com\/de\/esclusione-responsabilita\/\",\"url\":\"https:\/\/zoppasindustries.com\/de\/esclusione-responsabilita\/\",\"name\":\"Unser Weg des Lean - Zoppas Industries\",\"isPartOf\":{\"@id\":\"https:\/\/zoppasindustries.com\/de\/#website\"},\"datePublished\":\"2013-04-22T10:16:15+00:00\",\"dateModified\":\"2023-12-05T09:54:19+00:00\",\"description\":\"Zoppas Industries Heating Element Technologies bietet allgemeine Informationen auf ihrer Website an, ersetzt jedoch keine professionelle Beratung. Konsultieren Sie vor jeder Entscheidung einen Fachmann.\",\"breadcrumb\":{\"@id\":\"https:\/\/zoppasindustries.com\/de\/esclusione-responsabilita\/#breadcrumb\"},\"inLanguage\":\"de\",\"potentialAction\":[{\"@type\":\"ReadAction\",\"target\":[[\"https:\/\/zoppasindustries.com\/de\/esclusione-responsabilita\/\"]]}]},{\"@type\":\"BreadcrumbList\",\"@id\":\"https:\/\/zoppasindustries.com\/de\/esclusione-responsabilita\/#breadcrumb\",\"itemListElement\":[{\"@type\":\"ListItem\",\"position\":1,\"name\":\"Home\",\"item\":\"https:\/\/zoppasindustries.com\/de\/\"},{\"@type\":\"ListItem\",\"position\":2,\"name\":\"La lean vista da Noi &#8211; Il nostro approccio alla lean\"}]},{\"@type\":\"WebSite\",\"@id\":\"https:\/\/zoppasindustries.com\/de\/#website\",\"url\":\"https:\/\/zoppasindustries.com\/de\/\",\"name\":\"Zoppas Industries\",\"description\":\"\",\"potentialAction\":[{\"@type\":\"SearchAction\",\"target\":{\"@type\":\"EntryPoint\",\"urlTemplate\":\"https:\/\/zoppasindustries.com\/de\/?s={search_term_string}\"},\"query-input\":{\"@type\":\"PropertyValueSpecification\",\"valueRequired\":true,\"valueName\":\"search_term_string\"}}],\"inLanguage\":\"de\"}]}<\/script>\n<!-- \/ Yoast SEO plugin. -->","yoast_head_json":{"title":"Unser Weg des Lean - Zoppas Industries","description":"Zoppas Industries Heating Element Technologies bietet allgemeine Informationen auf ihrer Website an, ersetzt jedoch keine professionelle Beratung. Konsultieren Sie vor jeder Entscheidung einen Fachmann.","robots":{"index":"index","follow":"follow","max-snippet":"max-snippet:-1","max-image-preview":"max-image-preview:large","max-video-preview":"max-video-preview:-1"},"og_locale":"de_DE","og_type":"article","og_title":"Unser Weg des Lean - Zoppas Industries","og_description":"Zoppas Industries Heating Element Technologies bietet allgemeine Informationen auf ihrer Website an, ersetzt jedoch keine professionelle Beratung. Konsultieren Sie vor jeder Entscheidung einen Fachmann.","og_url":"https:\/\/zoppasindustries.com\/de\/esclusione-responsabilita\/","og_site_name":"Zoppas Industries","article_modified_time":"2023-12-05T09:54:19+00:00","twitter_card":"summary_large_image","twitter_misc":{"Gesch\u00e4tzte Lesezeit":"6\u00a0Minuten"},"schema":{"@context":"https:\/\/schema.org","@graph":[{"@type":"WebPage","@id":"https:\/\/zoppasindustries.com\/de\/esclusione-responsabilita\/","url":"https:\/\/zoppasindustries.com\/de\/esclusione-responsabilita\/","name":"Unser Weg des Lean - Zoppas Industries","isPartOf":{"@id":"https:\/\/zoppasindustries.com\/de\/#website"},"datePublished":"2013-04-22T10:16:15+00:00","dateModified":"2023-12-05T09:54:19+00:00","description":"Zoppas Industries Heating Element Technologies bietet allgemeine Informationen auf ihrer Website an, ersetzt jedoch keine professionelle Beratung. Konsultieren Sie vor jeder Entscheidung einen Fachmann.","breadcrumb":{"@id":"https:\/\/zoppasindustries.com\/de\/esclusione-responsabilita\/#breadcrumb"},"inLanguage":"de","potentialAction":[{"@type":"ReadAction","target":[["https:\/\/zoppasindustries.com\/de\/esclusione-responsabilita\/"]]}]},{"@type":"BreadcrumbList","@id":"https:\/\/zoppasindustries.com\/de\/esclusione-responsabilita\/#breadcrumb","itemListElement":[{"@type":"ListItem","position":1,"name":"Home","item":"https:\/\/zoppasindustries.com\/de\/"},{"@type":"ListItem","position":2,"name":"La lean vista da Noi &#8211; Il nostro approccio alla lean"}]},{"@type":"WebSite","@id":"https:\/\/zoppasindustries.com\/de\/#website","url":"https:\/\/zoppasindustries.com\/de\/","name":"Zoppas Industries","description":"","potentialAction":[{"@type":"SearchAction","target":{"@type":"EntryPoint","urlTemplate":"https:\/\/zoppasindustries.com\/de\/?s={search_term_string}"},"query-input":{"@type":"PropertyValueSpecification","valueRequired":true,"valueName":"search_term_string"}}],"inLanguage":"de"}]}},"_links":{"self":[{"href":"https:\/\/zoppasindustries.com\/de\/wp-json\/wp\/v2\/pages\/543","targetHints":{"allow":["GET"]}}],"collection":[{"href":"https:\/\/zoppasindustries.com\/de\/wp-json\/wp\/v2\/pages"}],"about":[{"href":"https:\/\/zoppasindustries.com\/de\/wp-json\/wp\/v2\/types\/page"}],"author":[{"embeddable":true,"href":"https:\/\/zoppasindustries.com\/de\/wp-json\/wp\/v2\/users\/1"}],"replies":[{"embeddable":true,"href":"https:\/\/zoppasindustries.com\/de\/wp-json\/wp\/v2\/comments?post=543"}],"version-history":[{"count":2,"href":"https:\/\/zoppasindustries.com\/de\/wp-json\/wp\/v2\/pages\/543\/revisions"}],"predecessor-version":[{"id":20536,"href":"https:\/\/zoppasindustries.com\/de\/wp-json\/wp\/v2\/pages\/543\/revisions\/20536"}],"wp:attachment":[{"href":"https:\/\/zoppasindustries.com\/de\/wp-json\/wp\/v2\/media?parent=543"}],"curies":[{"name":"wp","href":"https:\/\/api.w.org\/{rel}","templated":true}]}}