{"id":10089,"date":"2020-03-13T14:38:02","date_gmt":"2020-03-13T14:38:02","guid":{"rendered":"http:\/\/www.zoppasindustries.com\/it\/?page_id=10089"},"modified":"2023-12-05T11:54:22","modified_gmt":"2023-12-05T09:54:22","slug":"covid-19","status":"publish","type":"page","link":"https:\/\/zoppasindustries.com\/en\/covid-19\/","title":{"rendered":"Zoppas Industries against Covid"},"content":{"rendered":"<p><\/p>\n<p style=\"text-align: center;\"><a href=\"https:\/\/www.zoppasindustries.com\/en\/news\/close-to-those-fighting-against-the-emergency\/\" target=\"_blank\" rel=\"noopener\"><img decoding=\"async\" class=\"aligncenter size-full wp-image-10107\" src=\"https:\/\/www.zoppasindustries.com\/wp-content\/uploads\/2020\/03\/Banner-Covid-19-Versione-UK.jpg\" alt=\"\" width=\"100%\" height=\"100%\" srcset=\"https:\/\/zoppasindustries.com\/wp-content\/uploads\/2020\/03\/Banner-Covid-19-Versione-UK.jpg 700w, https:\/\/zoppasindustries.com\/wp-content\/uploads\/2020\/03\/Banner-Covid-19-Versione-UK-300x300.jpg 300w, https:\/\/zoppasindustries.com\/wp-content\/uploads\/2020\/03\/Banner-Covid-19-Versione-UK-150x150.jpg 150w, https:\/\/zoppasindustries.com\/wp-content\/uploads\/2020\/03\/Banner-Covid-19-Versione-UK-70x70.jpg 70w\" sizes=\"(max-width: 700px) 100vw, 700px\" \/><\/a><\/p>\n<p><\/p>","protected":false},"excerpt":{"rendered":"","protected":false},"author":1,"featured_media":0,"parent":0,"menu_order":0,"comment_status":"closed","ping_status":"closed","template":"","meta":{"_acf_changed":false,"inline_featured_image":false,"footnotes":""},"class_list":["post-10089","page","type-page","status-publish","hentry"],"acf":[],"yoast_head":"<!-- This site is optimized with the Yoast SEO plugin v27.2 - https:\/\/yoast.com\/product\/yoast-seo-wordpress\/ -->\n<title>Zoppas Industries against Covid - Zoppas Industries<\/title>\n<meta name=\"description\" content=\"Zoppas Industries est\u00e1 apoyando a aquellos que luchan contra la emergencia del COVID-19. Haz clic aqu\u00ed para obtener m\u00e1s informaci\u00f3n y unirte a sus esfuerzos.\" \/>\n<meta name=\"robots\" content=\"index, follow, max-snippet:-1, max-image-preview:large, max-video-preview:-1\" \/>\n<meta property=\"og:locale\" content=\"en_US\" \/>\n<meta property=\"og:type\" content=\"article\" \/>\n<meta property=\"og:title\" content=\"Zoppas Industries against Covid - Zoppas Industries\" \/>\n<meta property=\"og:description\" content=\"Zoppas Industries est\u00e1 apoyando a aquellos que luchan contra la emergencia del COVID-19. Haz clic aqu\u00ed para obtener m\u00e1s informaci\u00f3n y unirte a sus esfuerzos.\" \/>\n<meta property=\"og:url\" content=\"https:\/\/zoppasindustries.com\/en\/covid-19\/\" \/>\n<meta property=\"og:site_name\" content=\"Zoppas Industries\" \/>\n<meta property=\"article:modified_time\" content=\"2023-12-05T09:54:22+00:00\" \/>\n<meta property=\"og:image\" content=\"https:\/\/www.zoppasindustries.com\/wp-content\/uploads\/2020\/03\/Banner-Covid-19-Versione-UK.jpg\" \/>\n<meta name=\"twitter:card\" content=\"summary_large_image\" \/>\n<script type=\"application\/ld+json\" class=\"yoast-schema-graph\">{\"@context\":\"https:\/\/schema.org\",\"@graph\":[{\"@type\":\"WebPage\",\"@id\":\"https:\/\/zoppasindustries.com\/en\/covid-19\/\",\"url\":\"https:\/\/zoppasindustries.com\/en\/covid-19\/\",\"name\":\"Zoppas Industries against Covid - Zoppas Industries\",\"isPartOf\":{\"@id\":\"https:\/\/zoppasindustries.com\/en\/#website\"},\"primaryImageOfPage\":{\"@id\":\"https:\/\/zoppasindustries.com\/en\/covid-19\/#primaryimage\"},\"image\":{\"@id\":\"https:\/\/zoppasindustries.com\/it\/covid-19\/#primaryimage\"},\"thumbnailUrl\":\"https:\/\/www.zoppasindustries.com\/wp-content\/uploads\/2020\/03\/Banner-Covid-19-Versione-UK.jpg\",\"datePublished\":\"2020-03-13T14:38:02+00:00\",\"dateModified\":\"2023-12-05T09:54:22+00:00\",\"description\":\"Zoppas Industries est\u00e1 apoyando a aquellos que luchan contra la emergencia del COVID-19. Haz clic aqu\u00ed para obtener m\u00e1s informaci\u00f3n y unirte a sus esfuerzos.\",\"breadcrumb\":{\"@id\":\"https:\/\/zoppasindustries.com\/en\/covid-19\/#breadcrumb\"},\"inLanguage\":\"en-EN\",\"potentialAction\":[{\"@type\":\"ReadAction\",\"target\":[[\"https:\/\/zoppasindustries.com\/en\/covid-19\/\"]]}]},{\"@type\":\"ImageObject\",\"inLanguage\":\"en-EN\",\"@id\":\"https:\/\/zoppasindustries.com\/en\/covid-19\/#primaryimage\",\"url\":\"https:\/\/www.zoppasindustries.com\/wp-content\/uploads\/2020\/03\/Banner-Covid-19-Versione-UK.jpg\",\"contentUrl\":\"https:\/\/www.zoppasindustries.com\/wp-content\/uploads\/2020\/03\/Banner-Covid-19-Versione-UK.jpg\"},{\"@type\":\"BreadcrumbList\",\"@id\":\"https:\/\/zoppasindustries.com\/en\/covid-19\/#breadcrumb\",\"itemListElement\":[{\"@type\":\"ListItem\",\"position\":1,\"name\":\"Home\",\"item\":\"https:\/\/zoppasindustries.com\/en\/\"},{\"@type\":\"ListItem\",\"position\":2,\"name\":\"Zoppas Industries contro il Covid\"}]},{\"@type\":\"WebSite\",\"@id\":\"https:\/\/zoppasindustries.com\/en\/#website\",\"url\":\"https:\/\/zoppasindustries.com\/en\/\",\"name\":\"Zoppas Industries\",\"description\":\"\",\"potentialAction\":[{\"@type\":\"SearchAction\",\"target\":{\"@type\":\"EntryPoint\",\"urlTemplate\":\"https:\/\/zoppasindustries.com\/en\/?s={search_term_string}\"},\"query-input\":{\"@type\":\"PropertyValueSpecification\",\"valueRequired\":true,\"valueName\":\"search_term_string\"}}],\"inLanguage\":\"en-EN\"}]}<\/script>\n<!-- \/ Yoast SEO plugin. -->","yoast_head_json":{"title":"Zoppas Industries against Covid - Zoppas Industries","description":"Zoppas Industries est\u00e1 apoyando a aquellos que luchan contra la emergencia del COVID-19. Haz clic aqu\u00ed para obtener m\u00e1s informaci\u00f3n y unirte a sus esfuerzos.","robots":{"index":"index","follow":"follow","max-snippet":"max-snippet:-1","max-image-preview":"max-image-preview:large","max-video-preview":"max-video-preview:-1"},"og_locale":"en_US","og_type":"article","og_title":"Zoppas Industries against Covid - Zoppas Industries","og_description":"Zoppas Industries est\u00e1 apoyando a aquellos que luchan contra la emergencia del COVID-19. Haz clic aqu\u00ed para obtener m\u00e1s informaci\u00f3n y unirte a sus esfuerzos.","og_url":"https:\/\/zoppasindustries.com\/en\/covid-19\/","og_site_name":"Zoppas Industries","article_modified_time":"2023-12-05T09:54:22+00:00","og_image":[{"url":"https:\/\/www.zoppasindustries.com\/wp-content\/uploads\/2020\/03\/Banner-Covid-19-Versione-UK.jpg","type":"","width":"","height":""}],"twitter_card":"summary_large_image","schema":{"@context":"https:\/\/schema.org","@graph":[{"@type":"WebPage","@id":"https:\/\/zoppasindustries.com\/en\/covid-19\/","url":"https:\/\/zoppasindustries.com\/en\/covid-19\/","name":"Zoppas Industries against Covid - Zoppas Industries","isPartOf":{"@id":"https:\/\/zoppasindustries.com\/en\/#website"},"primaryImageOfPage":{"@id":"https:\/\/zoppasindustries.com\/en\/covid-19\/#primaryimage"},"image":{"@id":"https:\/\/zoppasindustries.com\/it\/covid-19\/#primaryimage"},"thumbnailUrl":"https:\/\/www.zoppasindustries.com\/wp-content\/uploads\/2020\/03\/Banner-Covid-19-Versione-UK.jpg","datePublished":"2020-03-13T14:38:02+00:00","dateModified":"2023-12-05T09:54:22+00:00","description":"Zoppas Industries est\u00e1 apoyando a aquellos que luchan contra la emergencia del COVID-19. Haz clic aqu\u00ed para obtener m\u00e1s informaci\u00f3n y unirte a sus esfuerzos.","breadcrumb":{"@id":"https:\/\/zoppasindustries.com\/en\/covid-19\/#breadcrumb"},"inLanguage":"en-EN","potentialAction":[{"@type":"ReadAction","target":[["https:\/\/zoppasindustries.com\/en\/covid-19\/"]]}]},{"@type":"ImageObject","inLanguage":"en-EN","@id":"https:\/\/zoppasindustries.com\/en\/covid-19\/#primaryimage","url":"https:\/\/www.zoppasindustries.com\/wp-content\/uploads\/2020\/03\/Banner-Covid-19-Versione-UK.jpg","contentUrl":"https:\/\/www.zoppasindustries.com\/wp-content\/uploads\/2020\/03\/Banner-Covid-19-Versione-UK.jpg"},{"@type":"BreadcrumbList","@id":"https:\/\/zoppasindustries.com\/en\/covid-19\/#breadcrumb","itemListElement":[{"@type":"ListItem","position":1,"name":"Home","item":"https:\/\/zoppasindustries.com\/en\/"},{"@type":"ListItem","position":2,"name":"Zoppas Industries contro il Covid"}]},{"@type":"WebSite","@id":"https:\/\/zoppasindustries.com\/en\/#website","url":"https:\/\/zoppasindustries.com\/en\/","name":"Zoppas Industries","description":"","potentialAction":[{"@type":"SearchAction","target":{"@type":"EntryPoint","urlTemplate":"https:\/\/zoppasindustries.com\/en\/?s={search_term_string}"},"query-input":{"@type":"PropertyValueSpecification","valueRequired":true,"valueName":"search_term_string"}}],"inLanguage":"en-EN"}]}},"_links":{"self":[{"href":"https:\/\/zoppasindustries.com\/en\/wp-json\/wp\/v2\/pages\/10089","targetHints":{"allow":["GET"]}}],"collection":[{"href":"https:\/\/zoppasindustries.com\/en\/wp-json\/wp\/v2\/pages"}],"about":[{"href":"https:\/\/zoppasindustries.com\/en\/wp-json\/wp\/v2\/types\/page"}],"author":[{"embeddable":true,"href":"https:\/\/zoppasindustries.com\/en\/wp-json\/wp\/v2\/users\/1"}],"replies":[{"embeddable":true,"href":"https:\/\/zoppasindustries.com\/en\/wp-json\/wp\/v2\/comments?post=10089"}],"version-history":[{"count":12,"href":"https:\/\/zoppasindustries.com\/en\/wp-json\/wp\/v2\/pages\/10089\/revisions"}],"predecessor-version":[{"id":20558,"href":"https:\/\/zoppasindustries.com\/en\/wp-json\/wp\/v2\/pages\/10089\/revisions\/20558"}],"wp:attachment":[{"href":"https:\/\/zoppasindustries.com\/en\/wp-json\/wp\/v2\/media?parent=10089"}],"curies":[{"name":"wp","href":"https:\/\/api.w.org\/{rel}","templated":true}]}}