{"id":321,"date":"2013-04-10T10:30:09","date_gmt":"2013-04-10T10:30:09","guid":{"rendered":"http:\/\/www.zoppasindustries.com\/en\/?page_id=321"},"modified":"2025-11-12T14:37:51","modified_gmt":"2025-11-12T12:37:51","slug":"codice-etico-della-societa","status":"publish","type":"page","link":"https:\/\/zoppasindustries.com\/en\/company-code-statement-of-ethics\/","title":{"rendered":"Code of Ethics: Statement of Ethics &#8211; Download Document"},"content":{"rendered":"<p>Documents download:<\/p>\n<p><a href=\"https:\/\/zoppasindustries.com\/wp-content\/uploads\/2024\/12\/ZI_Appointment-SB_ENG.pdf\">Appointment SB IRCA<\/a><\/p>\n<p><a href=\"https:\/\/zoppasindustries.com\/wp-content\/uploads\/2024\/11\/ZI_Organisation-Management-and-Control-Model_ENG.pdf\">Organisation, Management and Control model &#8211; Persuant to Decree 231\/2001<\/a><\/p>\n<p><a href=\"https:\/\/zoppasindustries.com\/wp-content\/uploads\/2024\/10\/ZI_Codice-Etico-UK_Rev.01_10-24-1.pdf\">Code of Ethics IRCA<\/a><\/p>\n<p><a href=\"https:\/\/zoppasindustries.com\/wp-content\/uploads\/2024\/11\/ZI_Procedura-operativa-whistleblowing-UK_10_24.pdf\">Whistleblowing Procedure<\/a><\/p>","protected":false},"excerpt":{"rendered":"<p>Documents download: Appointment SB IRCA Organisation, Management and Control model &#8211; Persuant to Decree 231\/2001 Code of Ethics IRCA Whistleblowing Procedure<\/p>\n","protected":false},"author":1,"featured_media":0,"parent":0,"menu_order":0,"comment_status":"open","ping_status":"closed","template":"","meta":{"_acf_changed":false,"inline_featured_image":false,"footnotes":""},"class_list":["post-321","page","type-page","status-publish","hentry"],"acf":[],"yoast_head":"<!-- This site is optimized with the Yoast SEO plugin v27.2 - https:\/\/yoast.com\/product\/yoast-seo-wordpress\/ -->\n<title>Code of Ethics: Statement of Ethics - Download Document - Zoppas Industries<\/title>\n<meta name=\"description\" content=\"Descargue el documento del C\u00f3digo de \u00c9tica para comprender las responsabilidades \u00e9ticas y compromisos de IRCA SpA. Haga clic aqu\u00ed para acceder al documento.\" \/>\n<meta name=\"robots\" content=\"index, follow, max-snippet:-1, max-image-preview:large, max-video-preview:-1\" \/>\n<meta property=\"og:locale\" content=\"en_US\" \/>\n<meta property=\"og:type\" content=\"article\" \/>\n<meta property=\"og:title\" content=\"Code of Ethics: Statement of Ethics - Download Document - Zoppas Industries\" \/>\n<meta property=\"og:description\" content=\"Descargue el documento del C\u00f3digo de \u00c9tica para comprender las responsabilidades \u00e9ticas y compromisos de IRCA SpA. Haga clic aqu\u00ed para acceder al documento.\" \/>\n<meta property=\"og:url\" content=\"https:\/\/zoppasindustries.com\/en\/codice-etico-e-mog-231-01\/\" \/>\n<meta property=\"og:site_name\" content=\"Zoppas Industries\" \/>\n<meta property=\"article:modified_time\" content=\"2025-11-12T12:37:51+00:00\" \/>\n<meta name=\"twitter:card\" content=\"summary_large_image\" \/>\n<meta name=\"twitter:label1\" content=\"Est. reading time\" \/>\n\t<meta name=\"twitter:data1\" content=\"1 minute\" \/>\n<script type=\"application\/ld+json\" class=\"yoast-schema-graph\">{\"@context\":\"https:\/\/schema.org\",\"@graph\":[{\"@type\":\"WebPage\",\"@id\":\"https:\/\/zoppasindustries.com\/en\/codice-etico-e-mog-231-01\/\",\"url\":\"https:\/\/zoppasindustries.com\/en\/codice-etico-e-mog-231-01\/\",\"name\":\"Code of Ethics: Statement of Ethics - Download Document - Zoppas Industries\",\"isPartOf\":{\"@id\":\"https:\/\/zoppasindustries.com\/en\/#website\"},\"datePublished\":\"2013-04-10T10:30:09+00:00\",\"dateModified\":\"2025-11-12T12:37:51+00:00\",\"description\":\"Descargue el documento del C\u00f3digo de \u00c9tica para comprender las responsabilidades \u00e9ticas y compromisos de IRCA SpA. Haga clic aqu\u00ed para acceder al documento.\",\"breadcrumb\":{\"@id\":\"https:\/\/zoppasindustries.com\/en\/codice-etico-e-mog-231-01\/#breadcrumb\"},\"inLanguage\":\"en-EN\",\"potentialAction\":[{\"@type\":\"ReadAction\",\"target\":[[\"https:\/\/zoppasindustries.com\/en\/codice-etico-e-mog-231-01\/\"]]}]},{\"@type\":\"BreadcrumbList\",\"@id\":\"https:\/\/zoppasindustries.com\/en\/codice-etico-e-mog-231-01\/#breadcrumb\",\"itemListElement\":[{\"@type\":\"ListItem\",\"position\":1,\"name\":\"Home\",\"item\":\"https:\/\/zoppasindustries.com\/en\/\"},{\"@type\":\"ListItem\",\"position\":2,\"name\":\"Codice Etico: Responsabilit\u00e0 e Impegno Etico di IRCA SpA\"}]},{\"@type\":\"WebSite\",\"@id\":\"https:\/\/zoppasindustries.com\/en\/#website\",\"url\":\"https:\/\/zoppasindustries.com\/en\/\",\"name\":\"Zoppas Industries\",\"description\":\"\",\"potentialAction\":[{\"@type\":\"SearchAction\",\"target\":{\"@type\":\"EntryPoint\",\"urlTemplate\":\"https:\/\/zoppasindustries.com\/en\/?s={search_term_string}\"},\"query-input\":{\"@type\":\"PropertyValueSpecification\",\"valueRequired\":true,\"valueName\":\"search_term_string\"}}],\"inLanguage\":\"en-EN\"}]}<\/script>\n<!-- \/ Yoast SEO plugin. -->","yoast_head_json":{"title":"Code of Ethics: Statement of Ethics - Download Document - Zoppas Industries","description":"Descargue el documento del C\u00f3digo de \u00c9tica para comprender las responsabilidades \u00e9ticas y compromisos de IRCA SpA. Haga clic aqu\u00ed para acceder al documento.","robots":{"index":"index","follow":"follow","max-snippet":"max-snippet:-1","max-image-preview":"max-image-preview:large","max-video-preview":"max-video-preview:-1"},"og_locale":"en_US","og_type":"article","og_title":"Code of Ethics: Statement of Ethics - Download Document - Zoppas Industries","og_description":"Descargue el documento del C\u00f3digo de \u00c9tica para comprender las responsabilidades \u00e9ticas y compromisos de IRCA SpA. Haga clic aqu\u00ed para acceder al documento.","og_url":"https:\/\/zoppasindustries.com\/en\/codice-etico-e-mog-231-01\/","og_site_name":"Zoppas Industries","article_modified_time":"2025-11-12T12:37:51+00:00","twitter_card":"summary_large_image","twitter_misc":{"Est. reading time":"1 minute"},"schema":{"@context":"https:\/\/schema.org","@graph":[{"@type":"WebPage","@id":"https:\/\/zoppasindustries.com\/en\/codice-etico-e-mog-231-01\/","url":"https:\/\/zoppasindustries.com\/en\/codice-etico-e-mog-231-01\/","name":"Code of Ethics: Statement of Ethics - Download Document - Zoppas Industries","isPartOf":{"@id":"https:\/\/zoppasindustries.com\/en\/#website"},"datePublished":"2013-04-10T10:30:09+00:00","dateModified":"2025-11-12T12:37:51+00:00","description":"Descargue el documento del C\u00f3digo de \u00c9tica para comprender las responsabilidades \u00e9ticas y compromisos de IRCA SpA. Haga clic aqu\u00ed para acceder al documento.","breadcrumb":{"@id":"https:\/\/zoppasindustries.com\/en\/codice-etico-e-mog-231-01\/#breadcrumb"},"inLanguage":"en-EN","potentialAction":[{"@type":"ReadAction","target":[["https:\/\/zoppasindustries.com\/en\/codice-etico-e-mog-231-01\/"]]}]},{"@type":"BreadcrumbList","@id":"https:\/\/zoppasindustries.com\/en\/codice-etico-e-mog-231-01\/#breadcrumb","itemListElement":[{"@type":"ListItem","position":1,"name":"Home","item":"https:\/\/zoppasindustries.com\/en\/"},{"@type":"ListItem","position":2,"name":"Codice Etico: Responsabilit\u00e0 e Impegno Etico di IRCA SpA"}]},{"@type":"WebSite","@id":"https:\/\/zoppasindustries.com\/en\/#website","url":"https:\/\/zoppasindustries.com\/en\/","name":"Zoppas Industries","description":"","potentialAction":[{"@type":"SearchAction","target":{"@type":"EntryPoint","urlTemplate":"https:\/\/zoppasindustries.com\/en\/?s={search_term_string}"},"query-input":{"@type":"PropertyValueSpecification","valueRequired":true,"valueName":"search_term_string"}}],"inLanguage":"en-EN"}]}},"_links":{"self":[{"href":"https:\/\/zoppasindustries.com\/en\/wp-json\/wp\/v2\/pages\/321","targetHints":{"allow":["GET"]}}],"collection":[{"href":"https:\/\/zoppasindustries.com\/en\/wp-json\/wp\/v2\/pages"}],"about":[{"href":"https:\/\/zoppasindustries.com\/en\/wp-json\/wp\/v2\/types\/page"}],"author":[{"embeddable":true,"href":"https:\/\/zoppasindustries.com\/en\/wp-json\/wp\/v2\/users\/1"}],"replies":[{"embeddable":true,"href":"https:\/\/zoppasindustries.com\/en\/wp-json\/wp\/v2\/comments?post=321"}],"version-history":[{"count":44,"href":"https:\/\/zoppasindustries.com\/en\/wp-json\/wp\/v2\/pages\/321\/revisions"}],"predecessor-version":[{"id":25379,"href":"https:\/\/zoppasindustries.com\/en\/wp-json\/wp\/v2\/pages\/321\/revisions\/25379"}],"wp:attachment":[{"href":"https:\/\/zoppasindustries.com\/en\/wp-json\/wp\/v2\/media?parent=321"}],"curies":[{"name":"wp","href":"https:\/\/api.w.org\/{rel}","templated":true}]}}