{"id":2558,"date":"2015-05-26T15:47:42","date_gmt":"2015-05-26T15:47:42","guid":{"rendered":"http:\/\/www.zoppasindustries.com\/?page_id=2558"},"modified":"2023-12-05T11:54:20","modified_gmt":"2023-12-05T09:54:20","slug":"cookie-policy","status":"publish","type":"page","link":"https:\/\/zoppasindustries.com\/it\/cookie-policy-ita\/","title":{"rendered":"La nostra cookie policy"},"content":{"rendered":"<p>Il nostro sito web utilizza i &#8220;cookie&#8221;. Utilizzandolo e accettando quanto riportato in questa pagina, acconsenti al loro uso nei termini di seguito riportati.<\/p>\n<h3>Cosa sono i cookie<\/h3>\n<p>I cookie sono brevi file di testo che vengono scaricati sul tuo computer quando navighi in un sito web.<\/p>\n<p>I cookie sono ampiamente utilizzati perch\u00e8 permettono ai siti web di funzionare in modo pi\u00f9 efficiente migliorando l&#8217;esperienza di navigazione.<\/p>\n<p>Di seguito riportiamo quali cookie vengono utilizzati dal nostro sito web.<\/p>\n<h3>Cookie utilizzati su questo sito<\/h3>\n<p>In base alla funzione e alla finalit\u00e0 di utilizzo, i cookie possono suddividersi in cookie tecnici, senza i quali il nostro sito non potrebbe funzionare e cookie di profilazione pubblicitaria. I cookie possono essere inviati direttamente dal nostro sito, chiamati cookie di prime-parti, oppure da altri siti che pubblicando contenuti sulle pagine del nostro sito, detti cookie di terze parti. Un cookie, infine, pu\u00f2 essere di sessione , ovvero essere cancellato dal browser alla chiusura del programma, oppure persistente, ovvero avere una scadenza ben definita nel tempo.<\/p>\n<p>Di seguito sono illustrati i cookie utilizzati dal nostro sito web:<\/p>\n<table>\n<tbody>\n<tr>\n<th>NOME DEL COOKIE<\/th>\n<th>SCOPO<\/th>\n<th>TIPO<\/th>\n<\/tr>\n<tr>\n<td>_gat<\/td>\n<td>Tecnico: Cookie di Google Analytics<\/td>\n<td>persistente, prime parti<\/td>\n<\/tr>\n<tr>\n<td colspan=\"1\">_ga<\/td>\n<td colspan=\"1\">Tecnico: Cookie di Google Analytics<\/td>\n<td colspan=\"1\">persistente, prime parti<\/td>\n<\/tr>\n<tr>\n<td colspan=\"1\">__utma<\/td>\n<td colspan=\"1\">Tecnico: Cookie di Google Analytics<\/td>\n<td colspan=\"1\">persistente, prime parti<\/td>\n<\/tr>\n<tr>\n<td colspan=\"1\">__utmb<\/td>\n<td colspan=\"1\">Tecnico: Cookie di Google Analytics<\/td>\n<td colspan=\"1\">persistente, prime parti<\/td>\n<\/tr>\n<tr>\n<td colspan=\"1\">__utmc<\/td>\n<td colspan=\"1\">Tecnico: Cookie di Google Analytics<\/td>\n<td colspan=\"1\">sessione, prime parti<\/td>\n<\/tr>\n<tr>\n<td colspan=\"1\">__utmt<\/td>\n<td colspan=\"1\">Tecnico: Cookie di Google Analytics<\/td>\n<td colspan=\"1\">persistente, prime parti<\/td>\n<\/tr>\n<tr>\n<td colspan=\"1\">qtrans_cookie_test<\/td>\n<td colspan=\"1\">Tecnico: relativo alla funzionalit\u00e0 multilingua<\/td>\n<td colspan=\"1\">sessione, prime parti<\/td>\n<\/tr>\n<tr>\n<td colspan=\"1\">wordpress_<\/td>\n<td colspan=\"1\">Tecnico: traccia la sessione di navigazione per l&#8217;utente autenticato<\/td>\n<td colspan=\"1\">sessione, prime parti<\/td>\n<\/tr>\n<tr>\n<td colspan=\"1\">viewed_cookie_policy<\/td>\n<td colspan=\"1\">Tecnico: memorizza il tuo consenso alla ricezione di cookie<\/td>\n<td colspan=\"1\">persistente, prime parti<\/td>\n<\/tr>\n<\/tbody>\n<\/table>\n<p>Inoltre, sul nostro sito alcuni servizi sono garantiti da terze parti. Non abbiamo controllo sui cookie inviati dai loro domini, in quanto variano senza preavviso.<\/p>\n<p>Di seguito forniamo un elenco delle terze parti e per ognuna di loro specifichiamo la rispettiva politica di gestione dei dati personali<\/p>\n<table>\n<tbody>\n<tr>\n<td colspan=\"1\">YouTube<\/td>\n<td colspan=\"1\">Usiamo il servizio &#8220;YouTube&#8221; per ospitare contenuti video all&#8217;interno delle pagine web del nostro sito<\/p>\n<p>Maggiori informazioni riguardo alla gestione dei dati per Google sono disponibili a <a href=\"http:\/\/www.google.com\/policies\/privacy\/\">http:\/\/www.google.com\/policies\/privacy\/<\/a><\/td>\n<\/tr>\n<\/tbody>\n<\/table>\n<h3>Cookie di Google Analytics<\/h3>\n<p>Utilizziamo Google Analytics per monitorare il comportamento degli utenti sul sito web a fini statistici. \u00a0Le informazioni che raccogliamo ci servono per generare report sull&#8217;usabilit\u00e0 del sito.<\/p>\n<p>I cookie di web analytics che utilizziamo sono: _gat e\u00a0<em>ga; tutti i cookie __<\/em>utm.<\/p>\n<p>Questi cookie sono di prime parti, tuttavia Google Analytics \u00e8 un servizio molto utilizzato ed \u00e8 pertanto possibile decidere di non ricevere pi\u00f9 cookie di questo tipo utilizzando le impostazioni\u00a0<a href=\"http:\/\/tools.google.com\/dlpage\/gaoptout\">http:\/\/tools.google.com\/dlpage\/gaoptout<\/a>.<\/p>\n<p>La privacy policy di Google \u00e8 disponibile al\u00a0<a href=\"http:\/\/www.google.com\/policies\/privacy\/\">http:\/\/www.google.com\/policies\/privacy\/<\/a>.<\/p>\n<h3>Gestione dei Cookie<\/h3>\n<p>Se vuoi cancellare, disabilitare o ripristinare i cookie presenti sul tuo computer, puoi farlo utilizzando le pagine di configurazione cookie messe a disposizione da eventuali fornitori di contenuti di terze parti, oppure tramite le opzioni del tuo browser.<\/p>\n<p>Di seguito riportiamo un elenco di istruzioni per gestire i cookie in relazione ai browser pi\u00f9 diffusi:<\/p>\n<ul>\n<li>Chrome &#8211; <a href=\"https:\/\/support.google.com\/chrome\/answer\/95647?hl=en&amp;topic=14666&amp;ctx=topic\">https:\/\/support.google.com\/chrome\/answer\/95647?hl=en&amp;topic=14666&amp;ctx=topic<\/a><\/li>\n<\/ul>\n<ul>\n<li>Firefox &#8211; <a href=\"https:\/\/support.mozilla.org\/en-US\/kb\/cookies-information-websites-store-on-your-computer\">https:\/\/support.mozilla.org\/en-US\/kb\/cookies-information-websites-store-on-your-computer<\/a><\/li>\n<\/ul>\n<ul>\n<li>Internet Explorer &#8211; <a href=\"http:\/\/windows.microsoft.com\/en-US\/internet-explorer\/delete-manage-cookies#ie=ie-11\">http:\/\/windows.microsoft.com\/en-US\/internet-explorer\/delete-manage-cookies#ie=ie-11<\/a><\/li>\n<\/ul>\n<ul>\n<li>Safari &#8211; <a href=\"https:\/\/support.apple.com\/kb\/PH17191?viewlocale=en_US&amp;locale=en_GB\">https:\/\/support.apple.com\/kb\/PH17191?viewlocale=en_US&amp;locale=en_GB<\/a><\/li>\n<\/ul>\n<p>Se usi un dispositivo mobile, fai riferimento al suo manuale di istruzioni per scoprire come gestire i cookie.<\/p>","protected":false},"excerpt":{"rendered":"<p>Il nostro sito web utilizza i &#8220;cookie&#8221;. Utilizzandolo e accettando quanto riportato in questa pagina, acconsenti al loro uso nei termini di seguito riportati. Cosa sono i cookie [&hellip;]<\/p>\n","protected":false},"author":1,"featured_media":0,"parent":0,"menu_order":0,"comment_status":"open","ping_status":"closed","template":"","meta":{"_acf_changed":false,"inline_featured_image":false,"footnotes":""},"class_list":["post-2558","page","type-page","status-publish","hentry"],"acf":[],"yoast_head":"<!-- This site is optimized with the Yoast SEO plugin v27.2 - https:\/\/yoast.com\/product\/yoast-seo-wordpress\/ -->\n<title>La nostra cookie policy - Zoppas Industries<\/title>\n<meta name=\"description\" content=\"Il nostro sito web utilizza i cookie. Utilizzandolo e accettando questa politica, acconsenti al nostro utilizzo dei cookie. Scopri di pi\u00f9 sui cookie e su come gestirli.\" \/>\n<meta name=\"robots\" content=\"index, follow, max-snippet:-1, max-image-preview:large, max-video-preview:-1\" \/>\n<meta property=\"og:locale\" content=\"it_IT\" \/>\n<meta property=\"og:type\" content=\"article\" \/>\n<meta property=\"og:title\" content=\"La nostra cookie policy - Zoppas Industries\" \/>\n<meta property=\"og:description\" content=\"Il nostro sito web utilizza i cookie. Utilizzandolo e accettando questa politica, acconsenti al nostro utilizzo dei cookie. Scopri di pi\u00f9 sui cookie e su come gestirli.\" \/>\n<meta property=\"og:url\" content=\"https:\/\/zoppasindustries.com\/it\/cookie-policy-ita\/\" \/>\n<meta property=\"og:site_name\" content=\"Zoppas Industries\" \/>\n<meta property=\"article:modified_time\" content=\"2023-12-05T09:54:20+00:00\" \/>\n<meta name=\"twitter:card\" content=\"summary_large_image\" \/>\n<meta name=\"twitter:label1\" content=\"Tempo di lettura stimato\" \/>\n\t<meta name=\"twitter:data1\" content=\"6 minuti\" \/>\n<script type=\"application\/ld+json\" class=\"yoast-schema-graph\">{\"@context\":\"https:\/\/schema.org\",\"@graph\":[{\"@type\":\"WebPage\",\"@id\":\"https:\/\/zoppasindustries.com\/it\/cookie-policy-ita\/\",\"url\":\"https:\/\/zoppasindustries.com\/it\/cookie-policy-ita\/\",\"name\":\"La nostra cookie policy - Zoppas Industries\",\"isPartOf\":{\"@id\":\"https:\/\/zoppasindustries.com\/it\/#website\"},\"datePublished\":\"2015-05-26T15:47:42+00:00\",\"dateModified\":\"2023-12-05T09:54:20+00:00\",\"description\":\"Il nostro sito web utilizza i cookie. Utilizzandolo e accettando questa politica, acconsenti al nostro utilizzo dei cookie. Scopri di pi\u00f9 sui cookie e su come gestirli.\",\"breadcrumb\":{\"@id\":\"https:\/\/zoppasindustries.com\/it\/cookie-policy-ita\/#breadcrumb\"},\"inLanguage\":\"it-IT\",\"potentialAction\":[{\"@type\":\"ReadAction\",\"target\":[[\"https:\/\/zoppasindustries.com\/it\/cookie-policy-ita\/\"]]}]},{\"@type\":\"BreadcrumbList\",\"@id\":\"https:\/\/zoppasindustries.com\/it\/cookie-policy-ita\/#breadcrumb\",\"itemListElement\":[{\"@type\":\"ListItem\",\"position\":1,\"name\":\"Home\",\"item\":\"https:\/\/zoppasindustries.com\/it\/\"},{\"@type\":\"ListItem\",\"position\":2,\"name\":\"La nostra cookie policy\"}]},{\"@type\":\"WebSite\",\"@id\":\"https:\/\/zoppasindustries.com\/it\/#website\",\"url\":\"https:\/\/zoppasindustries.com\/it\/\",\"name\":\"Zoppas Industries\",\"description\":\"\",\"potentialAction\":[{\"@type\":\"SearchAction\",\"target\":{\"@type\":\"EntryPoint\",\"urlTemplate\":\"https:\/\/zoppasindustries.com\/it\/?s={search_term_string}\"},\"query-input\":{\"@type\":\"PropertyValueSpecification\",\"valueRequired\":true,\"valueName\":\"search_term_string\"}}],\"inLanguage\":\"it-IT\"}]}<\/script>\n<!-- \/ Yoast SEO plugin. -->","yoast_head_json":{"title":"La nostra cookie policy - Zoppas Industries","description":"Il nostro sito web utilizza i cookie. Utilizzandolo e accettando questa politica, acconsenti al nostro utilizzo dei cookie. Scopri di pi\u00f9 sui cookie e su come gestirli.","robots":{"index":"index","follow":"follow","max-snippet":"max-snippet:-1","max-image-preview":"max-image-preview:large","max-video-preview":"max-video-preview:-1"},"og_locale":"it_IT","og_type":"article","og_title":"La nostra cookie policy - Zoppas Industries","og_description":"Il nostro sito web utilizza i cookie. Utilizzandolo e accettando questa politica, acconsenti al nostro utilizzo dei cookie. Scopri di pi\u00f9 sui cookie e su come gestirli.","og_url":"https:\/\/zoppasindustries.com\/it\/cookie-policy-ita\/","og_site_name":"Zoppas Industries","article_modified_time":"2023-12-05T09:54:20+00:00","twitter_card":"summary_large_image","twitter_misc":{"Tempo di lettura stimato":"6 minuti"},"schema":{"@context":"https:\/\/schema.org","@graph":[{"@type":"WebPage","@id":"https:\/\/zoppasindustries.com\/it\/cookie-policy-ita\/","url":"https:\/\/zoppasindustries.com\/it\/cookie-policy-ita\/","name":"La nostra cookie policy - Zoppas Industries","isPartOf":{"@id":"https:\/\/zoppasindustries.com\/it\/#website"},"datePublished":"2015-05-26T15:47:42+00:00","dateModified":"2023-12-05T09:54:20+00:00","description":"Il nostro sito web utilizza i cookie. Utilizzandolo e accettando questa politica, acconsenti al nostro utilizzo dei cookie. Scopri di pi\u00f9 sui cookie e su come gestirli.","breadcrumb":{"@id":"https:\/\/zoppasindustries.com\/it\/cookie-policy-ita\/#breadcrumb"},"inLanguage":"it-IT","potentialAction":[{"@type":"ReadAction","target":[["https:\/\/zoppasindustries.com\/it\/cookie-policy-ita\/"]]}]},{"@type":"BreadcrumbList","@id":"https:\/\/zoppasindustries.com\/it\/cookie-policy-ita\/#breadcrumb","itemListElement":[{"@type":"ListItem","position":1,"name":"Home","item":"https:\/\/zoppasindustries.com\/it\/"},{"@type":"ListItem","position":2,"name":"La nostra cookie policy"}]},{"@type":"WebSite","@id":"https:\/\/zoppasindustries.com\/it\/#website","url":"https:\/\/zoppasindustries.com\/it\/","name":"Zoppas Industries","description":"","potentialAction":[{"@type":"SearchAction","target":{"@type":"EntryPoint","urlTemplate":"https:\/\/zoppasindustries.com\/it\/?s={search_term_string}"},"query-input":{"@type":"PropertyValueSpecification","valueRequired":true,"valueName":"search_term_string"}}],"inLanguage":"it-IT"}]}},"_links":{"self":[{"href":"https:\/\/zoppasindustries.com\/it\/wp-json\/wp\/v2\/pages\/2558","targetHints":{"allow":["GET"]}}],"collection":[{"href":"https:\/\/zoppasindustries.com\/it\/wp-json\/wp\/v2\/pages"}],"about":[{"href":"https:\/\/zoppasindustries.com\/it\/wp-json\/wp\/v2\/types\/page"}],"author":[{"embeddable":true,"href":"https:\/\/zoppasindustries.com\/it\/wp-json\/wp\/v2\/users\/1"}],"replies":[{"embeddable":true,"href":"https:\/\/zoppasindustries.com\/it\/wp-json\/wp\/v2\/comments?post=2558"}],"version-history":[{"count":2,"href":"https:\/\/zoppasindustries.com\/it\/wp-json\/wp\/v2\/pages\/2558\/revisions"}],"predecessor-version":[{"id":20547,"href":"https:\/\/zoppasindustries.com\/it\/wp-json\/wp\/v2\/pages\/2558\/revisions\/20547"}],"wp:attachment":[{"href":"https:\/\/zoppasindustries.com\/it\/wp-json\/wp\/v2\/media?parent=2558"}],"curies":[{"name":"wp","href":"https:\/\/api.w.org\/{rel}","templated":true}]}}