{"id":850,"date":"2013-05-01T12:48:28","date_gmt":"2013-05-01T12:48:28","guid":{"rendered":"http:\/\/www.zoppasindustries.com\/?page_id=850"},"modified":"2023-12-05T11:54:19","modified_gmt":"2023-12-05T09:54:19","slug":"privacy","status":"publish","type":"page","link":"https:\/\/zoppasindustries.com\/it\/privacy\/","title":{"rendered":"Leggi la nostra informativa sulla privacy"},"content":{"rendered":"<p><\/p>\n<p class=\"western\" align=\"justify\"><span style=\"color: #000000;\"><span style=\"font-size: medium;\">IRCA S.p.A. con sede in Vittorio Veneto (Treviso), Via Caduti del lavoro n.3, P.I. 01168660262, pec. ircaspa@legalmail.it\u00a0<\/span><\/span><b><\/b><span style=\"font-size: medium;\">(di seguito, \u201c<\/span><b><span style=\"font-size: medium;\">Titolare<\/span><\/b><span style=\"font-size: medium;\">\u201d), nella sua veste di Titolare del trattamento ai sensi del Regolamento UE 679\/2016 (&#8220;<\/span><span style=\"font-size: medium;\"><b>GDPR<\/b><\/span><span style=\"font-size: medium;\">&#8220;) e delle leggi privacy applicabili, si impegna a proteggere la privacy degli utenti (&#8220;<\/span><span style=\"font-size: medium;\"><b>Utente\/i<\/b><\/span><span style=\"font-size: medium;\">&#8220;) che consultano il sito www.zoppasindustries.com (di seguito, &#8220;<strong>Sito<\/strong>&#8220;) adottando adeguate misure tecniche ed organizzative per garantire la sicurezza e la confidenzialit\u00e0 delle informazioni ottenute dall&#8217;Utente.<\/span><\/p>\n<h3>1. Fonte dei dati, finalit\u00e0 della raccolta e basi giuridiche del trattamento<\/h3>\n<p class=\"western\" align=\"justify\"><span style=\"font-size: medium;\"><i><u><b>1.1 Dati forniti volontariamente dall&#8217;Utente<\/b><\/u><\/i><\/span><\/p>\n<p class=\"western\" align=\"justify\"><span style=\"font-size: medium;\">L&#8217;invio facoltativo, esplicito e volontario di posta elettronica agli indirizzi indicati sul Sito nella sezione &#8220;Contatti&#8221; da parte degli Utenti comporta la successiva acquisizione dell&#8217;indirizzo del mittente, necessario per rispondere alle richieste, nonch\u00e9 degli eventuali altri dati personali inseriti dall&#8217;Utente stesso nella comunicazione.<br \/>\n<\/span><span style=\"font-size: medium;\"><br \/>\n<\/span><span style=\"font-size: medium;\"><i><u><b>1.2 Dati di navigazione<\/b><\/u><\/i><\/span><\/p>\n<p class=\"western\" align=\"justify\"><span style=\"font-size: medium;\">I sistemi informatici e le procedure software preposte al funzionamento di questo Sito acquisiscono, nel corso del loro normale esercizio, alcuni dati personali la cui trasmissione \u00e8 implicita nell&#8217;uso dei protocolli di comunicazione di Internet.<\/span><\/p>\n<p class=\"western\" align=\"justify\"><span style=\"font-size: medium;\">Si tratta di informazioni che non sono raccolte per essere associate a interessati identificati, ma che per loro stessa natura potrebbero, attraverso elaborazioni ed associazioni con dati detenuti da terzi, permettere di identificare l&#8217;Utente.<\/span><\/p>\n<p class=\"western\" align=\"justify\"><span style=\"font-size: medium;\">In questa categoria di dati rientrano gli indirizzi IP o i MAC address dei computer utilizzati dagli Utenti che si connettono al Sito, gli indirizzi in notazione URI (<i>Uniform Resource Identifier<\/i>) delle risorse richieste, l\u2019orario della richiesta, il metodo utilizzato nel sottoporre la richiesta al server, la dimensione del file ottenuto in risposta, il codice numerico indicante lo stato della risposta data dal server (buon fine, errore, ecc.) ed altri parametri relativi al sistema operativo e all\u2019ambiente informatico dell\u2019Utente.<\/span><\/p>\n<p class=\"western\" align=\"justify\"><span style=\"font-size: medium;\">Questi dati vengono utilizzati al solo fine di ricavare informazioni statistiche anonime sull&#8217;uso del Sito e per controllarne il corretto funzionamento.<\/span><\/p>\n<p align=\"justify\"><span style=\"font-size: medium;\"><i><u><b>1.3 Informazioni raccolte tramite cookie<\/b><\/u><\/i><\/span><\/p>\n<p class=\"western\" align=\"justify\"><span style=\"font-size: medium;\">I cookie sono file di piccole dimensioni inviati dai siti web visitati dall\u2019Utente e memorizzati sul dispositivo utilizzato per accedere a tali siti. Quando l\u2019Utente visita nuovamente lo stesso sito, il browser legge i cookie memorizzati sul dispositivo e ritrasmette le informazioni al sito che originariamente ha creato i cookie. Anche il Sito www.zoppasindustries.com utilizza cookie al fine, ad esempio, di personalizzare e facilitare l\u2019esperienza di navigazione degli Utenti. Non sono utilizzati cookie che hanno la possibilit\u00e0 di avviare programmi sui dispositivi dell\u2019Utente o di inviare virus sugli stessi, o che permettono di instaurare un controllo sui dispositivi dell\u2019Utente. <\/span><\/p>\n<p class=\"western\" align=\"justify\"><span style=\"font-size: medium;\">IIl Sito adotta i cookie tecnici di prima parte che sono necessari al mero funzionamento del Sito, come i cookie di sessione e di funzionalit\u00e0, impiegati dal Titolare per, ad esempio, raccogliere informazioni, in forma aggregata, sul numero degli Utenti e su come questi visitano il Sito stesso, per salvare preferenze di navigazione, quali il layout ed il colore delle pagine del Sito, o ancora per riconoscere l\u2019Utente che torna sul Sito.<\/span><\/p>\n<p class=\"western\" align=\"justify\"><span style=\"font-size: medium;\">I cookie di cui sopra possono essere:<\/span><\/p>\n<ul>\n<li>temporanei, quando sono automaticamente cancellati al termine del collegamento;<\/li>\n<li>permanenti, quando restano memorizzati nel disco fisso dell\u2019utente, a meno che l\u2019utente stesso non li cancelli;<\/li>\n<li>di prima parte, quando sono impostati e gestiti direttamente dal gestore del sito;<\/li>\n<li>di terza parte, quando sono gestiti da un dominio differente da quello visitato dall&#8217;utente.<\/li>\n<\/ul>\n<p class=\"western\" align=\"justify\"><span style=\"font-size: medium;\">In considerazione del fatto che i cookie utilizzati dal Sito sono esclusivamente cookie tecnici, non \u00e8 necessario il consenso dell\u2019Utente per la loro installazione ed il loro funzionamento, tant\u2019\u00e8 che questi cookie vengono installati automaticamente a seguito dell\u2019accesso al Sito. Questo \u00e8 il motivo per cui sulla homepage del Sito non sono presenti banner di consenso all\u2019uso dei cookie. Tuttavia, l\u2019Utente pu\u00f2 decidere di disinstallare anche tali cookie tecnici.<\/span><\/p>\n<p class=\"western\" align=\"justify\"><span style=\"font-size: medium;\">Per disattivare l\u2019utilizzo dei cookie tecnici di prima parte l\u2019Utente dovr\u00e0, quindi, modificare le proprie preferenze sul browser, secondo le modalit\u00e0 di seguito indicate.<\/span><\/p>\n<p class=\"western\" align=\"justify\"><span style=\"font-size: medium;\">Mentre per l\u2019utilizzo dei cookie tecnici non \u00e8 richiesto il consenso dell\u2019Utente, per l\u2019impiego dei cookie di profilazione \u00e8 sempre necessario il suo consenso facoltativo e l\u2019Utente pu\u00f2 scegliere a quali cookie di profilazione prestare il consenso. Il Sito non utilizza cookie di profilazione.<\/span><\/p>\n<p class=\"western\" align=\"justify\"><span style=\"font-size: medium;\">Se l\u2019Utente rifiuta di utilizzare i cookie, essi non saranno utilizzati ma la possibilit\u00e0 di fornire servizi sar\u00e0 ridotta. In quest\u2019ultimo caso, alcune delle funzioni del Sito potrebbero non funzionare perfettamente ed alcuni servizi potrebbero non essere disponibili. Ciascun Utente, quindi, ha la facolt\u00e0 di disattivare i cookie attraverso il software utilizzato per la consultazione della rete Internet (\u201c<b>browser<\/b>\u201d). Per questo motivo il Titolare invita gli Utenti a verificare le impostazioni del proprio browser con riferimento ai cookie e di regolarle secondo le proprie preferenze.<\/span><\/p>\n<p class=\"western\" align=\"justify\"><span style=\"font-size: medium;\">\u00c8 possibile gestire e disattivare i cookie direttamente dalle impostazioni del browser:<\/span><\/p>\n<ul>\n<li><a href=\"https:\/\/support.microsoft.com\/it-it\/help\/17442\/windows-internet-explorer-delete-manage-cookies\">Internet Explorer<\/a><\/li>\n<li><a href=\"https:\/\/support.google.com\/chrome\/answer\/95647?co=GENIE.Platform%3DDesktop&amp;hl=it\">Google Chrome<\/a><\/li>\n<li><a href=\"https:\/\/support.apple.com\/kb\/ph19214?locale=it_IT\">Safari<\/a><\/li>\n<li><a href=\"https:\/\/support.mozilla.org\/it\/kb\/Gestione%20dei%20cookie\">Firefox<\/a><\/li>\n<\/ul>\n<p class=\"western\" align=\"justify\"><span style=\"font-size: medium;\">Di seguito la tabella con i cookies utilizzati dal Sito.<\/span><\/p>\n<table>\n<tbody>\n<tr>\n<th>NOME DEL COOKIE<\/th>\n<th>SCOPO<\/th>\n<th>TIPO<\/th>\n<\/tr>\n<tr>\n<td>_gat<\/td>\n<td>Tecnico: Cookie di Google Analytics<\/td>\n<td>persistente, prime parti<\/td>\n<\/tr>\n<tr>\n<td colspan=\"1\">_ga<\/td>\n<td colspan=\"1\">Tecnico: Cookie di Google Analytics<\/td>\n<td colspan=\"1\">persistente, prime parti<\/td>\n<\/tr>\n<tr>\n<td colspan=\"1\">__utma<\/td>\n<td colspan=\"1\">Tecnico: Cookie di Google Analytics<\/td>\n<td colspan=\"1\">persistente, prime parti<\/td>\n<\/tr>\n<tr>\n<td colspan=\"1\">__utmb<\/td>\n<td colspan=\"1\">Tecnico: Cookie di Google Analytics<\/td>\n<td colspan=\"1\">persistente, prime parti<\/td>\n<\/tr>\n<tr>\n<td colspan=\"1\">__utmc<\/td>\n<td colspan=\"1\">Tecnico: Cookie di Google Analytics<\/td>\n<td colspan=\"1\">sessione, prime parti<\/td>\n<\/tr>\n<tr>\n<td colspan=\"1\">__utmt<\/td>\n<td colspan=\"1\">Tecnico: Cookie di Google Analytics<\/td>\n<td colspan=\"1\">persistente, prime parti<\/td>\n<\/tr>\n<tr>\n<td colspan=\"1\">qtrans_cookie_test<\/td>\n<td colspan=\"1\">Tecnico: relativo alla funzionalit\u00e0 multilingua<\/td>\n<td colspan=\"1\">sessione, prime parti<\/td>\n<\/tr>\n<tr>\n<td colspan=\"1\">wordpress_<\/td>\n<td colspan=\"1\">Tecnico: traccia la sessione di navigazione per l&#8217;utente autenticato<\/td>\n<td colspan=\"1\">sessione, prime parti<\/td>\n<\/tr>\n<tr>\n<td colspan=\"1\">viewed_cookie_policy<\/td>\n<td colspan=\"1\">Tecnico: memorizza il tuo consenso alla ricezione di cookie<\/td>\n<td colspan=\"1\">persistente, prime parti<\/td>\n<\/tr>\n<\/tbody>\n<\/table>\n<p>&nbsp;<\/p>\n<p align=\"justify\"><a href=\"https:\/\/www.zoppasindustries.com\/it\/cookie-policy-ita\/\">Per ulteriori informazioni sulla Cookie Policy<\/a><\/p>\n<p class=\"western\" align=\"justify\"><span style=\"font-size: medium;\"><i><u><b>1.4 Basi giuridiche del trattamento<\/b><\/u><\/i><\/span><\/p>\n<p class=\"western\" align=\"justify\"><span style=\"font-size: medium;\">Le basi giuridiche dei trattamenti dei dati da parte del Titolare per le finalit\u00e0 di cui sopra sono le seguenti: (i) esecuzione di una esplicita richiesta dell\u2019Utente, (ii) esecuzione di un\u2019obbligazione contrattuale, (iii) rispetto di un obbligo legale, (iv) interesse legittimo del Titolare per prevenire frodi ed accertare la responsabilit\u00e0 in caso di ipotetici reati informatici nei suoi confronti.<\/span><\/p>\n<h3>2. Natura obbligatoria o facoltativa del conferimento dei dati<\/h3>\n<p class=\"western\" align=\"justify\"><span style=\"font-size: medium;\">A parte quanto specificato per i dati di navigazione, l\u2019Utente \u00e8 libero di fornire i propri dati personali attraverso l\u2019invio di proprie email contenenti anche specifici dati personali, ad esempio per richiedere informazioni e\/o per richiedere l\u2019invio di materiale informativo o di altre comunicazioni o per fare delle segnalazioni\/domande inerenti al rapporto contrattuale in essere con il Titolare. Si segnala che l\u2019eventuale mancato conferimento al Titolare di determinati dati pu\u00f2 comportare per l\u2019Utente l\u2019impossibilit\u00e0 di ottenere quanto richiesto.<\/span><\/p>\n<h3>3. Modalit\u00e0 del trattamento dei dati e loro conservazione<\/h3>\n<p class=\"western\" align=\"justify\"><span style=\"font-size: medium;\">I dati personali verranno trattati in modo lecito, secondo correttezza, con strumenti automatizzati, con logiche strettamente correlate alle finalit\u00e0 indicate e, in ogni caso, in modo da garantire la sicurezza e la riservatezza dei dati stessi. Tale trattamento potr\u00e0 consistere nella raccolta, elaborazione, registrazione e\/o archiviazione dei dati personali. I dati personali dell\u2019Utente che chiede documenti o materiale informativo (risposte a quesiti, invio di documentazione aggiuntiva, ecc.) sono utilizzati esclusivamente per eseguire la prestazione richiesta e sono comunicati a terzi nel solo caso in cui sia strettamente necessario al fine di far fronte alle richieste dell\u2019Utente.<\/span><\/p>\n<p class=\"western\" align=\"justify\"><span style=\"font-size: medium;\">II dati personali, raccolti in appositi database, sono immagazzinati in server di propriet\u00e0 del Titolare.<\/span><\/p>\n<p class=\"western\" align=\"justify\"><span style=\"font-size: medium;\">I dati personali saranno trattati esclusivamente per il periodo di tempo strettamente necessario per le finalit\u00e0 su indicate per l\u2019esecuzione dell\u2019attivit\u00e0 richiesta e, in ogni caso, non eccedente quanto previsto dalle norme vigenti. Ai sensi del Regolamento, il Titolare ha adottato specifiche misure di sicurezza per evitare la perdita di dati, l\u2019uso illecito e\/o scorretto e\/o l\u2019accesso non autorizzato ai database.<\/span><\/p>\n<h3>4. Ambito di comunicazione<\/h3>\n<p class=\"western\" align=\"justify\"><span style=\"font-size: medium;\">I dati personali dell\u2019Utente verranno trattati soltanto da soggetti preventivamente nominati incaricati del trattamento ovvero responsabili. In particolare, i dati potranno essere comunicati alle seguenti categorie di soggetti esterni: fornitori di servizi (professionali e tecnici) e legittimi destinatari ai sensi di legge. I destinatari dei dati agiscono quali titolari, responsabili o incaricati secondo quanto prescritto dal GDPR e dalle norme applicabili.<\/span><\/p>\n<p class=\"western\" align=\"justify\"><span style=\"font-size: medium;\">Per ricevere la lista aggiornata dei responsabili esterni del trattamento, si potr\u00e0 contattare il seguente indirizzo email: ircaprivacy@zoppas.com. I dati degli Utenti non saranno trasferiti e\/o comunicati al di fuori dell\u2019Unione Europea.<\/span><\/p>\n<h3>5. Sicurezza<\/h3>\n<p class=\"western\" align=\"justify\"><span style=\"font-size: medium;\">I dati personali sono raccolti e conservati in modo sicuro, tramite l\u2019ausilio di misure e procedure tecniche ed organizzative adatte a salvaguardare e rendere sicure le informazioni ed i dati raccolti tramite il Sito. Tali misure sono progettate per prevenire e proteggere le informazioni personali dell&#8217;Utente da perdita, accesso non autorizzato, divulgazione, alterazione o distruzione. IRCA S.p.A., a titolo esemplificativo, potr\u00e0 utilizzare sistemi di crittografia, firewall, anti-virus, blocco fisico, protezione con password e altre misure di sicurezza per impedire l&#8217;accesso non autorizzato alle informazioni personali dell&#8217;Utente.<\/span><\/p>\n<p class=\"western\" align=\"justify\"><span style=\"font-size: medium;\">Nel caso in cui dovesse verificarsi un episodio di &#8220;<\/span><span style=\"font-size: medium;\"><i>data breach<\/i><\/span><span style=\"font-size: medium;\">&#8221; in grado di pregiudicare i diritti e le libert\u00e0 dell&#8217;Utente, IRCA S.p.A. La informer\u00e0 tempestivamente della violazione ai sensi e secondo le modalit\u00e0 previste dal GDPR e dalle norme applicabili.<\/span><\/p>\n<h3>6. Diritti dell&#8217;Utente<\/h3>\n<p class=\"western\" align=\"justify\"><span style=\"font-size: medium;\">In qualit\u00e0 di interessato, l\u2019Utente potr\u00e0 esercitare i diritti di cui all\u2019art. 15 del GDPR e perci\u00f2, potr\u00e0 presentare un\u2019istanza presso l\u2019autorit\u00e0 di controllo competente, accedere ai dati personali, ottenere conferma dal Titolare circa l\u2019effettivo trattamento di dati, chiedere l\u2019aggiornamento dei dati personali, ottenere dal Titolare la correzione dei dati personali, chiedere la cancellazione dei dati personali, chiedere la limitazione del trattamento dei dati personali, chiedere la portabilit\u00e0 degli stessi, opporsi al trattamento dei dati personali. L\u2019Utente potr\u00e0 esercitare i diritti senza alcuna formalit\u00e0 contattando il Titolare al seguente indirizzo e-mail: <a href=\"mailto:ircaprivacy@zoppas.com\">ircaprivacy@zoppas.com<\/a> o al numero di fax: 0438919370.<\/span><\/p>\n<h3>7. Modifiche alla presente Privacy Policy<\/h3>\n<p class=\"western\" align=\"justify\"><span style=\"font-size: medium;\">Fermo restando che il Titolare, in ogni caso, non proceder\u00e0 ad operazioni di trattamento diverse da quelle espressamente autorizzate e\/o richieste da ciascun Utente, la presente informativa potr\u00e0 essere oggetto di modifiche per conformarsi a nuove disposizioni di legge o alle mutate politiche di trattamento dei dati del Titolare.<\/span><\/p>\n<p class=\"western\" align=\"justify\"><span style=\"font-size: medium;\">Ogni versione aggiornata della presente informativa verr\u00e0 resa disponibile sul Sito nella sezione dedicata. Il Titolare invita pertanto tutti gli Utenti a consultare periodicamente il Sito per essere sempre informati dell\u2019ultima versione caricata.<\/span><\/p>\n<p><\/p>","protected":false},"excerpt":{"rendered":"<p>IRCA S.p.A. con sede in Vittorio Veneto (Treviso), Via Caduti del lavoro n.3, P.I. 01168660262, pec. ircaspa@legalmail.it\u00a0(di seguito, \u201cTitolare\u201d), nella sua veste di Titolare del trattamento ai sensi [&hellip;]<\/p>\n","protected":false},"author":1,"featured_media":0,"parent":0,"menu_order":0,"comment_status":"open","ping_status":"closed","template":"","meta":{"_acf_changed":false,"inline_featured_image":false,"footnotes":""},"class_list":["post-850","page","type-page","status-publish","hentry"],"acf":[],"yoast_head":"<!-- This site is optimized with the Yoast SEO plugin v27.2 - https:\/\/yoast.com\/product\/yoast-seo-wordpress\/ -->\n<title>Leggi la nostra informativa sulla privacy - Zoppas Industries<\/title>\n<meta name=\"description\" content=\"Scopri di pi\u00f9 suLeggi la nostra informativa sulla privacysul sito Zoppas Insustries\" \/>\n<meta name=\"robots\" content=\"index, follow, max-snippet:-1, max-image-preview:large, max-video-preview:-1\" \/>\n<meta property=\"og:locale\" content=\"it_IT\" \/>\n<meta property=\"og:type\" content=\"article\" \/>\n<meta property=\"og:title\" content=\"Leggi la nostra informativa sulla privacy - Zoppas Industries\" \/>\n<meta property=\"og:description\" content=\"Scopri di pi\u00f9 suLeggi la nostra informativa sulla privacysul sito Zoppas Insustries\" \/>\n<meta property=\"og:url\" content=\"https:\/\/zoppasindustries.com\/it\/privacy\/\" \/>\n<meta property=\"og:site_name\" content=\"Zoppas Industries\" \/>\n<meta property=\"article:modified_time\" content=\"2023-12-05T09:54:19+00:00\" \/>\n<meta name=\"twitter:card\" content=\"summary_large_image\" \/>\n<meta name=\"twitter:label1\" content=\"Tempo di lettura stimato\" \/>\n\t<meta name=\"twitter:data1\" content=\"35 minuti\" \/>\n<script type=\"application\/ld+json\" class=\"yoast-schema-graph\">{\"@context\":\"https:\/\/schema.org\",\"@graph\":[{\"@type\":\"WebPage\",\"@id\":\"https:\/\/zoppasindustries.com\/it\/privacy\/\",\"url\":\"https:\/\/zoppasindustries.com\/it\/privacy\/\",\"name\":\"Leggi la nostra informativa sulla privacy - Zoppas Industries\",\"isPartOf\":{\"@id\":\"https:\/\/zoppasindustries.com\/it\/#website\"},\"datePublished\":\"2013-05-01T12:48:28+00:00\",\"dateModified\":\"2023-12-05T09:54:19+00:00\",\"description\":\"Scopri di pi\u00f9 suLeggi la nostra informativa sulla privacysul sito Zoppas Insustries\",\"breadcrumb\":{\"@id\":\"https:\/\/zoppasindustries.com\/it\/privacy\/#breadcrumb\"},\"inLanguage\":\"it-IT\",\"potentialAction\":[{\"@type\":\"ReadAction\",\"target\":[[\"https:\/\/zoppasindustries.com\/it\/privacy\/\"]]}]},{\"@type\":\"BreadcrumbList\",\"@id\":\"https:\/\/zoppasindustries.com\/it\/privacy\/#breadcrumb\",\"itemListElement\":[{\"@type\":\"ListItem\",\"position\":1,\"name\":\"Home\",\"item\":\"https:\/\/zoppasindustries.com\/it\/\"},{\"@type\":\"ListItem\",\"position\":2,\"name\":\"Leggi la nostra informativa sulla privacy\"}]},{\"@type\":\"WebSite\",\"@id\":\"https:\/\/zoppasindustries.com\/it\/#website\",\"url\":\"https:\/\/zoppasindustries.com\/it\/\",\"name\":\"Zoppas Industries\",\"description\":\"\",\"potentialAction\":[{\"@type\":\"SearchAction\",\"target\":{\"@type\":\"EntryPoint\",\"urlTemplate\":\"https:\/\/zoppasindustries.com\/it\/?s={search_term_string}\"},\"query-input\":{\"@type\":\"PropertyValueSpecification\",\"valueRequired\":true,\"valueName\":\"search_term_string\"}}],\"inLanguage\":\"it-IT\"}]}<\/script>\n<!-- \/ Yoast SEO plugin. -->","yoast_head_json":{"title":"Leggi la nostra informativa sulla privacy - Zoppas Industries","description":"Scopri di pi\u00f9 suLeggi la nostra informativa sulla privacysul sito Zoppas Insustries","robots":{"index":"index","follow":"follow","max-snippet":"max-snippet:-1","max-image-preview":"max-image-preview:large","max-video-preview":"max-video-preview:-1"},"og_locale":"it_IT","og_type":"article","og_title":"Leggi la nostra informativa sulla privacy - Zoppas Industries","og_description":"Scopri di pi\u00f9 suLeggi la nostra informativa sulla privacysul sito Zoppas Insustries","og_url":"https:\/\/zoppasindustries.com\/it\/privacy\/","og_site_name":"Zoppas Industries","article_modified_time":"2023-12-05T09:54:19+00:00","twitter_card":"summary_large_image","twitter_misc":{"Tempo di lettura stimato":"35 minuti"},"schema":{"@context":"https:\/\/schema.org","@graph":[{"@type":"WebPage","@id":"https:\/\/zoppasindustries.com\/it\/privacy\/","url":"https:\/\/zoppasindustries.com\/it\/privacy\/","name":"Leggi la nostra informativa sulla privacy - Zoppas Industries","isPartOf":{"@id":"https:\/\/zoppasindustries.com\/it\/#website"},"datePublished":"2013-05-01T12:48:28+00:00","dateModified":"2023-12-05T09:54:19+00:00","description":"Scopri di pi\u00f9 suLeggi la nostra informativa sulla privacysul sito Zoppas Insustries","breadcrumb":{"@id":"https:\/\/zoppasindustries.com\/it\/privacy\/#breadcrumb"},"inLanguage":"it-IT","potentialAction":[{"@type":"ReadAction","target":[["https:\/\/zoppasindustries.com\/it\/privacy\/"]]}]},{"@type":"BreadcrumbList","@id":"https:\/\/zoppasindustries.com\/it\/privacy\/#breadcrumb","itemListElement":[{"@type":"ListItem","position":1,"name":"Home","item":"https:\/\/zoppasindustries.com\/it\/"},{"@type":"ListItem","position":2,"name":"Leggi la nostra informativa sulla privacy"}]},{"@type":"WebSite","@id":"https:\/\/zoppasindustries.com\/it\/#website","url":"https:\/\/zoppasindustries.com\/it\/","name":"Zoppas Industries","description":"","potentialAction":[{"@type":"SearchAction","target":{"@type":"EntryPoint","urlTemplate":"https:\/\/zoppasindustries.com\/it\/?s={search_term_string}"},"query-input":{"@type":"PropertyValueSpecification","valueRequired":true,"valueName":"search_term_string"}}],"inLanguage":"it-IT"}]}},"_links":{"self":[{"href":"https:\/\/zoppasindustries.com\/it\/wp-json\/wp\/v2\/pages\/850","targetHints":{"allow":["GET"]}}],"collection":[{"href":"https:\/\/zoppasindustries.com\/it\/wp-json\/wp\/v2\/pages"}],"about":[{"href":"https:\/\/zoppasindustries.com\/it\/wp-json\/wp\/v2\/types\/page"}],"author":[{"embeddable":true,"href":"https:\/\/zoppasindustries.com\/it\/wp-json\/wp\/v2\/users\/1"}],"replies":[{"embeddable":true,"href":"https:\/\/zoppasindustries.com\/it\/wp-json\/wp\/v2\/comments?post=850"}],"version-history":[{"count":38,"href":"https:\/\/zoppasindustries.com\/it\/wp-json\/wp\/v2\/pages\/850\/revisions"}],"predecessor-version":[{"id":20538,"href":"https:\/\/zoppasindustries.com\/it\/wp-json\/wp\/v2\/pages\/850\/revisions\/20538"}],"wp:attachment":[{"href":"https:\/\/zoppasindustries.com\/it\/wp-json\/wp\/v2\/media?parent=850"}],"curies":[{"name":"wp","href":"https:\/\/api.w.org\/{rel}","templated":true}]}}