{"id":2551,"date":"2015-05-25T16:49:48","date_gmt":"2015-05-25T16:49:48","guid":{"rendered":"http:\/\/www.zoppasindustries.com\/?page_id=2551"},"modified":"2023-12-05T11:54:20","modified_gmt":"2023-12-05T09:54:20","slug":"disclaimer","status":"publish","type":"page","link":"https:\/\/zoppasindustries.com\/zh\/english-disclaimer\/","title":{"rendered":"\u91cd\u8981\u514d\u8d23\u58f0\u660e"},"content":{"rendered":"<p>I.R.C.A. S.p.A. \u2013 INDUSTRIA RESISTENZE CORAZZATE E AFFINI<br \/>\n31029 Vittorio Veneto (TV) \u2013 Via Caduti del Lavoro 3<br \/>\nCap. Soc. \u20ac 28.600.000 i. v.<\/p>\n<p>Registered Office: Irca Spa Via Caduti del Lavoro 3, 31029, Vittorio Veneto \u2013 Italy<br \/>\nOperational Headquarters: Via Podgora, 26 \u2013 31029 Vittorio Veneto (TV) \u2013 Italy<br \/>\nTel. +39 0438 4901 \u2013 Fax +39 0438 401240 \u2013 400045<br \/>\nCap. Soc. \u20ac 28.600.000 i.v. \u2013 R.E.A. 145204 C.C.I.A.A. TV<br \/>\nCodice Fiscale, Partita IVA e Iscr. Reg. Impr. TV n. 01168660262 \u2013 Codice ISO IT 01168660262<br \/>\nirca@zoppas.com \u2013 www.zoppasindustries.com<\/p>\n<p><strong>ITALIAN<\/strong><br \/>\nQuesto messaggio e i suoi allegati sono confidenziali, riservati e destinati esclusivamente al destinatario in indirizzo. \u00c8 proibita ogni diffusione a soggetti diversi. Se ricevete questa comunicazione per errore contattate il mittente e cancellate il messaggio e le informazioni\u00a0da ogni computer. Le eventuali valutazioni espresse in questo messaggio sono unicamente quelle del mittente e non riflettono la visione aziendale.\u00a0La trasmissione di e-mail non pu\u00f2 essere garantita come sicura o priva di errori e i dati potrebbero arrivare in ritardo o incompleti, o contenere malware e pertanto il mittente non si assume responsabilit\u00e0 per errori od omissioni nel contenuto di questo messaggio accaduti durante la trasmissione.\u00a0Il presente messaggio e le risposte allo stesso potranno essere conosciute dall\u2019organizzazione lavorativa di appartenenza del mittente\u00a0secondo le modalit\u00e0 previste dal regolamento Aziendale adottato in materia.<\/p>\n<p><strong>ENGLISH<\/strong><br \/>\nThis message, including any attachment, is intended for the use of the individual or entity to which it is addressed and may contain information that is confidential, privileged and exempt from disclosure under applicable law. If the reader of this message is not the<br \/>\nintended recipient, you are hereby notified that any printing, copying, dissemination, distribution, disclosure or forwarding of this communication is strictly prohibited. If you have received this communication in error, please contact the sender immediately and<br \/>\ndelete it from your system. Any evaluation expressed on this message is related to sender evaluation and is not intended to express the company point of view.Transmission of this e-mail cannot be guarantee as safe or faultless and data could be incomplete or delayed, or contain malware. Therefore the sender cannot be responsible for any fault or omission happen on transmission of this e-mail contents.This message and related answers could be known by the company organization of the sender, in respect of the procedures provided by the Company Regulations on this matter.<\/p>\n<p><strong>SPANISH<\/strong><br \/>\nEste mensaje, incluyendo cualquier archivo adjunto, est\u00e1 destinado para el uso de la persona o entidad a la que va dirigida y puede contener informaci\u00f3n que es confidencial o privilegiada. Si el lector de este mensaje no es el destinatario previsto, se le notifica que cualquier impresi\u00f3n, copia, difusi\u00f3n, distribuci\u00f3n, divulgaci\u00f3n o reenv\u00edo de esta comunicaci\u00f3n est\u00e1 estrictamente prohibido. Si ha recibido este mensaje por error, por favor p\u00f3ngase en contacto con el remitente de inmediato y elim\u00ednelo de su sistema.<br \/>\nCualquier opini\u00f3n expresada en este mensaje es exclusiva del remitente y no refleja la visi\u00f3n de la empresa. La transmisi\u00f3n de correo electr\u00f3nico no se puede garantizar como segura o libre de fallos y los datos podr\u00edan llegar incompletos, sufrir retardos, o contener software malicioso. Por lo tanto, el remitente no se asume como responsable de cualquier falta u omisi\u00f3n ocurrida durante la transmisi\u00f3n del contenido de este correo electr\u00f3nico. Este mensaje y las respuestas relacionadas podr\u00edan ser conocidas por la administraci\u00f3n de la empresa del remitente, de acuerdo a los procedimientos previstos en los reglamentos de la compa\u00f1\u00eda en esta materia.<\/p>\n<p><strong>CHINESE<\/strong><br \/>\n\u672c\u90ae\u4ef6\uff0c\u5305\u62ec\u4efb\u4f55\u9644\u4ef6\uff0c\u4ec5\u4f9b\u53d1\u4ef6\u5730\u5740\u4e0a\u7684\u6536\u4ef6\u4e2a\u4eba\u6216\u5b9e\u4f53\u4f7f\u7528\uff0c\u53ef\u80fd\u5305\u542b\u4fdd\u5bc6\uff0c\u7279\u6743\u548c\u8c41 \u514d\u9075\u5b88\u9002\u7528\u6cd5\u5f8b\u7684\u4fe1\u606f\u3002\u5982\u679c\u60a8\u4e0d\u662f\u6b64\u90ae\u4ef6\u7684\u9884\u671f\u6536\u4ef6\u4eba\uff0c\u4e25\u7981\u5370\u5237\uff0c\u590d\u5236\uff0c\u53d1\u5e03\uff0c\u5206\u53d1\uff0c\u62ab\u9732\u6216\u8f6c\u53d1\u3002\u5982\u679c\u60a8\u9519\u8bef\u5730\u6536\u5230\u6b64\u90ae\u4ef6\uff0c\u8bf7\u7acb\u5373\u8054\u7cfb\u53d1\u4ef6\u4eba\uff0c\u5e76\u7acb\u5373\u4ece\u7cfb\u7edf\u4e2d\u5220\u9664\u5b83\u3002\u672c\u90ae\u4ef6\u7684\u4efb\u4f55\u8bc4\u4ef7\u53ea\u4ee3\u8868\u53d1\u4ef6\u65b9\uff0c\u5e76\u4e0d\u4ee3\u8868\u516c\u53f8\u7684\u89c2\u70b9\u3002\u6b64\u7535\u5b50\u90ae\u4ef6\u7684\u53d1\u9001\u4e0d\u80fd\u4fdd\u8bc1\u662f\u5b89\u5168\u7684\u6216\u5b8c\u597d\u7684\uff0c\u6570\u636e\u53ef\u80fd\u4e0d\u5b8c\u6574\u6216\u5ef6\u8bef\uff0c\u6216\u5305\u542b\u6076\u610f\u8f6f\u4ef6\u3002\u56e0\u6b64\uff0c\u53d1\u4ef6\u4eba\u4e0d\u5bf9\u5728\u8fd9\u4e2a\u7535\u5b50\u90ae\u4ef6\u7684\u5185\u5bb9\u4f20\u8f93\u4e2d\u7684\u4efb\u4f55\u9519\u8bef\u6216\u9057\u6f0f\u8d1f\u8d23\u3002\u53d1\u4ef6\u8005\u7684\u516c\u53f8\u7ec4\u7ec7\u6709\u6743\u77e5\u9053\u672c\u90ae\u4ef6\u548c\u76f8\u5173\u7b54\u590d\uff0c\u6b64\u89c4\u5b9a\u4e5f\u9075\u4ece\u516c\u53f8\u7684\u6cd5\u89c4\u3002<\/p>\n","protected":false},"excerpt":{"rendered":"<p>I.R.C.A. S.p.A. \u2013 INDUSTRIA  [&hellip;]<\/p>\n","protected":false},"author":1,"featured_media":0,"parent":0,"menu_order":0,"comment_status":"open","ping_status":"closed","template":"","meta":{"_acf_changed":false,"inline_featured_image":false,"footnotes":""},"class_list":["post-2551","page","type-page","status-publish","hentry"],"acf":[],"yoast_head":"<!-- This site is optimized with the Yoast SEO plugin v27.2 - https:\/\/yoast.com\/product\/yoast-seo-wordpress\/ -->\n<title>\u91cd\u8981\u514d\u8d23\u58f0\u660e - Zoppas Industries\u4f50\u5e15\u65af\u5de5\u4e1a<\/title>\n<meta name=\"description\" content=\"\u8bf7\u8054\u7cfbI.R.C.A. S.p.A.\u4ee5\u83b7\u53d6\u4efb\u4f55\u54a8\u8be2\u6216\u8bf7\u6c42\u66f4\u591a\u4fe1\u606f\u3002\u8bf7\u8bbf\u95ee\u4ed6\u4eec\u7684\u7f51\u7ad9www.zoppasindustries.com\u4ee5\u83b7\u53d6\u66f4\u591a\u8be6\u7ec6\u4fe1\u606f\u3002\" \/>\n<meta name=\"robots\" content=\"index, follow, max-snippet:-1, max-image-preview:large, max-video-preview:-1\" \/>\n<meta property=\"og:locale\" content=\"zh_CN\" \/>\n<meta property=\"og:type\" content=\"article\" \/>\n<meta property=\"og:title\" content=\"\u91cd\u8981\u514d\u8d23\u58f0\u660e - Zoppas Industries\u4f50\u5e15\u65af\u5de5\u4e1a\" \/>\n<meta property=\"og:description\" content=\"\u8bf7\u8054\u7cfbI.R.C.A. S.p.A.\u4ee5\u83b7\u53d6\u4efb\u4f55\u54a8\u8be2\u6216\u8bf7\u6c42\u66f4\u591a\u4fe1\u606f\u3002\u8bf7\u8bbf\u95ee\u4ed6\u4eec\u7684\u7f51\u7ad9www.zoppasindustries.com\u4ee5\u83b7\u53d6\u66f4\u591a\u8be6\u7ec6\u4fe1\u606f\u3002\" \/>\n<meta property=\"og:url\" content=\"https:\/\/zoppasindustries.com\/zh\/disclaimer_05062015\/\" \/>\n<meta property=\"og:site_name\" content=\"Zoppas Industries\u4f50\u5e15\u65af\u5de5\u4e1a\" \/>\n<meta property=\"article:modified_time\" content=\"2023-12-05T09:54:20+00:00\" \/>\n<meta name=\"twitter:card\" content=\"summary_large_image\" \/>\n<meta name=\"twitter:label1\" content=\"\u9884\u8ba1\u9605\u8bfb\u65f6\u95f4\" \/>\n\t<meta name=\"twitter:data1\" content=\"3 \u5206\" \/>\n<script type=\"application\/ld+json\" class=\"yoast-schema-graph\">{\"@context\":\"https:\/\/schema.org\",\"@graph\":[{\"@type\":\"WebPage\",\"@id\":\"https:\/\/zoppasindustries.com\/zh\/disclaimer_05062015\/\",\"url\":\"https:\/\/zoppasindustries.com\/zh\/disclaimer_05062015\/\",\"name\":\"\u91cd\u8981\u514d\u8d23\u58f0\u660e - Zoppas Industries\u4f50\u5e15\u65af\u5de5\u4e1a\",\"isPartOf\":{\"@id\":\"https:\/\/zoppasindustries.com\/zh\/#website\"},\"datePublished\":\"2015-05-25T16:49:48+00:00\",\"dateModified\":\"2023-12-05T09:54:20+00:00\",\"description\":\"\u8bf7\u8054\u7cfbI.R.C.A. S.p.A.\u4ee5\u83b7\u53d6\u4efb\u4f55\u54a8\u8be2\u6216\u8bf7\u6c42\u66f4\u591a\u4fe1\u606f\u3002\u8bf7\u8bbf\u95ee\u4ed6\u4eec\u7684\u7f51\u7ad9www.zoppasindustries.com\u4ee5\u83b7\u53d6\u66f4\u591a\u8be6\u7ec6\u4fe1\u606f\u3002\",\"breadcrumb\":{\"@id\":\"https:\/\/zoppasindustries.com\/zh\/disclaimer_05062015\/#breadcrumb\"},\"inLanguage\":\"zh-Hans\",\"potentialAction\":[{\"@type\":\"ReadAction\",\"target\":[[\"https:\/\/zoppasindustries.com\/zh\/disclaimer_05062015\/\"]]}]},{\"@type\":\"BreadcrumbList\",\"@id\":\"https:\/\/zoppasindustries.com\/zh\/disclaimer_05062015\/#breadcrumb\",\"itemListElement\":[{\"@type\":\"ListItem\",\"position\":1,\"name\":\"Home\",\"item\":\"https:\/\/zoppasindustries.com\/zh\/\"},{\"@type\":\"ListItem\",\"position\":2,\"name\":\"Disclaimer importante\"}]},{\"@type\":\"WebSite\",\"@id\":\"https:\/\/zoppasindustries.com\/zh\/#website\",\"url\":\"https:\/\/zoppasindustries.com\/zh\/\",\"name\":\"Zoppas Industries\u4f50\u5e15\u65af\u5de5\u4e1a\",\"description\":\"\",\"potentialAction\":[{\"@type\":\"SearchAction\",\"target\":{\"@type\":\"EntryPoint\",\"urlTemplate\":\"https:\/\/zoppasindustries.com\/zh\/?s={search_term_string}\"},\"query-input\":{\"@type\":\"PropertyValueSpecification\",\"valueRequired\":true,\"valueName\":\"search_term_string\"}}],\"inLanguage\":\"zh-Hans\"}]}<\/script>\n<!-- \/ Yoast SEO plugin. -->","yoast_head_json":{"title":"\u91cd\u8981\u514d\u8d23\u58f0\u660e - Zoppas Industries\u4f50\u5e15\u65af\u5de5\u4e1a","description":"\u8bf7\u8054\u7cfbI.R.C.A. S.p.A.\u4ee5\u83b7\u53d6\u4efb\u4f55\u54a8\u8be2\u6216\u8bf7\u6c42\u66f4\u591a\u4fe1\u606f\u3002\u8bf7\u8bbf\u95ee\u4ed6\u4eec\u7684\u7f51\u7ad9www.zoppasindustries.com\u4ee5\u83b7\u53d6\u66f4\u591a\u8be6\u7ec6\u4fe1\u606f\u3002","robots":{"index":"index","follow":"follow","max-snippet":"max-snippet:-1","max-image-preview":"max-image-preview:large","max-video-preview":"max-video-preview:-1"},"og_locale":"zh_CN","og_type":"article","og_title":"\u91cd\u8981\u514d\u8d23\u58f0\u660e - Zoppas Industries\u4f50\u5e15\u65af\u5de5\u4e1a","og_description":"\u8bf7\u8054\u7cfbI.R.C.A. S.p.A.\u4ee5\u83b7\u53d6\u4efb\u4f55\u54a8\u8be2\u6216\u8bf7\u6c42\u66f4\u591a\u4fe1\u606f\u3002\u8bf7\u8bbf\u95ee\u4ed6\u4eec\u7684\u7f51\u7ad9www.zoppasindustries.com\u4ee5\u83b7\u53d6\u66f4\u591a\u8be6\u7ec6\u4fe1\u606f\u3002","og_url":"https:\/\/zoppasindustries.com\/zh\/disclaimer_05062015\/","og_site_name":"Zoppas Industries\u4f50\u5e15\u65af\u5de5\u4e1a","article_modified_time":"2023-12-05T09:54:20+00:00","twitter_card":"summary_large_image","twitter_misc":{"\u9884\u8ba1\u9605\u8bfb\u65f6\u95f4":"3 \u5206"},"schema":{"@context":"https:\/\/schema.org","@graph":[{"@type":"WebPage","@id":"https:\/\/zoppasindustries.com\/zh\/disclaimer_05062015\/","url":"https:\/\/zoppasindustries.com\/zh\/disclaimer_05062015\/","name":"\u91cd\u8981\u514d\u8d23\u58f0\u660e - Zoppas Industries\u4f50\u5e15\u65af\u5de5\u4e1a","isPartOf":{"@id":"https:\/\/zoppasindustries.com\/zh\/#website"},"datePublished":"2015-05-25T16:49:48+00:00","dateModified":"2023-12-05T09:54:20+00:00","description":"\u8bf7\u8054\u7cfbI.R.C.A. S.p.A.\u4ee5\u83b7\u53d6\u4efb\u4f55\u54a8\u8be2\u6216\u8bf7\u6c42\u66f4\u591a\u4fe1\u606f\u3002\u8bf7\u8bbf\u95ee\u4ed6\u4eec\u7684\u7f51\u7ad9www.zoppasindustries.com\u4ee5\u83b7\u53d6\u66f4\u591a\u8be6\u7ec6\u4fe1\u606f\u3002","breadcrumb":{"@id":"https:\/\/zoppasindustries.com\/zh\/disclaimer_05062015\/#breadcrumb"},"inLanguage":"zh-Hans","potentialAction":[{"@type":"ReadAction","target":[["https:\/\/zoppasindustries.com\/zh\/disclaimer_05062015\/"]]}]},{"@type":"BreadcrumbList","@id":"https:\/\/zoppasindustries.com\/zh\/disclaimer_05062015\/#breadcrumb","itemListElement":[{"@type":"ListItem","position":1,"name":"Home","item":"https:\/\/zoppasindustries.com\/zh\/"},{"@type":"ListItem","position":2,"name":"Disclaimer importante"}]},{"@type":"WebSite","@id":"https:\/\/zoppasindustries.com\/zh\/#website","url":"https:\/\/zoppasindustries.com\/zh\/","name":"Zoppas Industries\u4f50\u5e15\u65af\u5de5\u4e1a","description":"","potentialAction":[{"@type":"SearchAction","target":{"@type":"EntryPoint","urlTemplate":"https:\/\/zoppasindustries.com\/zh\/?s={search_term_string}"},"query-input":{"@type":"PropertyValueSpecification","valueRequired":true,"valueName":"search_term_string"}}],"inLanguage":"zh-Hans"}]}},"_links":{"self":[{"href":"https:\/\/zoppasindustries.com\/zh\/wp-json\/wp\/v2\/pages\/2551","targetHints":{"allow":["GET"]}}],"collection":[{"href":"https:\/\/zoppasindustries.com\/zh\/wp-json\/wp\/v2\/pages"}],"about":[{"href":"https:\/\/zoppasindustries.com\/zh\/wp-json\/wp\/v2\/types\/page"}],"author":[{"embeddable":true,"href":"https:\/\/zoppasindustries.com\/zh\/wp-json\/wp\/v2\/users\/1"}],"replies":[{"embeddable":true,"href":"https:\/\/zoppasindustries.com\/zh\/wp-json\/wp\/v2\/comments?post=2551"}],"version-history":[{"count":4,"href":"https:\/\/zoppasindustries.com\/zh\/wp-json\/wp\/v2\/pages\/2551\/revisions"}],"predecessor-version":[{"id":20546,"href":"https:\/\/zoppasindustries.com\/zh\/wp-json\/wp\/v2\/pages\/2551\/revisions\/20546"}],"wp:attachment":[{"href":"https:\/\/zoppasindustries.com\/zh\/wp-json\/wp\/v2\/media?parent=2551"}],"curies":[{"name":"wp","href":"https:\/\/api.w.org\/{rel}","templated":true}]}}